 {"id":612,"date":"2024-07-23T09:57:23","date_gmt":"2024-07-23T14:57:23","guid":{"rendered":"http:\/\/guid"},"modified":"2025-10-27T11:36:11","modified_gmt":"2025-10-27T16:36:11","slug":"asopadres","status":"publish","type":"page","link":"https:\/\/marymountbq.edu.co\/site\/asopadres\/","title":{"rendered":"Asopadres"},"content":{"rendered":"\n<div class=\"wp-block-cover alignfull\" style=\"margin-top:0;margin-bottom:0;padding-top:0;padding-right:25px;padding-bottom:0;padding-left:25px;min-height:571px;aspect-ratio:unset;\"><img fetchpriority=\"high\" decoding=\"async\" width=\"1290\" height=\"967\" class=\"wp-block-cover__image-background wp-image-3837 size-full\" alt=\"\" src=\"https:\/\/marymountbq.edu.co\/site\/wp-content\/uploads\/2025\/06\/IMG_8257.jpg\" style=\"object-position:55% 30%\" data-object-fit=\"cover\" data-object-position=\"55% 30%\" srcset=\"https:\/\/marymountbq.edu.co\/site\/wp-content\/uploads\/2025\/06\/IMG_8257.jpg 1290w, https:\/\/marymountbq.edu.co\/site\/wp-content\/uploads\/2025\/06\/IMG_8257-300x225.jpg 300w, https:\/\/marymountbq.edu.co\/site\/wp-content\/uploads\/2025\/06\/IMG_8257-1024x768.jpg 1024w, https:\/\/marymountbq.edu.co\/site\/wp-content\/uploads\/2025\/06\/IMG_8257-768x576.jpg 768w\" sizes=\"(max-width: 1290px) 100vw, 1290px\" \/><span aria-hidden=\"true\" class=\"wp-block-cover__background has-background-dim-70 has-background-dim\" style=\"background-color:#1f2d55\"><\/span><div class=\"wp-block-cover__inner-container is-layout-constrained wp-container-core-cover-is-layout-cb7ecf1f wp-block-cover-is-layout-constrained\">\n<h1 class=\"wp-block-heading has-text-align-left has-x-large-font-size\">Asopadres<\/h1>\n<\/div><\/div>\n\n\n\n<p class=\"has-text-align-left has-foreground-color has-text-color has-link-color wp-elements-9d5dd126810021084f70c5568af42201\" style=\"margin-top:var(--wp--preset--spacing--60);margin-right:0;margin-bottom:var(--wp--preset--spacing--60);margin-left:0;padding-right:25px;padding-left:25px;font-size:clamp(14px, 0.875rem + ((1vw - 3.2px) * 0.375), 20px);\">En la Asociaci\u00f3n de Padres de Familia, Asopadres Marymount, promovemos la corresponsabilidad de los padres en la formaci\u00f3n de sus hijos de una manera proactiva, consolidando iniciativas y proyectos alineados al plan estrat\u00e9gico del Marymount Mission 2026. Nuestro prop\u00f3sito es inspirar y materializar proyectos para fortalecer familias integrales en beneficio de nuestra comunidad Marymount. <br><br>Nuestro prop\u00f3sito es inspirar y materializar proyectos para fortalecer familias integrales en beneficio de nuestra comunidad Marymount.<\/p>\n\n\n\n<p><\/p>\n","protected":false},"excerpt":{"rendered":"<p>En la Asociaci\u00f3n de Padres de Familia, Asopadres Marymount, promovemos la corresponsabilidad de los padres en la formaci\u00f3n de sus hijos de una manera proactiva, consolidando iniciativas y proyectos alineados al plan estrat\u00e9gico del Marymount Mission 2026. Nuestro prop\u00f3sito es inspirar y materializar proyectos para fortalecer familias integrales en beneficio de nuestra comunidad Marymount. Nuestro&#8230;<\/p>\n","protected":false},"author":2,"featured_media":0,"parent":0,"menu_order":0,"comment_status":"closed","ping_status":"closed","template":"","meta":{"footnotes":""},"class_list":["post-612","page","type-page","status-publish","hentry"],"_links":{"self":[{"href":"https:\/\/marymountbq.edu.co\/site\/wp-json\/wp\/v2\/pages\/612","targetHints":{"allow":["GET"]}}],"collection":[{"href":"https:\/\/marymountbq.edu.co\/site\/wp-json\/wp\/v2\/pages"}],"about":[{"href":"https:\/\/marymountbq.edu.co\/site\/wp-json\/wp\/v2\/types\/page"}],"author":[{"embeddable":true,"href":"https:\/\/marymountbq.edu.co\/site\/wp-json\/wp\/v2\/users\/2"}],"replies":[{"embeddable":true,"href":"https:\/\/marymountbq.edu.co\/site\/wp-json\/wp\/v2\/comments?post=612"}],"version-history":[{"count":23,"href":"https:\/\/marymountbq.edu.co\/site\/wp-json\/wp\/v2\/pages\/612\/revisions"}],"predecessor-version":[{"id":5372,"href":"https:\/\/marymountbq.edu.co\/site\/wp-json\/wp\/v2\/pages\/612\/revisions\/5372"}],"wp:attachment":[{"href":"https:\/\/marymountbq.edu.co\/site\/wp-json\/wp\/v2\/media?parent=612"}],"curies":[{"name":"wp","href":"https:\/\/api.w.org\/{rel}","templated":true}]}}