 {"id":611,"date":"2024-07-24T09:42:21","date_gmt":"2024-07-24T14:42:21","guid":{"rendered":"http:\/\/guid"},"modified":"2025-11-04T12:05:02","modified_gmt":"2025-11-04T17:05:02","slug":"fundacion-ewo","status":"publish","type":"page","link":"https:\/\/marymountbq.edu.co\/site\/fundacion-ewo\/","title":{"rendered":"Fundaci\u00f3n EWO"},"content":{"rendered":"\n<div class=\"wp-block-cover alignwide\" style=\"min-height:533px;aspect-ratio:unset;\"><img fetchpriority=\"high\" decoding=\"async\" width=\"5184\" height=\"3456\" class=\"wp-block-cover__image-background wp-image-921 size-full\" alt=\"\" src=\"https:\/\/marymountbq.edu.co\/site\/wp-content\/uploads\/2024\/07\/fachadamarymount2-1.jpg\" data-object-fit=\"cover\"\/><span aria-hidden=\"true\" class=\"wp-block-cover__background has-black-background-color has-background-dim-70 has-background-dim\"><\/span><div class=\"wp-block-cover__inner-container is-layout-constrained wp-block-cover-is-layout-constrained\">\n<p class=\"has-text-align-left has-poppins-font-family has-x-large-font-size\"><strong>Fundaci\u00f3n EWO<\/strong><\/p>\n<\/div><\/div>\n\n\n\n<div class=\"wp-block-columns is-layout-flex wp-container-core-columns-is-layout-8d65cec6 wp-block-columns-is-layout-flex\" style=\"padding-right:0px;padding-left:0px\">\n<div class=\"wp-block-column is-layout-flow wp-container-core-column-is-layout-c2c64d53 wp-block-column-is-layout-flow\" style=\"padding-right:0;padding-left:0;flex-basis:50%\">\n<p class=\"has-foreground-color has-text-color has-link-color has-medium-font-size wp-elements-a9fdf6dabb1bbf3fe22a6b48e8299b2d\" style=\"margin-top:var(--wp--preset--spacing--60);margin-bottom:var(--wp--preset--spacing--60);padding-right:var(--wp--preset--spacing--50);padding-left:var(--wp--preset--spacing--50)\"><strong>La fundaci\u00f3n EWO<\/strong>&nbsp;busca impactar positivamente la sociedad contribuyendo a la transformaci\u00f3n de mujeres y su entorno, mediante un modelo sostenible liderado por el Colegio Marymount. Integra a una comunidad de gestores, aliados y promotores, para formar en liderazgo emprendedor a mujeres en situaci\u00f3n de vulnerabilidad del \u00c1rea Metropolitana de Barranquilla.<\/p>\n\n\n\n<p class=\"has-foreground-color has-text-color has-link-color has-medium-font-size wp-elements-804bac1822b47ec5d1e60faa4e5ebe3d\" style=\"padding-right:var(--wp--preset--spacing--50);padding-left:var(--wp--preset--spacing--50)\">EWO tiene su programa bandera que es el&nbsp;<strong>Colegio Sister Johanna (antes Fundemabu)<\/strong>&nbsp;una instituci\u00f3n que lleva 59 a\u00f1os formando ni\u00f1as y j\u00f3venes integrales, bajo un excelente nivel acad\u00e9mico, biling\u00fces y preparadas con valores y principios para liderar su proyecto de vida y transformar su entorno y el mundo que las rodea. El 100% de los fondos de EWO est\u00e1n destinados a la educaci\u00f3n de ni\u00f1as y j\u00f3venes en situaci\u00f3n de vulnerabilidad que se preparan, en el Colegio Sister Johanna, para ser mujeres l\u00edderes emprendedoras capaces de transformar su mundo.<\/p>\n\n\n\n<figure class=\"wp-block-image aligncenter size-full is-resized\" style=\"margin-top:var(--wp--preset--spacing--40);margin-right:var(--wp--preset--spacing--40);margin-bottom:var(--wp--preset--spacing--40);margin-left:var(--wp--preset--spacing--40)\"><img decoding=\"async\" width=\"5184\" height=\"3456\" src=\"https:\/\/marymountbq.edu.co\/site\/wp-content\/uploads\/2024\/07\/colegio-sister-johanna.jpg\" alt=\"\" class=\"wp-image-870\" style=\"width:311px;height:auto\"\/><\/figure>\n<\/div>\n\n\n\n<div class=\"wp-block-column is-layout-flow wp-container-core-column-is-layout-d6703984 wp-block-column-is-layout-flow\" style=\"padding-top:var(--wp--preset--spacing--50);padding-right:0;padding-bottom:var(--wp--preset--spacing--50);padding-left:0;flex-basis:50%\">\n<figure class=\"wp-block-embed aligncenter is-type-video is-provider-youtube wp-block-embed-youtube wp-embed-aspect-16-9 wp-has-aspect-ratio\" style=\"margin-top:var(--wp--preset--spacing--50);margin-bottom:var(--wp--preset--spacing--50)\"><div class=\"wp-block-embed__wrapper\">\n<iframe title=\"Apoya al colegio Sister Johanna\" width=\"500\" height=\"281\" src=\"https:\/\/www.youtube.com\/embed\/3KR9GsuvZW0?feature=oembed\" frameborder=\"0\" allow=\"accelerometer; autoplay; clipboard-write; encrypted-media; gyroscope; picture-in-picture; web-share\" referrerpolicy=\"strict-origin-when-cross-origin\" allowfullscreen><\/iframe>\n<\/div><\/figure>\n\n\n\n<p class=\"has-text-color has-link-color has-big-font-size wp-elements-de8fdf5cc3ac56b2a15f4fef9cd14e93\" style=\"color:#1f2d55;padding-right:var(--wp--preset--spacing--50);padding-left:var(--wp--preset--spacing--50)\"><strong>Acerca del Colegio Sister Johanna<\/strong><\/p>\n\n\n\n<p class=\"has-foreground-color has-text-color has-link-color has-medium-font-size wp-elements-9682a8391e523b3503b4d6e9db6fd573\" style=\"padding-right:var(--wp--preset--spacing--50);padding-left:var(--wp--preset--spacing--50)\">Es&nbsp;una instituci\u00f3n educativa cat\u00f3lica privada sin \u00e1nimo de lucro que busca fomentar el liderazgo emprendedor en mujeres en situaci\u00f3n de vulnerabilidad a trav\u00e9s de una educaci\u00f3n gratuita. Con m\u00e1s de 59 a\u00f1os formando a ni\u00f1as y j\u00f3venes entre 5 y 18 a\u00f1os, provenientes de diferentes barrios de la ciudad de Barranquilla, el colegio ofrece una educaci\u00f3n de alta calidad y valores, desde el nivel de transici\u00f3n a und\u00e9cimo grado. La instituci\u00f3n se&nbsp;est\u00e1 preparando para que el ingl\u00e9s sea su segunda lengua.<\/p>\n\n\n\n<h3 class=\"wp-block-heading has-text-color has-link-color has-big-font-size wp-elements-c6201afc870864651e0e133a1c30b97e\" style=\"color:#1f2d55;padding-right:var(--wp--preset--spacing--50);padding-left:var(--wp--preset--spacing--50)\">Modelo pedag\u00f3gico<\/h3>\n\n\n\n<p class=\"has-foreground-color has-text-color has-medium-font-size\" style=\"padding-right:var(--wp--preset--spacing--50);padding-left:var(--wp--preset--spacing--50)\">El Colegio Sister Johanna se basa en un modelo constructivista el cual busca que las estudiantes sean responsables de su propio aprendizaje y nuestros docentes sean la gu\u00eda. Los padres de familia acompa\u00f1an y supervisan el aprendizaje. Es un aprendizaje basado en proyectos y problemas (ABPyP), promueve la comprensi\u00f3n (APC) y contextualizaci\u00f3n de lo aprendido. Se fundamenta &nbsp;en evaluaciones formativas.<\/p>\n\n\n\n<div class=\"wp-block-columns is-layout-flex wp-container-core-columns-is-layout-14cf5ab5 wp-block-columns-is-layout-flex\">\n<div class=\"wp-block-column is-layout-flow wp-block-column-is-layout-flow\">\n<div class=\"wp-block-buttons is-content-justification-center is-layout-flex wp-container-core-buttons-is-layout-a89b3969 wp-block-buttons-is-layout-flex\">\n<div class=\"wp-block-button\"><a class=\"wp-block-button__link wp-element-button\" href=\"https:\/\/www.ewo.org.co\/\" style=\"padding-top:var(--wp--preset--spacing--50);padding-right:var(--wp--preset--spacing--50);padding-bottom:var(--wp--preset--spacing--50);padding-left:var(--wp--preset--spacing--50)\" target=\"_blank\" rel=\"noreferrer noopener\">Conoce m\u00e1s de ewo aqu\u00ed<\/a><\/div>\n<\/div>\n<\/div>\n\n\n\n<div class=\"wp-block-column is-layout-flow wp-block-column-is-layout-flow\">\n<div class=\"wp-block-buttons is-content-justification-center is-layout-flex wp-container-core-buttons-is-layout-a89b3969 wp-block-buttons-is-layout-flex\">\n<div class=\"wp-block-button\"><a class=\"wp-block-button__link wp-element-button\" href=\"http:\/\/colsisterjohanna.edu.co\/\" style=\"padding-top:var(--wp--preset--spacing--30);padding-right:var(--wp--preset--spacing--30);padding-bottom:var(--wp--preset--spacing--30);padding-left:var(--wp--preset--spacing--30)\" target=\"_blank\" rel=\"noreferrer noopener\">Conoce m\u00e1s del Colegio Sister Johanna aqu\u00ed<\/a><\/div>\n<\/div>\n<\/div>\n<\/div>\n\n\n\n<p><\/p>\n<\/div>\n<\/div>\n\n\n\n<p><\/p>\n","protected":false},"excerpt":{"rendered":"<p>La fundaci\u00f3n EWO&nbsp;busca impactar positivamente la sociedad contribuyendo a la transformaci\u00f3n de mujeres y su entorno, mediante un modelo sostenible liderado por el Colegio Marymount. Integra a una comunidad de gestores, aliados y promotores, para formar en liderazgo emprendedor a mujeres en situaci\u00f3n de vulnerabilidad del \u00c1rea Metropolitana de Barranquilla. EWO tiene su programa bandera&#8230;<\/p>\n","protected":false},"author":2,"featured_media":0,"parent":0,"menu_order":0,"comment_status":"closed","ping_status":"closed","template":"","meta":{"footnotes":""},"class_list":["post-611","page","type-page","status-publish","hentry"],"_links":{"self":[{"href":"https:\/\/marymountbq.edu.co\/site\/wp-json\/wp\/v2\/pages\/611","targetHints":{"allow":["GET"]}}],"collection":[{"href":"https:\/\/marymountbq.edu.co\/site\/wp-json\/wp\/v2\/pages"}],"about":[{"href":"https:\/\/marymountbq.edu.co\/site\/wp-json\/wp\/v2\/types\/page"}],"author":[{"embeddable":true,"href":"https:\/\/marymountbq.edu.co\/site\/wp-json\/wp\/v2\/users\/2"}],"replies":[{"embeddable":true,"href":"https:\/\/marymountbq.edu.co\/site\/wp-json\/wp\/v2\/comments?post=611"}],"version-history":[{"count":19,"href":"https:\/\/marymountbq.edu.co\/site\/wp-json\/wp\/v2\/pages\/611\/revisions"}],"predecessor-version":[{"id":5490,"href":"https:\/\/marymountbq.edu.co\/site\/wp-json\/wp\/v2\/pages\/611\/revisions\/5490"}],"wp:attachment":[{"href":"https:\/\/marymountbq.edu.co\/site\/wp-json\/wp\/v2\/media?parent=611"}],"curies":[{"name":"wp","href":"https:\/\/api.w.org\/{rel}","templated":true}]}}