 {"id":598,"date":"2024-07-24T10:32:04","date_gmt":"2024-07-24T15:32:04","guid":{"rendered":"http:\/\/guid"},"modified":"2025-11-06T00:06:10","modified_gmt":"2025-11-06T05:06:10","slug":"rshm-network-of-schools","status":"publish","type":"page","link":"https:\/\/marymountbq.edu.co\/site\/rshm-network-of-schools\/","title":{"rendered":"RSHM Network of Schools"},"content":{"rendered":"\n<div class=\"wp-block-cover alignwide\" style=\"min-height:523px;aspect-ratio:unset;\"><img fetchpriority=\"high\" decoding=\"async\" width=\"5184\" height=\"3456\" class=\"wp-block-cover__image-background wp-image-921 size-full\" alt=\"\" src=\"https:\/\/marymountbq.edu.co\/site\/wp-content\/uploads\/2024\/07\/fachadamarymount2-1.jpg\" data-object-fit=\"cover\"\/><span aria-hidden=\"true\" class=\"wp-block-cover__background has-black-background-color has-background-dim-70 has-background-dim\"><\/span><div class=\"wp-block-cover__inner-container is-layout-constrained wp-container-core-cover-is-layout-c5bc7ae0 wp-block-cover-is-layout-constrained\">\n<p class=\"has-text-align-left has-x-large-font-size\"><strong>RSHM Network of Schools<\/strong><\/p>\n<\/div><\/div>\n\n\n\n<p class=\"has-primary-color has-text-color has-link-color has-medium-font-size wp-elements-c84733662fb3f7cf561fdeb8216492df\" style=\"margin-top:var(--wp--preset--spacing--50);margin-bottom:0;padding-right:var(--wp--preset--spacing--50);padding-left:var(--wp--preset--spacing--50)\">Marymount Barranquilla es miembro de la Red Global de colegios fundados por las Religiosas del Sagrado Coraz\u00f3n de Mar\u00eda (RSHM), una red de colegios alrededor del mundo que tiene como objetivo mantener viva la filosof\u00eda de los fundadores de la congregaci\u00f3n RSHM, P\u00e8re Jean Gailhac y Saint M\u00e8re Jean.<br><\/p>\n\n\n\n<p class=\"has-primary-color has-text-color has-link-color has-medium-font-size wp-elements-56400711888b6a8c31a5c710ad413718\" style=\"margin-top:var(--wp--preset--spacing--50);margin-bottom:0;padding-right:var(--wp--preset--spacing--50);padding-left:var(--wp--preset--spacing--50)\">Cada a\u00f1o, miembros de los diferentes colegios alrededor del mundo, se re\u00fanen para fortalecer la filosof\u00eda y misi\u00f3n que los une, conocer las proyecciones hacia el futuro y estimular la creatividad y el entusiasmo de cada colegio para continuar respondiendo a los desaf\u00edos de la &#8220;comunidad global\u201d.<br><\/p>\n\n\n\n<p class=\"has-primary-color has-text-color has-link-color has-medium-font-size wp-elements-6bfc585c390896ab1778c745300bf522\" style=\"margin-top:var(--wp--preset--spacing--50);margin-bottom:0;padding-right:var(--wp--preset--spacing--50);padding-left:var(--wp--preset--spacing--50)\">Llamados por Jesucristo a la plenitud de la vida, inspirados en los valores del Evangelio y en la herencia educativa del Instituto de las Religiosas del Sagrado Coraz\u00f3n de Mar\u00eda &#8220;que todo tenga vida&#8221;, la misi\u00f3n de la red global de los colegios RSHM es: &#8220;Fomentar el don de la internacionalidad y ampliar el compromiso con la transformaci\u00f3n del mundo a trav\u00e9s de la educaci\u00f3n&#8221;&nbsp;<\/p>\n\n\n\n<div style=\"height:32px\" aria-hidden=\"true\" class=\"wp-block-spacer\"><\/div>\n\n\n\n<p class=\"has-foreground-color has-text-color has-link-color has-medium-font-size wp-elements-d2f86b903ca7405034801aab7daf29cb\" style=\"padding-right:var(--wp--preset--spacing--50);padding-left:var(--wp--preset--spacing--50)\"><strong>Como miembros de la red, nos comprometemos a:<\/strong><\/p>\n\n\n\n<p class=\"has-primary-color has-text-color has-link-color has-medium-font-size wp-elements-491a78d2b7a1df36fdef52eaad5e9888\" style=\"padding-right:var(--wp--preset--spacing--50);padding-left:var(--wp--preset--spacing--50)\"><strong>&#8211;<\/strong>Guiar a nuestros profesionales y formar la comunidad escolar en la historia, carisma e espiritualidad del RSHM.<\/p>\n\n\n\n<p class=\"has-primary-color has-text-color has-link-color has-medium-font-size wp-elements-bca20231dcd216e1382793db0c15b768\" style=\"padding-right:var(--wp--preset--spacing--50);padding-left:var(--wp--preset--spacing--50)\"><strong>&#8211;<\/strong>Educar para un mundo multicultural y multirreligioso.<\/p>\n\n\n\n<p class=\"has-primary-color has-text-color has-link-color has-medium-font-size wp-elements-3b757e11942ed18b66350e0b69f50c5c\" style=\"padding-right:var(--wp--preset--spacing--50);padding-left:var(--wp--preset--spacing--50)\"><strong>&#8211;<\/strong>Trabajar para educar y actuar por las causas de la humanidad y la creaci\u00f3n.<\/p>\n\n\n\n<p class=\"has-primary-color has-text-color has-link-color has-medium-font-size wp-elements-75ceea72a7c86b6a062b573020a81609\" style=\"padding-right:var(--wp--preset--spacing--50);padding-left:var(--wp--preset--spacing--50)\"><strong>&#8211;<\/strong>Preparar a nuestros estudiantes para que se conviertan en l\u00edderes agentes de la transformaci\u00f3n y la justicia.&nbsp;<\/p>\n\n\n\n<div style=\"height:32px\" aria-hidden=\"true\" class=\"wp-block-spacer\"><\/div>\n\n\n\n<p class=\"has-primary-color has-text-color has-link-color has-medium-font-size wp-elements-0a7c653e21c983f53209e3487226e0ee\" style=\"padding-right:var(--wp--preset--spacing--50);padding-left:var(--wp--preset--spacing--50)\">Hoy en d\u00eda, 19 colegios de 8 pa\u00edses pertenecen a la red global RSHM: Inglaterra, Francia, Portugal, Italia, Estados Unidos, M\u00e9xico, Brasil y Colombia. Pertenecer a esta red es de gran importancia para nuestro colegio y comunidad pues nos da una proyecci\u00f3n internacional, fortalece nuestros or\u00edgenes y nos proyecta con estabilidad hacia el futuro.<\/p>\n\n\n\n<div style=\"height:32px\" aria-hidden=\"true\" class=\"wp-block-spacer\"><\/div>\n\n\n\n<figure class=\"wp-block-image aligncenter size-large is-resized\"><img decoding=\"async\" width=\"1024\" height=\"595\" src=\"https:\/\/marymountbq.edu.co\/site\/wp-content\/uploads\/2025\/08\/Captura-de-pantalla-2025-08-06-a-las-11.23.22-a.m-1024x595.png\" alt=\"\" class=\"wp-image-4025\" style=\"width:1450px;height:auto\" srcset=\"https:\/\/marymountbq.edu.co\/site\/wp-content\/uploads\/2025\/08\/Captura-de-pantalla-2025-08-06-a-las-11.23.22-a.m-1024x595.png 1024w, https:\/\/marymountbq.edu.co\/site\/wp-content\/uploads\/2025\/08\/Captura-de-pantalla-2025-08-06-a-las-11.23.22-a.m-300x174.png 300w, https:\/\/marymountbq.edu.co\/site\/wp-content\/uploads\/2025\/08\/Captura-de-pantalla-2025-08-06-a-las-11.23.22-a.m-768x447.png 768w, https:\/\/marymountbq.edu.co\/site\/wp-content\/uploads\/2025\/08\/Captura-de-pantalla-2025-08-06-a-las-11.23.22-a.m-1536x893.png 1536w, https:\/\/marymountbq.edu.co\/site\/wp-content\/uploads\/2025\/08\/Captura-de-pantalla-2025-08-06-a-las-11.23.22-a.m-2048x1191.png 2048w\" sizes=\"(max-width: 1024px) 100vw, 1024px\" \/><\/figure>\n\n\n\n<div style=\"height:32px\" aria-hidden=\"true\" class=\"wp-block-spacer\"><\/div>\n\n\n\n<div class=\"wp-block-buttons is-content-justification-center is-layout-flex wp-container-core-buttons-is-layout-48d0e691 wp-block-buttons-is-layout-flex\" style=\"margin-top:var(--wp--preset--spacing--60);margin-bottom:var(--wp--preset--spacing--60)\">\n<div class=\"wp-block-button\"><a class=\"wp-block-button__link has-medium-font-size has-custom-font-size wp-element-button\" href=\"https:\/\/globalnetworkrshm.com\/\" target=\"_blank\" rel=\"noreferrer noopener\">Conoce m\u00e1s del RSHM aqu\u00ed <\/a><\/div>\n<\/div>\n","protected":false},"excerpt":{"rendered":"<p>Marymount Barranquilla es miembro de la Red Global de colegios fundados por las Religiosas del Sagrado Coraz\u00f3n de Mar\u00eda (RSHM), una red de colegios alrededor del mundo que tiene como objetivo mantener viva la filosof\u00eda de los fundadores de la congregaci\u00f3n RSHM, P\u00e8re Jean Gailhac y Saint M\u00e8re Jean. Cada a\u00f1o, miembros de los diferentes&#8230;<\/p>\n","protected":false},"author":2,"featured_media":0,"parent":0,"menu_order":0,"comment_status":"closed","ping_status":"closed","template":"","meta":{"footnotes":""},"class_list":["post-598","page","type-page","status-publish","hentry"],"_links":{"self":[{"href":"https:\/\/marymountbq.edu.co\/site\/wp-json\/wp\/v2\/pages\/598","targetHints":{"allow":["GET"]}}],"collection":[{"href":"https:\/\/marymountbq.edu.co\/site\/wp-json\/wp\/v2\/pages"}],"about":[{"href":"https:\/\/marymountbq.edu.co\/site\/wp-json\/wp\/v2\/types\/page"}],"author":[{"embeddable":true,"href":"https:\/\/marymountbq.edu.co\/site\/wp-json\/wp\/v2\/users\/2"}],"replies":[{"embeddable":true,"href":"https:\/\/marymountbq.edu.co\/site\/wp-json\/wp\/v2\/comments?post=598"}],"version-history":[{"count":14,"href":"https:\/\/marymountbq.edu.co\/site\/wp-json\/wp\/v2\/pages\/598\/revisions"}],"predecessor-version":[{"id":5771,"href":"https:\/\/marymountbq.edu.co\/site\/wp-json\/wp\/v2\/pages\/598\/revisions\/5771"}],"wp:attachment":[{"href":"https:\/\/marymountbq.edu.co\/site\/wp-json\/wp\/v2\/media?parent=598"}],"curies":[{"name":"wp","href":"https:\/\/api.w.org\/{rel}","templated":true}]}}