 {"id":589,"date":"2024-07-23T13:56:41","date_gmt":"2024-07-23T18:56:41","guid":{"rendered":"http:\/\/guid"},"modified":"2025-11-06T00:11:11","modified_gmt":"2025-11-06T05:11:11","slug":"servicios","status":"publish","type":"page","link":"https:\/\/marymountbq.edu.co\/site\/servicios\/","title":{"rendered":"Servicios"},"content":{"rendered":"\n<div class=\"wp-block-cover alignwide\" style=\"min-height:529px;aspect-ratio:unset;\"><img fetchpriority=\"high\" decoding=\"async\" width=\"5184\" height=\"3456\" class=\"wp-block-cover__image-background wp-image-921 size-full\" alt=\"\" src=\"https:\/\/marymountbq.edu.co\/site\/wp-content\/uploads\/2024\/07\/fachadamarymount2-1.jpg\" data-object-fit=\"cover\"\/><span aria-hidden=\"true\" class=\"wp-block-cover__background has-black-background-color has-background-dim-70 has-background-dim\"><\/span><div class=\"wp-block-cover__inner-container is-layout-constrained wp-container-core-cover-is-layout-c5bc7ae0 wp-block-cover-is-layout-constrained\">\n<p class=\"has-text-align-left has-x-large-font-size\"><strong>Servicios<\/strong><\/p>\n<\/div><\/div>\n\n\n\n<div class=\"wp-block-columns are-vertically-aligned-center is-layout-flex wp-container-core-columns-is-layout-2cecb506 wp-block-columns-is-layout-flex\" style=\"margin-top:var(--wp--preset--spacing--60);margin-bottom:var(--wp--preset--spacing--60);padding-right:var(--wp--preset--spacing--50);padding-left:var(--wp--preset--spacing--50)\">\n<div class=\"wp-block-column is-vertically-aligned-center is-layout-flow wp-block-column-is-layout-flow\">\n<figure class=\"wp-block-image size-large\"><img decoding=\"async\" width=\"1024\" height=\"690\" src=\"https:\/\/marymountbq.edu.co\/site\/wp-content\/uploads\/2024\/07\/cafeteria1-1-1024x690.jpg\" alt=\"\" class=\"wp-image-874\" srcset=\"https:\/\/marymountbq.edu.co\/site\/wp-content\/uploads\/2024\/07\/cafeteria1-1-1024x690.jpg 1024w, https:\/\/marymountbq.edu.co\/site\/wp-content\/uploads\/2024\/07\/cafeteria1-1-300x202.jpg 300w, https:\/\/marymountbq.edu.co\/site\/wp-content\/uploads\/2024\/07\/cafeteria1-1-768x517.jpg 768w, https:\/\/marymountbq.edu.co\/site\/wp-content\/uploads\/2024\/07\/cafeteria1-1.jpg 1296w\" sizes=\"(max-width: 1024px) 100vw, 1024px\" \/><\/figure>\n<\/div>\n\n\n\n<div class=\"wp-block-column is-vertically-aligned-center is-layout-flow wp-block-column-is-layout-flow\">\n<h2 class=\"wp-block-heading has-text-align-left has-text-color has-x-large-font-size\" style=\"color:#1f2d55;padding-right:var(--wp--preset--spacing--20);padding-left:var(--wp--preset--spacing--20)\"><strong>Cafeter\u00eda<\/strong><\/h2>\n\n\n\n<p class=\"has-primary-color has-text-color has-medium-font-size\">Para el a\u00f1o escolar 2025-2026, EWO continuar\u00e1 ofreciendo el&nbsp;servicio&nbsp;de alimentaci\u00f3n por contrato mensual: merienda para estudiantes de Nursery a 3rd grade y almuerzos para estudiantes de 1st a 12th grade.<\/p>\n\n\n\n<p class=\"has-primary-color has-text-color has-medium-font-size\"><strong><mark style=\"background-color:rgba(0, 0, 0, 0)\" class=\"has-inline-color has-primary-color\">Valores por Contrato<\/mark><\/strong><\/p>\n\n\n\n<p class=\"has-primary-color has-text-color has-link-color has-poppins-font-family has-medium-font-size wp-elements-e3480995c1b7a7a3657231098959a39b\" style=\"font-style:normal;font-weight:400\">Merienda Preescolar y Elemental $ 185.000<br>Almuerzo Elemental&nbsp; $ 354.000<br>Almuerzo Bachillerato&nbsp; $ 440.000<br>Merienda y Almuerzo&nbsp;1st &#8211; 3rd&nbsp;$ 525.000<mark style=\"background-color:rgba(0, 0, 0, 0)\" class=\"has-inline-color has-foreground-color\"><br><br><\/mark><mark style=\"background-color:rgba(0, 0, 0, 0)\" class=\"has-inline-color has-primary-color\">Descuento del 5% por pago a\u00f1o completo.<\/mark><\/p>\n\n\n\n<p class=\"has-primary-color has-text-color has-link-color has-medium-font-size wp-elements-5d3435c4406b4c8aed21e0f2d2381717\">Contacto Alimentaci\u00f3n ewo: Dar\u00edo Cabrera<br><a href=\"mailto:dario.cabrera@ewo.org.co\" target=\"_blank\" rel=\"noreferrer noopener\">dario.cabrera@ewo.org.co<\/a><br>Cel:+57 323 343 7816<\/p>\n<\/div>\n<\/div>\n\n\n\n<div class=\"wp-block-columns are-vertically-aligned-center is-layout-flex wp-container-core-columns-is-layout-2cecb506 wp-block-columns-is-layout-flex\" style=\"margin-top:var(--wp--preset--spacing--60);margin-bottom:var(--wp--preset--spacing--60);padding-right:var(--wp--preset--spacing--50);padding-left:var(--wp--preset--spacing--50)\">\n<div class=\"wp-block-column is-vertically-aligned-center is-layout-flow wp-block-column-is-layout-flow\">\n<figure class=\"wp-block-image size-full\"><img decoding=\"async\" width=\"5184\" height=\"3456\" src=\"https:\/\/marymountbq.edu.co\/site\/wp-content\/uploads\/2024\/07\/snack-bars-1.jpg\" alt=\"\" class=\"wp-image-875\"\/><\/figure>\n<\/div>\n\n\n\n<div class=\"wp-block-column is-vertically-aligned-center is-layout-flow wp-block-column-is-layout-flow\">\n<p class=\"has-text-align-left has-text-color has-x-large-font-size\" style=\"color:#1f2d55;padding-right:var(--wp--preset--spacing--20);padding-left:var(--wp--preset--spacing--20)\"><strong>Snack bar<\/strong><\/p>\n\n\n\n<p class=\"has-text-align-left has-primary-color has-text-color has-medium-font-size\">Meriendas 4th-12th grade<\/p>\n\n\n\n<p class=\"has-text-align-left has-primary-color has-text-color has-medium-font-size\">Es el modelo de atenci\u00f3n que presta servicio de venta r\u00e1pida de bebidas, productos de pasteler\u00eda, mecatos, galletas, frutas, ensaladas y otros empacados, as\u00ed como snacks saludables, dentro de los edificios de elemental y bachillerato.<\/p>\n\n\n\n<p class=\"has-text-align-left has-primary-color has-text-color has-link-color has-poppins-font-family has-medium-font-size wp-elements-b68144490fc112ca6b5d67f69277a1c6\" style=\"font-style:normal;font-weight:400\">En total hay 5 snack bars. Snack Bar 1 &#8211; HS -1er Piso Snack Bar 2 &#8211; HS &#8211; 2do Piso Snack Bar 3 &#8211; HS &#8211; 2 Piso Seniors Snack Bar 4 &#8211; ES &#8211; 2 Piso Snack Bar 5- ES &#8211; 2 Piso.<\/p>\n\n\n\n<p class=\"has-text-align-left has-primary-color has-text-color has-link-color has-medium-font-size wp-elements-34a90cf9a01e8fa170f39ed02ac12aea\">Sistema de Informaci\u00f3n, recarga y medio de pago: BIOFOOD \u2022 Cada estudiante cuenta con una cuenta virtual que puede ser recargada cuantas veces necesite, seg\u00fan la decisi\u00f3n de los padres. \u2022 Se recarga en el BIOFOOD, un bot\u00f3n en la secci\u00f3n de padres en la p\u00e1gina web, o desde el APP de Biofood. Forma de Compra: \u2022 Los estudiantes se acercan al Snack Bar y con su huella en el sistema de informaci\u00f3n BIOFOOD escogen lo que deseen; entregan el tiquete al personal de mostrador, para recibir su pedido.<\/p>\n<\/div>\n<\/div>\n\n\n\n<div class=\"wp-block-columns are-vertically-aligned-center is-layout-flex wp-container-core-columns-is-layout-2cecb506 wp-block-columns-is-layout-flex\" style=\"margin-top:var(--wp--preset--spacing--60);margin-bottom:var(--wp--preset--spacing--60);padding-right:var(--wp--preset--spacing--50);padding-left:var(--wp--preset--spacing--50)\">\n<div class=\"wp-block-column is-vertically-aligned-center is-layout-flow wp-block-column-is-layout-flow\">\n<figure class=\"wp-block-image size-large\"><img loading=\"lazy\" decoding=\"async\" width=\"1024\" height=\"576\" src=\"https:\/\/marymountbq.edu.co\/site\/wp-content\/uploads\/2024\/07\/eagles-diner-marymount-2-1024x576.jpg\" alt=\"\" class=\"wp-image-878\" srcset=\"https:\/\/marymountbq.edu.co\/site\/wp-content\/uploads\/2024\/07\/eagles-diner-marymount-2-1024x576.jpg 1024w, https:\/\/marymountbq.edu.co\/site\/wp-content\/uploads\/2024\/07\/eagles-diner-marymount-2-300x169.jpg 300w, https:\/\/marymountbq.edu.co\/site\/wp-content\/uploads\/2024\/07\/eagles-diner-marymount-2-768x432.jpg 768w, https:\/\/marymountbq.edu.co\/site\/wp-content\/uploads\/2024\/07\/eagles-diner-marymount-2-1536x864.jpg 1536w, https:\/\/marymountbq.edu.co\/site\/wp-content\/uploads\/2024\/07\/eagles-diner-marymount-2.jpg 1650w\" sizes=\"(max-width: 1024px) 100vw, 1024px\" \/><\/figure>\n<\/div>\n\n\n\n<div class=\"wp-block-column is-vertically-aligned-center is-layout-flow wp-block-column-is-layout-flow\">\n<p class=\"has-text-align-left has-text-color has-x-large-font-size\" style=\"color:#1f2d55;padding-right:var(--wp--preset--spacing--20);padding-left:var(--wp--preset--spacing--20)\"><strong>Eagles<\/strong>\u2019<strong> Diner<\/strong><\/p>\n\n\n\n<p class=\"has-primary-color has-text-color has-medium-font-size\">Es el modelo de atenci\u00f3n tipo cafeter\u00eda que ofrece almuerzos balanceados y saludables a los estudiantes de 1st a 12th grade y colaboradores. Cuenta con dos (2) espacios separados, cada uno con mesas y sillas, con vitrinas calientes y punto de venta. Comparten una misma cocina.<br><br><strong>1st &#8211; 3rd grade<\/strong><br>(POR CONTRATO \u00daNICAMENTE) Horario: LUNCH (medio d\u00eda) Tipo de Alimentos: Men\u00fa diario tipo buffet, servido en vitrinas calientes, con dos opciones de prote\u00edna, dos opciones de carbohidrato y ensalada. Lugar: Ala Sur.<br><br><strong>4th \u2013 12th Grade<\/strong><br>(POR CONTRATO O POR RECARGA) Horario: LUNCH (medio d\u00eda) Tipo de Alimentos: Men\u00fa diario tipo buffet, servido en vitrinas calientes, con dos opciones de prote\u00edna, dos opciones de carbohidrato y ensalada. Lugar: Ala Central y Sur.<\/p>\n\n\n\n<p class=\"has-primary-color has-text-color has-medium-font-size\">Contacto Alimentaci\u00f3n ewo: Dar\u00edo Cabrera<br>dario.cabrera@ewo.org.co<br>Cel: 3228513982<\/p>\n<\/div>\n<\/div>\n\n\n\n<figure class=\"wp-block-image aligncenter size-full is-resized\" style=\"margin-top:var(--wp--preset--spacing--60);margin-right:var(--wp--preset--spacing--40);margin-bottom:var(--wp--preset--spacing--60);margin-left:var(--wp--preset--spacing--40)\"><img loading=\"lazy\" decoding=\"async\" width=\"1920\" height=\"1080\" src=\"https:\/\/marymountbq.edu.co\/site\/wp-content\/uploads\/2025\/09\/Servicios-Web-2.jpg\" alt=\"\" class=\"wp-image-5140\" style=\"width:911px;height:auto\" srcset=\"https:\/\/marymountbq.edu.co\/site\/wp-content\/uploads\/2025\/09\/Servicios-Web-2.jpg 1920w, https:\/\/marymountbq.edu.co\/site\/wp-content\/uploads\/2025\/09\/Servicios-Web-2-300x169.jpg 300w, https:\/\/marymountbq.edu.co\/site\/wp-content\/uploads\/2025\/09\/Servicios-Web-2-1024x576.jpg 1024w, https:\/\/marymountbq.edu.co\/site\/wp-content\/uploads\/2025\/09\/Servicios-Web-2-768x432.jpg 768w, https:\/\/marymountbq.edu.co\/site\/wp-content\/uploads\/2025\/09\/Servicios-Web-2-1536x864.jpg 1536w\" sizes=\"(max-width: 1920px) 100vw, 1920px\" \/><\/figure>\n\n\n\n<div class=\"wp-block-columns is-layout-flex wp-container-core-columns-is-layout-2cecb506 wp-block-columns-is-layout-flex\" style=\"margin-top:var(--wp--preset--spacing--60);margin-bottom:var(--wp--preset--spacing--60);padding-right:var(--wp--preset--spacing--50);padding-left:var(--wp--preset--spacing--50)\">\n<div class=\"wp-block-column is-vertically-aligned-center is-layout-flow wp-block-column-is-layout-flow\">\n<figure class=\"wp-block-image size-full\"><img loading=\"lazy\" decoding=\"async\" width=\"679\" height=\"379\" src=\"https:\/\/marymountbq.edu.co\/site\/wp-content\/uploads\/2024\/07\/transporte-relaturg.jpg\" alt=\"\" class=\"wp-image-880\" srcset=\"https:\/\/marymountbq.edu.co\/site\/wp-content\/uploads\/2024\/07\/transporte-relaturg.jpg 679w, https:\/\/marymountbq.edu.co\/site\/wp-content\/uploads\/2024\/07\/transporte-relaturg-300x167.jpg 300w\" sizes=\"(max-width: 679px) 100vw, 679px\" \/><\/figure>\n<\/div>\n\n\n\n<div class=\"wp-block-column is-layout-flow wp-block-column-is-layout-flow\">\n<h2 class=\"wp-block-heading has-text-color has-x-large-font-size\" style=\"color:#1f2d55;padding-right:var(--wp--preset--spacing--20);padding-left:var(--wp--preset--spacing--20)\"><strong>Transporte<\/strong><a href=\"https:\/\/www.marymountbq.edu.co\/web\/index.php#\"><\/a><a href=\"https:\/\/www.marymountbq.edu.co\/web\/index.php#\"><\/a><\/h2>\n\n\n\n<p class=\"has-primary-color has-text-color has-medium-font-size\"><a href=\"https:\/\/www.marymountbq.edu.co\/web\/index.php#\"><\/a>Para el a\u00f1o escolar&nbsp;<strong>2025- 2026<\/strong>, el colegio Marymount ofrecer\u00e1 servicio de transporte a trav\u00e9s de contrato directo entre los padres de familia y la empresa transportadora&nbsp;<strong>RELATURG<\/strong>.<br><\/p>\n\n\n\n<p class=\"has-primary-color has-text-color has-medium-font-size\">Para este nuevo a\u00f1o escolar, y cumpliendo con su prop\u00f3sito principal de brindarles un servicio de calidad y seguridad a todos nuestros estudiantes.<br><\/p>\n\n\n\n<p class=\"has-primary-color has-text-color has-link-color has-poppins-font-family has-medium-font-size wp-elements-158a4b88b1a25f748b95f4ea59326c32\" style=\"font-style:normal;font-weight:400\"><strong>RELATURG<\/strong>&nbsp;ofrece sus servicios contando con amplia experiencia en transporte especial escolar. Adem\u00e1s, cumple con todos los requisitos legales solicitados por el colegio para prestar el mejor servicio de transporte a nuestros estudiantes.<br><\/p>\n\n\n\n<p class=\"has-primary-color has-text-color has-link-color has-medium-font-size wp-elements-1db55dc4e86e504335afcb3386cc0c0f\">La empresa Transportes Relaturg cuenta con m\u00e1s de 20 a\u00f1os de experiencia en transporte especial y cuya sucursal se encuentra ubicada en la ciudad de Barranquilla Carrera 49 #75-49.<\/p>\n\n\n\n<p><\/p>\n<\/div>\n<\/div>\n\n\n\n<p class=\"has-primary-color has-text-color has-link-color has-medium-font-size wp-elements-f95825ee66500743c624d86fb19091d0\" style=\"padding-right:var(--wp--preset--spacing--60);padding-left:var(--wp--preset--spacing--60)\"><strong>Los servicios que ofrece Transportes Relaturg son:<\/strong><\/p>\n\n\n\n<ul class=\"wp-block-list has-primary-color has-text-color has-link-color wp-elements-4503e8ee5d2fd2a21b5c8c48c1968f5f\">\n<li class=\"has-medium-font-size\">Buses modelo 2015 en adelante.<\/li>\n<\/ul>\n\n\n\n<ul class=\"wp-block-list has-primary-color has-text-color has-link-color wp-elements-74223f2d6230fcde0e59391a87ededbb\">\n<li>Veh\u00edculos de 23 a 26 puestos.<\/li>\n\n\n\n<li>Monitora contratada por empresa transportadora, con el aval del colegio, en cada bus.<\/li>\n\n\n\n<li>Tiempo aproximado de ruta de alrededor 1 hora y 10 minutos seg\u00fan el dise\u00f1o de la ruta.<\/li>\n\n\n\n<li>Una persona encargada de atenci\u00f3n a los padres en las instalaciones del colegio.<br><\/li>\n<\/ul>\n\n\n\n<p class=\"has-primary-color has-text-color has-link-color has-medium-font-size wp-elements-60ef8b8834bc8053c472d72dadce6970\" style=\"padding-right:var(--wp--preset--spacing--50);padding-left:var(--wp--preset--spacing--50)\">El servicio de transporte se prestar\u00e1, de acuerdo con las necesidades del padre de familia, en las siguientes modalidades:<br><\/p>\n\n\n\n<p class=\"has-primary-color has-text-color has-link-color has-medium-font-size wp-elements-f30d2d6559595136c57702f36a4d3965\" style=\"padding-right:var(--wp--preset--spacing--50);padding-left:var(--wp--preset--spacing--50)\">Ruta completa y media ruta de la tarde incluye el servicio de transporte por la tarde a aquellos estudiantes que contraten el servicio y est\u00e9n inscritos en MACC.<br><\/p>\n\n\n\n<p class=\"has-primary-color has-text-color has-link-color has-medium-font-size wp-elements-657416be39b5dded4dd154db36358ad2\" style=\"padding-right:var(--wp--preset--spacing--50);padding-left:var(--wp--preset--spacing--50)\">El precio de la ruta completa se mantiene hasta junio del 2026 as\u00ed:<\/p>\n\n\n\n<ul class=\"wp-block-list has-primary-color has-text-color has-link-color wp-elements-07857586ee732cffd13364a3b71b692d\">\n<li>Ruta completa (incluido MACC): $515.000.<\/li>\n<\/ul>\n\n\n\n<ul class=\"wp-block-list has-primary-color has-text-color has-link-color wp-elements-7fcc3ac4a13964dad1edea8ab4a52aaf\">\n<li>Media ruta ma\u00f1ana: $340.000<\/li>\n\n\n\n<li>Media ruta tarde incluido MACC:&nbsp; $340.000<br><\/li>\n<\/ul>\n\n\n\n<p class=\"has-primary-color has-text-color has-link-color has-medium-font-size wp-elements-ea715e2b77d045d0094864f65e8c0a2f\" style=\"padding-right:var(--wp--preset--spacing--50);padding-left:var(--wp--preset--spacing--50)\"><strong>Para mayor informaci\u00f3n:<\/strong><\/p>\n\n\n\n<p class=\"has-primary-color has-text-color has-link-color has-medium-font-size wp-elements-c77b6e72d7406d4ae081e96a746d9153\" style=\"padding-right:var(--wp--preset--spacing--50);padding-left:var(--wp--preset--spacing--50)\">Coordinadora de transporte Relaturg Elizabeth Vanegas<\/p>\n\n\n\n<p class=\"has-primary-color has-text-color has-link-color has-medium-font-size wp-elements-8b5d1fa997588888e4dcdfa1c54019ec\" style=\"padding-right:var(--wp--preset--spacing--50);padding-left:var(--wp--preset--spacing--50)\">cel: 3116655821<\/p>\n\n\n\n<p class=\"has-primary-color has-text-color has-link-color has-medium-font-size wp-elements-112f1b5fb6c3de00d857faa2bc38f4c9\" style=\"margin-bottom:var(--wp--preset--spacing--50);padding-right:var(--wp--preset--spacing--50);padding-left:var(--wp--preset--spacing--50)\">serviclienterelaturg@gmail.com<\/p>\n\n\n\n<div class=\"wp-block-columns is-layout-flex wp-container-core-columns-is-layout-e2175eae wp-block-columns-is-layout-flex\" style=\"margin-top:var(--wp--preset--spacing--70);margin-bottom:var(--wp--preset--spacing--70);padding-right:var(--wp--preset--spacing--50);padding-left:var(--wp--preset--spacing--50)\">\n<div class=\"wp-block-column is-layout-flow wp-block-column-is-layout-flow\">\n<figure class=\"wp-block-image size-large\"><img loading=\"lazy\" decoding=\"async\" width=\"1024\" height=\"691\" src=\"https:\/\/marymountbq.edu.co\/site\/wp-content\/uploads\/2024\/07\/the-story-by-ewo-logo-1024x691.jpg\" alt=\"\" class=\"wp-image-882\" srcset=\"https:\/\/marymountbq.edu.co\/site\/wp-content\/uploads\/2024\/07\/the-story-by-ewo-logo-1024x691.jpg 1024w, https:\/\/marymountbq.edu.co\/site\/wp-content\/uploads\/2024\/07\/the-story-by-ewo-logo-300x202.jpg 300w, https:\/\/marymountbq.edu.co\/site\/wp-content\/uploads\/2024\/07\/the-story-by-ewo-logo-768x518.jpg 768w, https:\/\/marymountbq.edu.co\/site\/wp-content\/uploads\/2024\/07\/the-story-by-ewo-logo.jpg 1095w\" sizes=\"(max-width: 1024px) 100vw, 1024px\" \/><\/figure>\n<\/div>\n\n\n\n<div class=\"wp-block-column is-layout-flow wp-block-column-is-layout-flow\">\n<h2 class=\"wp-block-heading has-text-color has-x-large-font-size\" style=\"color:#1f2d55;padding-right:var(--wp--preset--spacing--20);padding-left:var(--wp--preset--spacing--20)\"><strong>The Store<\/strong><\/h2>\n\n\n\n<p class=\"has-primary-color has-text-color has-medium-font-size\" style=\"padding-right:var(--wp--preset--spacing--20);padding-left:var(--wp--preset--spacing--20)\">Es el servicio de almac\u00e9n escolar que ofrece a estudiantes y padres de familia la venta de uniformes, \u00fatiles y textos. &nbsp; Durante todo el a\u00f1o funciona como tienda virtual disponible las 24 horas a trav\u00e9s de la p\u00e1gina web Marymount, con servicio a domicilio al hogar o al sal\u00f3n de clase. Al finalizar cada a\u00f1o escolar se abre una temporada escolar para ofrecer todos los productos del regreso a clase.&nbsp;<\/p>\n<\/div>\n<\/div>\n","protected":false},"excerpt":{"rendered":"<p>Cafeter\u00eda Para el a\u00f1o escolar 2025-2026, EWO continuar\u00e1 ofreciendo el&nbsp;servicio&nbsp;de alimentaci\u00f3n por contrato mensual: merienda para estudiantes de Nursery a 3rd grade y almuerzos para estudiantes de 1st a 12th grade. Valores por Contrato Merienda Preescolar y Elemental $ 185.000Almuerzo Elemental&nbsp; $ 354.000Almuerzo Bachillerato&nbsp; $ 440.000Merienda y Almuerzo&nbsp;1st &#8211; 3rd&nbsp;$ 525.000 Descuento del 5% por&#8230;<\/p>\n","protected":false},"author":2,"featured_media":0,"parent":0,"menu_order":0,"comment_status":"closed","ping_status":"closed","template":"","meta":{"footnotes":""},"class_list":["post-589","page","type-page","status-publish","hentry"],"_links":{"self":[{"href":"https:\/\/marymountbq.edu.co\/site\/wp-json\/wp\/v2\/pages\/589","targetHints":{"allow":["GET"]}}],"collection":[{"href":"https:\/\/marymountbq.edu.co\/site\/wp-json\/wp\/v2\/pages"}],"about":[{"href":"https:\/\/marymountbq.edu.co\/site\/wp-json\/wp\/v2\/types\/page"}],"author":[{"embeddable":true,"href":"https:\/\/marymountbq.edu.co\/site\/wp-json\/wp\/v2\/users\/2"}],"replies":[{"embeddable":true,"href":"https:\/\/marymountbq.edu.co\/site\/wp-json\/wp\/v2\/comments?post=589"}],"version-history":[{"count":24,"href":"https:\/\/marymountbq.edu.co\/site\/wp-json\/wp\/v2\/pages\/589\/revisions"}],"predecessor-version":[{"id":5775,"href":"https:\/\/marymountbq.edu.co\/site\/wp-json\/wp\/v2\/pages\/589\/revisions\/5775"}],"wp:attachment":[{"href":"https:\/\/marymountbq.edu.co\/site\/wp-json\/wp\/v2\/media?parent=589"}],"curies":[{"name":"wp","href":"https:\/\/api.w.org\/{rel}","templated":true}]}}