 {"id":588,"date":"2024-07-08T09:26:41","date_gmt":"2024-07-08T14:26:41","guid":{"rendered":"http:\/\/guid"},"modified":"2025-11-04T18:43:06","modified_gmt":"2025-11-04T23:43:06","slug":"secciones","status":"publish","type":"page","link":"https:\/\/marymountbq.edu.co\/site\/secciones\/","title":{"rendered":"Secciones"},"content":{"rendered":"\n<div class=\"wp-block-cover alignwide\" style=\"min-height:531px;aspect-ratio:unset;\"><img fetchpriority=\"high\" decoding=\"async\" width=\"5184\" height=\"3456\" class=\"wp-block-cover__image-background wp-image-921 size-full\" alt=\"\" src=\"https:\/\/marymountbq.edu.co\/site\/wp-content\/uploads\/2024\/07\/fachadamarymount2-1.jpg\" data-object-fit=\"cover\"\/><span aria-hidden=\"true\" class=\"wp-block-cover__background has-black-background-color has-background-dim-70 has-background-dim\"><\/span><div class=\"wp-block-cover__inner-container is-layout-constrained wp-container-core-cover-is-layout-c5bc7ae0 wp-block-cover-is-layout-constrained\">\n<p class=\"has-text-align-left has-x-large-font-size\"><strong>Secciones<\/strong><\/p>\n<\/div><\/div>\n\n\n\n<p class=\"has-foreground-color has-text-color has-link-color has-medium-font-size wp-elements-4a4209f7154992f4101e8124b59ed1bd\" style=\"margin-top:var(--wp--preset--spacing--80);margin-bottom:var(--wp--preset--spacing--80);padding-right:var(--wp--preset--spacing--60);padding-left:var(--wp--preset--spacing--60)\">En respuesta a las crecientes demandas de la educaci\u00f3n en la era moderna, el colegio organiza su estructura acad\u00e9mica en <strong>cinco secciones: <em>Preschool, Lower Elementary, Upper Elementary, Middle School, and High School,<\/em><\/strong> con el objetivo de adaptar el enfoque educativo de tal manera que pueda satisfacer las necesidades espec\u00edficas de cada grupo de edad. Esta divisi\u00f3n asegura una experiencia de aprendizaje enriquecedora y apropiada para cada etapa, permitiendo tambi\u00e9n atender de manera m\u00e1s efectiva las necesidades individuales de cada estudiante, brindar a las familias una atenci\u00f3n m\u00e1s personalizada y garantizar un seguimiento continuo y cercano.<\/p>\n\n\n\n<div class=\"wp-block-media-text has-media-on-the-right is-stacked-on-mobile is-vertically-aligned-center is-image-fill-element has-background\" style=\"background-color:#c8dbeb;margin-top:0;margin-right:0;margin-bottom:0;margin-left:0;padding-top:0;padding-right:0;padding-bottom:0;padding-left:0;font-size:0px\"><div class=\"wp-block-media-text__content\">\n<div class=\"wp-block-group is-layout-flow wp-block-group-is-layout-flow\" style=\"padding-top:2em;padding-right:0em;padding-bottom:2em;padding-left:0em\">\n<p class=\"has-text-color has-link-color has-big-font-size wp-elements-5727055031e8caa79155eb789919a1dd\" style=\"color:#1f2d55;margin-top:var(--wp--preset--spacing--40);margin-bottom:var(--wp--preset--spacing--40);line-height:1.2\"><strong><strong>PRESCHOOL<\/strong><\/strong><\/p>\n\n\n\n<p class=\"has-primary-color has-text-color has-link-color has-medium-font-size wp-elements-073785626a27fd91461364fc423c197c\"><strong>(NURSERY, PREKINDER, KINDER)<\/strong><br><br>Nuestro Preescolar cuenta con tres niveles: Nursery, Prekinder y Kinder. Cada nivel tiene cuatro grupos, asistidos por un profesor titular, un co-teacher y un equipo interdisciplinario de profesionales acad\u00e9micos, deportivos, fonoaudi\u00f3logos, terapeutas ocupacionales, psic\u00f3logos y tutores, proporcionando un aprendizaje individualizado e integral. Desde Guarder\u00eda, los ni\u00f1os son inmersos en el ingl\u00e9s, pasando el 90% de su d\u00eda en este idioma. Adquieren vocabulario de forma natural a trav\u00e9s de actividades y experiencias, logrando que al finalizar Kinder, comprendan, hablen, lean y escriban en ingl\u00e9s y espa\u00f1ol. Nuestro marco curricular est\u00e1 guiado por los est\u00e1ndares del Ministerio de Educaci\u00f3n Nacional, Cambridge, AERO Standards, P.E. Metrics y la Conferencia Episcopal. <br><\/p>\n\n\n\n<div class=\"wp-block-buttons has-custom-font-size has-medium-font-size is-layout-flex wp-block-buttons-is-layout-flex\" style=\"margin-top:var(--wp--preset--spacing--40);margin-bottom:var(--wp--preset--spacing--40)\">\n<div class=\"wp-block-button\"><a class=\"wp-block-button__link wp-element-button\" href=\"https:\/\/marymountbq.edu.co\/site\/4099-2\/\" target=\"_blank\" rel=\"noreferrer noopener\">VER M\u00c1S<\/a><\/div>\n<\/div>\n<\/div>\n<\/div><figure class=\"wp-block-media-text__media\"><img decoding=\"async\" width=\"841\" height=\"851\" src=\"https:\/\/marymountbq.edu.co\/site\/wp-content\/uploads\/2024\/11\/42841b21-dceb-4a95-8e50-3ff57d4535ce.jpg\" alt=\"\" class=\"wp-image-2959 size-full\" style=\"object-position:58% 39%\" srcset=\"https:\/\/marymountbq.edu.co\/site\/wp-content\/uploads\/2024\/11\/42841b21-dceb-4a95-8e50-3ff57d4535ce.jpg 841w, https:\/\/marymountbq.edu.co\/site\/wp-content\/uploads\/2024\/11\/42841b21-dceb-4a95-8e50-3ff57d4535ce-296x300.jpg 296w, https:\/\/marymountbq.edu.co\/site\/wp-content\/uploads\/2024\/11\/42841b21-dceb-4a95-8e50-3ff57d4535ce-768x777.jpg 768w\" sizes=\"(max-width: 841px) 100vw, 841px\" \/><\/figure><\/div>\n\n\n\n<div class=\"wp-block-media-text has-media-on-the-right is-stacked-on-mobile is-vertically-aligned-center is-image-fill-element has-background\" style=\"background-color:#1f2d55;margin-top:0;margin-right:0;margin-bottom:0;margin-left:0\"><div class=\"wp-block-media-text__content\">\n<div class=\"wp-block-group is-layout-flow wp-block-group-is-layout-flow\" style=\"padding-top:2em;padding-right:0em;padding-bottom:2em;padding-left:0em\">\n<p class=\"has-background-color has-text-color has-link-color has-big-font-size wp-elements-c275383a6567b4c432c86cbbe66d9530\" style=\"line-height:1.2\"><strong><strong>LOWER ELEMENTARY<\/strong><\/strong><br><\/p>\n\n\n\n<p class=\"has-border-color-color has-text-color has-link-color has-medium-font-size wp-elements-aa15aae9ed7485f9a4ff49af0e53bbcd\"><strong>(1ST &#8211; 3RD GRADE)<\/strong><\/p>\n\n\n\n<p class=\"has-background-color has-text-color has-link-color has-poppins-font-family has-medium-font-size wp-elements-ea063ca913c3a057a7e956fdf37a3763\">En Lower Elementary se sientan las bases del aprendizaje y el desarrollo integral de cada estudiante. Aqu\u00ed cultivamos el amor por el aprendizaje en un entorno seguro y estimulante, enfoc\u00e1ndonos en el desarrollo de competencias fundamentales en lectura, escritura, matem\u00e1ticas, ciencia y estudios sociales. Nuestro objetivo es proporcionar una base acad\u00e9mica s\u00f3lida que fomente el crecimiento integral de cada ni\u00f1o, motivando su curiosidad y entusiasmo por descubrir el mundo que los rodea.<br><br><\/p>\n\n\n\n<div class=\"wp-block-buttons is-nowrap is-layout-flex wp-container-core-buttons-is-layout-3c9abf6c wp-block-buttons-is-layout-flex\" style=\"margin-top:0;margin-bottom:0\">\n<div class=\"wp-block-button\"><a class=\"wp-block-button__link has-extra-color-background-color has-background wp-element-button\" href=\"https:\/\/marymountbq.edu.co\/site\/lower-elementary\/\">VER M\u00c1S<\/a><\/div>\n<\/div>\n<\/div>\n<\/div><figure class=\"wp-block-media-text__media\"><img decoding=\"async\" width=\"1024\" height=\"683\" src=\"https:\/\/marymountbq.edu.co\/site\/wp-content\/uploads\/2024\/11\/IMG_0951-1024x683.jpg\" alt=\"\" class=\"wp-image-2962 size-full\" style=\"object-position:44% 51%\" srcset=\"https:\/\/marymountbq.edu.co\/site\/wp-content\/uploads\/2024\/11\/IMG_0951-1024x683.jpg 1024w, https:\/\/marymountbq.edu.co\/site\/wp-content\/uploads\/2024\/11\/IMG_0951-300x200.jpg 300w, https:\/\/marymountbq.edu.co\/site\/wp-content\/uploads\/2024\/11\/IMG_0951-768x512.jpg 768w, https:\/\/marymountbq.edu.co\/site\/wp-content\/uploads\/2024\/11\/IMG_0951-1536x1024.jpg 1536w, https:\/\/marymountbq.edu.co\/site\/wp-content\/uploads\/2024\/11\/IMG_0951-2048x1365.jpg 2048w\" sizes=\"(max-width: 1024px) 100vw, 1024px\" \/><\/figure><\/div>\n\n\n\n<div class=\"wp-block-media-text has-media-on-the-right is-stacked-on-mobile is-vertically-aligned-center is-image-fill-element has-background\" style=\"background-color:#c8dbeb;margin-top:0;margin-right:0;margin-bottom:0;margin-left:0\"><div class=\"wp-block-media-text__content\">\n<div class=\"wp-block-group is-layout-flow wp-block-group-is-layout-flow\" style=\"padding-top:2em;padding-right:0em;padding-bottom:2em;padding-left:0em\">\n<p class=\"has-text-color has-link-color has-big-font-size wp-elements-5159a0dd5a06af3de27c2e1c220c696c\" style=\"color:#1f2d55;line-height:1.2\"><strong>UPPER ELEMENTARY<\/strong><br><\/p>\n\n\n\n<p class=\"has-primary-color has-text-color has-link-color has-medium-font-size wp-elements-f3bbd126f04e79ff92bece471707b19d\"><strong><strong>(4TH &#8211; 6TH GRADE)<\/strong><br><\/strong><br>En esta etapa los estudiantes de <em>Upper Elementary<\/em> desarrollan su autogesti\u00f3n y contin\u00faan definiendo su car\u00e1cter.&nbsp;<strong> <\/strong>Nuestro enfoque se centra en el desarrollo de habilidades cognitivas y emocionales que les apoyen en su proceso acad\u00e9mico. Desarrollan la capacidad de autogestionarse y reflexionar, claves para garantizar un progreso adecuado. Desde las diferentes \u00e1reas se impulsa el crecimiento personal, ofreciendo oportunidades para mejorar continuamente.&nbsp;<br><br><\/p>\n\n\n\n<div class=\"wp-block-buttons is-nowrap is-layout-flex wp-container-core-buttons-is-layout-3c9abf6c wp-block-buttons-is-layout-flex\" style=\"margin-top:0;margin-bottom:0\">\n<div class=\"wp-block-button\"><a class=\"wp-block-button__link has-medium-font-size has-custom-font-size wp-element-button\" href=\"https:\/\/marymountbq.edu.co\/site\/4071-2\/\">VER M\u00c1S<\/a><\/div>\n<\/div>\n<\/div>\n<\/div><figure class=\"wp-block-media-text__media\"><img loading=\"lazy\" decoding=\"async\" width=\"1024\" height=\"683\" src=\"https:\/\/marymountbq.edu.co\/site\/wp-content\/uploads\/2024\/11\/772A1246-1024x683.jpg\" alt=\"\" class=\"wp-image-2964 size-full\" style=\"object-position:23% 37%\" srcset=\"https:\/\/marymountbq.edu.co\/site\/wp-content\/uploads\/2024\/11\/772A1246-1024x683.jpg 1024w, https:\/\/marymountbq.edu.co\/site\/wp-content\/uploads\/2024\/11\/772A1246-300x200.jpg 300w, https:\/\/marymountbq.edu.co\/site\/wp-content\/uploads\/2024\/11\/772A1246-768x512.jpg 768w, https:\/\/marymountbq.edu.co\/site\/wp-content\/uploads\/2024\/11\/772A1246-1536x1024.jpg 1536w, https:\/\/marymountbq.edu.co\/site\/wp-content\/uploads\/2024\/11\/772A1246-2048x1365.jpg 2048w\" sizes=\"(max-width: 1024px) 100vw, 1024px\" \/><\/figure><\/div>\n\n\n\n<div class=\"wp-block-media-text has-media-on-the-right is-stacked-on-mobile is-vertically-aligned-center is-image-fill-element has-background\" style=\"background-color:#1f2d55;margin-top:0;margin-right:0;margin-bottom:0;margin-left:0\"><div class=\"wp-block-media-text__content\">\n<p class=\"has-background-color has-text-color has-link-color has-big-font-size wp-elements-0a3131ea8c2ce280ebe05bf9fbe48c10\" style=\"padding-top:0;padding-bottom:0;line-height:1.2\"><strong>MIDDLE SCHOOL<\/strong><br><\/p>\n\n\n\n<p class=\"has-background-color has-text-color has-link-color has-medium-font-size wp-elements-a3adbb6d98efd950f3ff40a0d156d135\"><strong><strong><strong>(7TH &#8211; 9TH GRADE)<\/strong><br><\/strong><\/strong><br>En <em>Middle School<\/em>, nuestros estudiantes viven una etapa fundamental de transici\u00f3n y descubrimiento, donde construyen las bases para su crecimiento acad\u00e9mico y personal. Nuestro prop\u00f3sito es preparar a los estudiantes para los retos de High School, ayud\u00e1ndolos a descubrir sus intereses y talentos, y a construir una s\u00f3lida base de conocimientos y valores. Cada actividad, cada proyecto y cada interacci\u00f3n en Middle School est\u00e1 dise\u00f1ada para guiar a los estudiantes hacia un futuro de \u00e9xito acad\u00e9mico y personal, donde se sientan listos para enfrentar cualquier desaf\u00edo que les depare la vida.<\/p>\n\n\n\n<div class=\"wp-block-buttons is-content-justification-left is-nowrap is-layout-flex wp-container-core-buttons-is-layout-d447fa7e wp-block-buttons-is-layout-flex\" style=\"margin-top:var(--wp--preset--spacing--50);margin-bottom:var(--wp--preset--spacing--50)\">\n<div class=\"wp-block-button\"><a class=\"wp-block-button__link has-extra-color-background-color has-background has-medium-font-size has-custom-font-size wp-element-button\" href=\"https:\/\/marymountbq.edu.co\/site\/middle-school\/\">VER M\u00c1S<\/a><\/div>\n<\/div>\n<\/div><figure class=\"wp-block-media-text__media\"><img loading=\"lazy\" decoding=\"async\" width=\"1024\" height=\"582\" src=\"https:\/\/marymountbq.edu.co\/site\/wp-content\/uploads\/2024\/11\/TEAM-WORK-1024x582.png\" alt=\"\" class=\"wp-image-2966 size-full\" style=\"object-position:50% 50%\" srcset=\"https:\/\/marymountbq.edu.co\/site\/wp-content\/uploads\/2024\/11\/TEAM-WORK-1024x582.png 1024w, https:\/\/marymountbq.edu.co\/site\/wp-content\/uploads\/2024\/11\/TEAM-WORK-300x171.png 300w, https:\/\/marymountbq.edu.co\/site\/wp-content\/uploads\/2024\/11\/TEAM-WORK-768x437.png 768w, https:\/\/marymountbq.edu.co\/site\/wp-content\/uploads\/2024\/11\/TEAM-WORK-1536x873.png 1536w, https:\/\/marymountbq.edu.co\/site\/wp-content\/uploads\/2024\/11\/TEAM-WORK.png 1900w\" sizes=\"(max-width: 1024px) 100vw, 1024px\" \/><\/figure><\/div>\n\n\n\n<div class=\"wp-block-media-text has-media-on-the-right is-stacked-on-mobile is-vertically-aligned-center is-image-fill-element has-background\" style=\"background-color:#c8dbeb;margin-top:0;margin-right:0;margin-bottom:0;margin-left:0\"><div class=\"wp-block-media-text__content\">\n<p class=\"has-text-color has-link-color has-big-font-size wp-elements-78de1183ac71dfef2646bc3d5df4daac\" style=\"color:#1f2d55;padding-top:0;padding-bottom:0;line-height:1.2\"><strong>HIGH SCHOOL&nbsp;<\/strong><br><\/p>\n\n\n\n<p class=\"has-primary-color has-text-color has-link-color has-medium-font-size wp-elements-318979bd3c914f92cac1e0bae9a86e38\"><strong><strong><strong><strong>(10TH &#8211; 12TH GRADE)<\/strong><br><\/strong><\/strong><\/strong><br>La etapa de High School en Marymount es una fase crucial en la vida de los estudiantes, donde consolidan los conocimientos y habilidades necesarias para su futuro personal, acad\u00e9mico y profesional. Durante estos a\u00f1os, nos enfocamos en su desarrollo integral, gui\u00e1ndolos en la construcci\u00f3n de su PROYECTO DE VIDA<strong> <\/strong>a trav\u00e9s de proyectos interdisciplinarios que fomentan el aprendizaje activo.&nbsp;<br><\/p>\n\n\n\n<div class=\"wp-block-buttons is-nowrap is-layout-flex wp-container-core-buttons-is-layout-4fb10bcf wp-block-buttons-is-layout-flex\" style=\"margin-top:var(--wp--preset--spacing--50);margin-bottom:var(--wp--preset--spacing--50)\">\n<div class=\"wp-block-button\"><a class=\"wp-block-button__link wp-element-button\" href=\"https:\/\/marymountbq.edu.co\/site\/high-school-2\/\">VER M\u00c1S<\/a><\/div>\n<\/div>\n<\/div><figure class=\"wp-block-media-text__media\"><img loading=\"lazy\" decoding=\"async\" width=\"1024\" height=\"683\" src=\"https:\/\/marymountbq.edu.co\/site\/wp-content\/uploads\/2024\/11\/772A0046-1024x683.jpg\" alt=\"\" class=\"wp-image-2968 size-full\" style=\"object-position:50% 50%\" srcset=\"https:\/\/marymountbq.edu.co\/site\/wp-content\/uploads\/2024\/11\/772A0046-1024x683.jpg 1024w, https:\/\/marymountbq.edu.co\/site\/wp-content\/uploads\/2024\/11\/772A0046-300x200.jpg 300w, https:\/\/marymountbq.edu.co\/site\/wp-content\/uploads\/2024\/11\/772A0046-768x512.jpg 768w, https:\/\/marymountbq.edu.co\/site\/wp-content\/uploads\/2024\/11\/772A0046-1536x1024.jpg 1536w, https:\/\/marymountbq.edu.co\/site\/wp-content\/uploads\/2024\/11\/772A0046-2048x1365.jpg 2048w\" sizes=\"(max-width: 1024px) 100vw, 1024px\" \/><\/figure><\/div>\n\n\n\n<p><\/p>\n","protected":false},"excerpt":{"rendered":"<p>En respuesta a las crecientes demandas de la educaci\u00f3n en la era moderna, el colegio organiza su estructura acad\u00e9mica en cinco secciones: Preschool, Lower Elementary, Upper Elementary, Middle School, and High School, con el objetivo de adaptar el enfoque educativo de tal manera que pueda satisfacer las necesidades espec\u00edficas de cada grupo de edad. Esta&#8230;<\/p>\n","protected":false},"author":2,"featured_media":0,"parent":0,"menu_order":0,"comment_status":"closed","ping_status":"closed","template":"","meta":{"footnotes":""},"class_list":["post-588","page","type-page","status-publish","hentry"],"_links":{"self":[{"href":"https:\/\/marymountbq.edu.co\/site\/wp-json\/wp\/v2\/pages\/588","targetHints":{"allow":["GET"]}}],"collection":[{"href":"https:\/\/marymountbq.edu.co\/site\/wp-json\/wp\/v2\/pages"}],"about":[{"href":"https:\/\/marymountbq.edu.co\/site\/wp-json\/wp\/v2\/types\/page"}],"author":[{"embeddable":true,"href":"https:\/\/marymountbq.edu.co\/site\/wp-json\/wp\/v2\/users\/2"}],"replies":[{"embeddable":true,"href":"https:\/\/marymountbq.edu.co\/site\/wp-json\/wp\/v2\/comments?post=588"}],"version-history":[{"count":90,"href":"https:\/\/marymountbq.edu.co\/site\/wp-json\/wp\/v2\/pages\/588\/revisions"}],"predecessor-version":[{"id":5594,"href":"https:\/\/marymountbq.edu.co\/site\/wp-json\/wp\/v2\/pages\/588\/revisions\/5594"}],"wp:attachment":[{"href":"https:\/\/marymountbq.edu.co\/site\/wp-json\/wp\/v2\/media?parent=588"}],"curies":[{"name":"wp","href":"https:\/\/api.w.org\/{rel}","templated":true}]}}