 {"id":585,"date":"2024-07-08T09:26:00","date_gmt":"2024-07-08T14:26:00","guid":{"rendered":"http:\/\/guid"},"modified":"2025-10-27T11:50:02","modified_gmt":"2025-10-27T16:50:02","slug":"board-of-trustees","status":"publish","type":"page","link":"https:\/\/marymountbq.edu.co\/site\/board-of-trustees\/","title":{"rendered":"Board of Trustees"},"content":{"rendered":"\n<div class=\"wp-block-cover alignwide\" style=\"min-height:525px;aspect-ratio:unset;\"><img fetchpriority=\"high\" decoding=\"async\" width=\"1024\" height=\"650\" class=\"wp-block-cover__image-background wp-image-640 size-large\" alt=\"\" src=\"https:\/\/marymountbq.edu.co\/site\/wp-content\/uploads\/2024\/06\/board-of-trustees-2023-1024x650.jpg\" style=\"object-position:55% 16%\" data-object-fit=\"cover\" data-object-position=\"55% 16%\" srcset=\"https:\/\/marymountbq.edu.co\/site\/wp-content\/uploads\/2024\/06\/board-of-trustees-2023-1024x650.jpg 1024w, https:\/\/marymountbq.edu.co\/site\/wp-content\/uploads\/2024\/06\/board-of-trustees-2023-300x190.jpg 300w, https:\/\/marymountbq.edu.co\/site\/wp-content\/uploads\/2024\/06\/board-of-trustees-2023-768x487.jpg 768w, https:\/\/marymountbq.edu.co\/site\/wp-content\/uploads\/2024\/06\/board-of-trustees-2023-1536x975.jpg 1536w, https:\/\/marymountbq.edu.co\/site\/wp-content\/uploads\/2024\/06\/board-of-trustees-2023-2048x1300.jpg 2048w\" sizes=\"(max-width: 1024px) 100vw, 1024px\" \/><span aria-hidden=\"true\" class=\"wp-block-cover__background has-black-background-color has-background-dim-60 has-background-dim\"><\/span><div class=\"wp-block-cover__inner-container is-layout-constrained wp-block-cover-is-layout-constrained\">\n<p class=\"has-text-align-left\" style=\"font-size:clamp(24.034px, 1.502rem + ((1vw - 3.2px) * 0.998), 40px);\"><strong>Board of Trustees<\/strong><\/p>\n<\/div><\/div>\n\n\n\n<div style=\"height:11px\" aria-hidden=\"true\" class=\"wp-block-spacer\"><\/div>\n\n\n\n<p class=\"has-text-align-center has-primary-color has-text-color has-link-color has-poppins-font-family wp-elements-d344648c7794c870482bf44312c3980c\" style=\"font-size:clamp(14px, 0.875rem + ((1vw - 3.2px) * 0.375), 20px);\">Patricia Olarte de G\u00f3mez<br><strong>Presidente<\/strong><\/p>\n\n\n\n<p class=\"has-text-align-center has-primary-color has-text-color has-link-color has-poppins-font-family wp-elements-32a7e6a06e7adf331d165607f0f75ac2\" style=\"font-size:clamp(14px, 0.875rem + ((1vw - 3.2px) * 0.375), 20px);\">Mar\u00eda de los \u00c1ngeles Fern\u00e1ndez Franco<br><strong>Vicepresidente<br><\/strong><br>Maria Eugenia Castro Mejia<br>Silvia Gloria de Vivo<br>Francisco Posada Carbo<br>Victoria Eugenia Ib\u00e1\u00f1ez de Salazar<br>Alejandro Acosta Polo<br>Jose Maria Castro Martelo<br>Erika Patricia Segebre Berardinelli<br>Maria Clara Garcia de De la Espriella<br>Antonio Mario Celia Mart\u00ednez\u2013Aparicio&nbsp;<\/p>\n\n\n\n<p><\/p>\n","protected":false},"excerpt":{"rendered":"<p>Patricia Olarte de G\u00f3mezPresidente Mar\u00eda de los \u00c1ngeles Fern\u00e1ndez FrancoVicepresidenteMaria Eugenia Castro MejiaSilvia Gloria de VivoFrancisco Posada CarboVictoria Eugenia Ib\u00e1\u00f1ez de SalazarAlejandro Acosta PoloJose Maria Castro MarteloErika Patricia Segebre BerardinelliMaria Clara Garcia de De la EspriellaAntonio Mario Celia Mart\u00ednez\u2013Aparicio&nbsp;<\/p>\n","protected":false},"author":2,"featured_media":0,"parent":0,"menu_order":0,"comment_status":"closed","ping_status":"closed","template":"","meta":{"footnotes":""},"class_list":["post-585","page","type-page","status-publish","hentry"],"_links":{"self":[{"href":"https:\/\/marymountbq.edu.co\/site\/wp-json\/wp\/v2\/pages\/585","targetHints":{"allow":["GET"]}}],"collection":[{"href":"https:\/\/marymountbq.edu.co\/site\/wp-json\/wp\/v2\/pages"}],"about":[{"href":"https:\/\/marymountbq.edu.co\/site\/wp-json\/wp\/v2\/types\/page"}],"author":[{"embeddable":true,"href":"https:\/\/marymountbq.edu.co\/site\/wp-json\/wp\/v2\/users\/2"}],"replies":[{"embeddable":true,"href":"https:\/\/marymountbq.edu.co\/site\/wp-json\/wp\/v2\/comments?post=585"}],"version-history":[{"count":7,"href":"https:\/\/marymountbq.edu.co\/site\/wp-json\/wp\/v2\/pages\/585\/revisions"}],"predecessor-version":[{"id":5382,"href":"https:\/\/marymountbq.edu.co\/site\/wp-json\/wp\/v2\/pages\/585\/revisions\/5382"}],"wp:attachment":[{"href":"https:\/\/marymountbq.edu.co\/site\/wp-json\/wp\/v2\/media?parent=585"}],"curies":[{"name":"wp","href":"https:\/\/api.w.org\/{rel}","templated":true}]}}