 {"id":569,"date":"2024-07-15T12:39:35","date_gmt":"2024-07-15T17:39:35","guid":{"rendered":"http:\/\/guid"},"modified":"2025-10-27T11:42:34","modified_gmt":"2025-10-27T16:42:34","slug":"biblioteca","status":"publish","type":"page","link":"https:\/\/marymountbq.edu.co\/site\/biblioteca\/","title":{"rendered":"Biblioteca"},"content":{"rendered":"\n<div class=\"wp-block-cover alignwide\"><img fetchpriority=\"high\" decoding=\"async\" width=\"1024\" height=\"475\" class=\"wp-block-cover__image-background wp-image-1209 size-large\" alt=\"\" src=\"https:\/\/marymountbq.edu.co\/site\/wp-content\/uploads\/2024\/07\/bibliotecamarymount8-1024x475.jpg\" data-object-fit=\"cover\" srcset=\"https:\/\/marymountbq.edu.co\/site\/wp-content\/uploads\/2024\/07\/bibliotecamarymount8-1024x475.jpg 1024w, https:\/\/marymountbq.edu.co\/site\/wp-content\/uploads\/2024\/07\/bibliotecamarymount8-300x139.jpg 300w, https:\/\/marymountbq.edu.co\/site\/wp-content\/uploads\/2024\/07\/bibliotecamarymount8-768x356.jpg 768w, https:\/\/marymountbq.edu.co\/site\/wp-content\/uploads\/2024\/07\/bibliotecamarymount8.jpg 1440w\" sizes=\"(max-width: 1024px) 100vw, 1024px\" \/><span aria-hidden=\"true\" class=\"wp-block-cover__background has-background-dim\" style=\"background-color:#79797d\"><\/span><div class=\"wp-block-cover__inner-container is-layout-constrained wp-block-cover-is-layout-constrained\">\n<p class=\"has-text-align-left has-poppins-font-family\" style=\"font-size:clamp(24.034px, 1.502rem + ((1vw - 3.2px) * 0.998), 40px);\"><strong>Biblioteca<\/strong><\/p>\n<\/div><\/div>\n\n\n\n<p class=\"has-border-color has-background-border-color has-foreground-color has-text-color has-link-color wp-elements-484be40699f69dbe73df1ba4f9ec4792\" style=\"border-width:7px;margin-top:0;margin-right:0;margin-bottom:0;margin-left:0;font-size:clamp(14px, 0.875rem + ((1vw - 3.2px) * 0.375), 20px);\">La Biblioteca del Colegio Marymount es una parte esencial de nuestra comunidad en la que le dedicamos un espacio a la imaginaci\u00f3n, investigaci\u00f3n y diversi\u00f3n.<\/p>\n\n\n\n<p class=\"has-border-color has-background-border-color has-foreground-color has-text-color has-link-color wp-elements-863fb0a38dd62d1fbdc0f94a2aaff52e\" style=\"border-width:7px;margin-top:0;margin-right:0;margin-bottom:0;margin-left:0;font-size:clamp(14px, 0.875rem + ((1vw - 3.2px) * 0.375), 20px);\">Su objetivo principal es ofrecer a sus usuarios oportunidades para explorar, crear y transformar nuevos conocimientos en experiencias para toda la vida.<\/p>\n\n\n\n<p class=\"has-border-color has-background-border-color has-foreground-color has-text-color has-link-color wp-elements-6449bcf02d3eaa27b2392ac92e648cc5\" style=\"border-width:7px;margin-top:0;margin-right:0;margin-bottom:0;margin-left:0;font-size:clamp(14px, 0.875rem + ((1vw - 3.2px) * 0.375), 20px);\">Ofrecemos recursos digitales y f\u00edsicos de material bibliogr\u00e1fico, acceso a la informaci\u00f3n y la tecnolog\u00eda, espacios l\u00fadicos y de recreaci\u00f3n segura, y desarrollamos programas que favorecen la formaci\u00f3n de lectores competentes y aprendices autodirigidos \u00e9ticamente conscientes de sus necesidades de informaci\u00f3n, apoyados en un marco de referencia internacional para bibliotecas escolares. <\/p>\n\n\n\n<p class=\"has-border-color has-background-border-color has-foreground-color has-text-color has-link-color wp-elements-09fc75b3b2e8d0dfd138fe9efde5cac8\" style=\"border-width:7px;margin-top:0;margin-right:0;margin-bottom:0;margin-left:0;font-size:clamp(14px, 0.875rem + ((1vw - 3.2px) * 0.375), 20px);\">Cada secci\u00f3n cuenta con su propia biblioteca, adem\u00e1s de las bibliotecas del aula presentes en todos los salones.<\/p>\n\n\n\n<div class=\"wp-block-cb-carousel cb-single-slide\" data-slick=\"{&quot;slidesToShow&quot;:1,&quot;slidesToScroll&quot;:1,&quot;speed&quot;:300,&quot;arrows&quot;:true,&quot;dots&quot;:true,&quot;autoplay&quot;:false,&quot;autoplaySpeed&quot;:3000,&quot;infinite&quot;:false,&quot;responsive&quot;:[{&quot;breakpoint&quot;:769,&quot;settings&quot;:{&quot;slidesToShow&quot;:1,&quot;slidesToScroll&quot;:1}}]}\">\n\n<div class=\"wp-block-cb-slide\">\n\n<div class=\"wp-block-cover alignfull has-parallax\" style=\"min-height:100vh;aspect-ratio:unset;\"><div class=\"wp-block-cover__image-background wp-image-1208 has-parallax\" style=\"background-position:50% 50%;background-image:url(https:\/\/marymountbq.edu.co\/site\/wp-content\/uploads\/2024\/07\/biblioteca-marymount-barranquilla-preescolar.jpg)\"><\/div><span aria-hidden=\"true\" class=\"wp-block-cover__background has-background-dim-40 has-background-dim\" style=\"background-color:#000000\"><\/span><div class=\"wp-block-cover__inner-container is-layout-flow wp-block-cover-is-layout-flow\">\n\n<h2 class=\"wp-block-heading\">Biblioteca de Preescolar<\/h2>\n\n\n<p class=\"has-normal-font-size\"><strong>La Biblioteca de Preescolar cuenta con una amplia oferta literaria tanto en ingl\u00e9s como en espa\u00f1ol, que les permite a nuestros lectores en formaci\u00f3n, iniciar un proceso de acercamiento e interacci\u00f3n con los libros de manera libre y espont\u00e1nea; as\u00ed como tambi\u00e9n, a trav\u00e9s de espacios de lectura guiada y\/o en voz alta.<\/strong><\/p>\n\n\n<p class=\"has-normal-font-size\"><br><strong>De esta manera los peque\u00f1os se van enamorando de la lectura, y la interpretan como una actividad l\u00fadica y de esparcimiento, que les contribuir\u00e1 no s\u00f3lo en su proceso lector sino en su desarrollo acad\u00e9mico.<\/strong><\/p>\n\n<\/div><\/div>\n\n<\/div>\n\n\n<div class=\"wp-block-cb-slide\">\n\n<div class=\"wp-block-cover alignfull has-parallax\" style=\"min-height:100vh;aspect-ratio:unset;\"><div class=\"wp-block-cover__image-background wp-image-1209 has-parallax\" style=\"background-position:50% 50%;background-image:url(https:\/\/marymountbq.edu.co\/site\/wp-content\/uploads\/2024\/07\/bibliotecamarymount8.jpg)\"><\/div><span aria-hidden=\"true\" class=\"wp-block-cover__background has-background-dim-40 has-background-dim\" style=\"background-color:#000000\"><\/span><div class=\"wp-block-cover__inner-container is-layout-flow wp-block-cover-is-layout-flow\">\n\n<h2 class=\"wp-block-heading\">Biblioteca de Elemental<\/h2>\n\n\n<p><strong>La Biblioteca de Elemental ofrece a nuestra comunidad escolar una variedad de oportunidades que permite que sus usuarios descubran la magia de la imaginaci\u00f3n, dise\u00f1ando e implementando estrategias y programas que desarrollan habilidades tanto sociales como lectoras. Estos son algunos de los programas que se llevan a cabo:\u00a0Library Class, Programa de lectura: Scholastic,\u00a0\u201cLibrary Garden\u201d,\u00a0D.E.A.R. Program,\u00a0Feria del libro,\u00a0Apoyo al plan lector, Play it-Make it Recess,\u00a0Playroom\/Makerspace, y actividades de promoci\u00f3n de lectura.<\/strong><\/p>\n\n<\/div><\/div>\n\n<\/div>\n\n\n<div class=\"wp-block-cb-slide\">\n\n<div class=\"wp-block-cover alignfull has-parallax\" style=\"min-height:100vh;aspect-ratio:unset;\"><div class=\"wp-block-cover__image-background wp-image-1212 has-parallax\" style=\"background-position:50% 50%;background-image:url(https:\/\/marymountbq.edu.co\/site\/wp-content\/uploads\/2024\/07\/IMG_2131-2-1-1-scaled.jpg)\"><\/div><span aria-hidden=\"true\" class=\"wp-block-cover__background has-background-dim-40 has-background-dim\" style=\"background-color:#000000\"><\/span><div class=\"wp-block-cover__inner-container is-layout-flow wp-block-cover-is-layout-flow\">\n\n<h2 class=\"wp-block-heading\">Biblioteca de Bachillerato<\/h2>\n\n\n<p><strong>La Biblioteca de bachillerato ofrece a sus usuarios, diferentes espacios con acceso a la lectura, investigaci\u00f3n y diversi\u00f3n. Lo que les permite aplicar las estrategias aprendidas mientras realizan trabajo colaborativo, resaltando los valores de \u00e9tica y respeto, y desarrollando su creatividad. Los servicios que ofrecemos son:\u00a0Acceso a material bibliogr\u00e1fico,\u00a0Juegos recreativos,\u00a0Documentales y pel\u00edculas, apoyo curricular,\u00a0<\/strong><strong>y apoyo al plan lector.<\/strong><\/p>\n\n<\/div><\/div>\n\n<\/div>\n\n\n<div class=\"wp-block-cb-slide\">\n\n<div class=\"wp-block-cover alignfull has-parallax\" style=\"min-height:100vh;aspect-ratio:unset;\"><div class=\"wp-block-cover__image-background wp-image-1214 has-parallax\" style=\"background-position:50% 50%;background-image:url(https:\/\/marymountbq.edu.co\/site\/wp-content\/uploads\/2024\/07\/IMG_6048-1-scaled.jpg)\"><\/div><span aria-hidden=\"true\" class=\"wp-block-cover__background has-background-dim-40 has-background-dim\" style=\"background-color:#000000\"><\/span><div class=\"wp-block-cover__inner-container is-layout-flow wp-block-cover-is-layout-flow\">\n\n<h2 class=\"wp-block-heading\">Bibliotecas de Aula<\/h2>\n\n\n<p><strong>Las Bibliotecas del Aula se encuentran ubicadas cada una en los salones de clase desde el preescolar hasta bachillerato, y es administrado por cada biblioteca correspondiente de su \u00e1rea. Ellas est\u00e1n compuestas por material seleccionado, tanto en ingl\u00e9s como en espa\u00f1ol que apoya el curr\u00edculo de bachillerato y el programa de Balanced Literacy que se implementa en elemental y preescolar.<\/strong><\/p>\n\n<\/div><\/div>\n\n<\/div>\n\n<\/div>\n\n\n\n<div class=\"wp-block-columns is-layout-flex wp-container-core-columns-is-layout-28f84493 wp-block-columns-is-layout-flex\">\n<div class=\"wp-block-column is-layout-flow wp-block-column-is-layout-flow\">\n<figure class=\"wp-block-image size-full is-style-smartversity-image-hover-pulse\"><a href=\"https:\/\/slz01.scholasticlearningzone.com\/resources\/dp-int\/dist\/#\/login3\/student\/COL33G6\" target=\"_blank\" rel=\"noreferrer noopener\"><img decoding=\"async\" width=\"569\" height=\"232\" src=\"https:\/\/marymountbq.edu.co\/site\/wp-content\/uploads\/2024\/07\/botones-biblioyteca-12.png\" alt=\"\" class=\"wp-image-1216\" srcset=\"https:\/\/marymountbq.edu.co\/site\/wp-content\/uploads\/2024\/07\/botones-biblioyteca-12.png 569w, https:\/\/marymountbq.edu.co\/site\/wp-content\/uploads\/2024\/07\/botones-biblioyteca-12-300x122.png 300w\" sizes=\"(max-width: 569px) 100vw, 569px\" \/><\/a><\/figure>\n<\/div>\n\n\n\n<div class=\"wp-block-column is-layout-flow wp-block-column-is-layout-flow\">\n<figure class=\"wp-block-image size-full is-style-smartversity-image-hover-rotate\"><a href=\"https:\/\/www.kidsa-z.com\/main\/Login\" target=\"_blank\" rel=\"noreferrer noopener\"><img decoding=\"async\" width=\"568\" height=\"232\" src=\"https:\/\/marymountbq.edu.co\/site\/wp-content\/uploads\/2024\/07\/botones-biblioyteca-13.png\" alt=\"\" class=\"wp-image-1217\" srcset=\"https:\/\/marymountbq.edu.co\/site\/wp-content\/uploads\/2024\/07\/botones-biblioyteca-13.png 568w, https:\/\/marymountbq.edu.co\/site\/wp-content\/uploads\/2024\/07\/botones-biblioyteca-13-300x123.png 300w\" sizes=\"(max-width: 568px) 100vw, 568px\" \/><\/a><\/figure>\n<\/div>\n\n\n\n<div class=\"wp-block-column is-layout-flow wp-block-column-is-layout-flow\">\n<figure class=\"wp-block-image size-full is-style-smartversity-image-hover-pulse\"><a href=\"https:\/\/uk.ixl.com\/signin\/marymount\" target=\"_blank\" rel=\"noreferrer noopener\"><img loading=\"lazy\" decoding=\"async\" width=\"569\" height=\"232\" src=\"https:\/\/marymountbq.edu.co\/site\/wp-content\/uploads\/2024\/07\/botones-biblioyteca-14.png\" alt=\"\" class=\"wp-image-1219\" srcset=\"https:\/\/marymountbq.edu.co\/site\/wp-content\/uploads\/2024\/07\/botones-biblioyteca-14.png 569w, https:\/\/marymountbq.edu.co\/site\/wp-content\/uploads\/2024\/07\/botones-biblioyteca-14-300x122.png 300w\" sizes=\"(max-width: 569px) 100vw, 569px\" \/><\/a><\/figure>\n<\/div>\n<\/div>\n\n\n\n<p><\/p>\n","protected":false},"excerpt":{"rendered":"<p>La Biblioteca del Colegio Marymount es una parte esencial de nuestra comunidad en la que le dedicamos un espacio a la imaginaci\u00f3n, investigaci\u00f3n y diversi\u00f3n. Su objetivo principal es ofrecer a sus usuarios oportunidades para explorar, crear y transformar nuevos conocimientos en experiencias para toda la vida. Ofrecemos recursos digitales y f\u00edsicos de material bibliogr\u00e1fico,&#8230;<\/p>\n","protected":false},"author":2,"featured_media":0,"parent":0,"menu_order":0,"comment_status":"closed","ping_status":"closed","template":"","meta":{"footnotes":""},"class_list":["post-569","page","type-page","status-publish","hentry"],"_links":{"self":[{"href":"https:\/\/marymountbq.edu.co\/site\/wp-json\/wp\/v2\/pages\/569","targetHints":{"allow":["GET"]}}],"collection":[{"href":"https:\/\/marymountbq.edu.co\/site\/wp-json\/wp\/v2\/pages"}],"about":[{"href":"https:\/\/marymountbq.edu.co\/site\/wp-json\/wp\/v2\/types\/page"}],"author":[{"embeddable":true,"href":"https:\/\/marymountbq.edu.co\/site\/wp-json\/wp\/v2\/users\/2"}],"replies":[{"embeddable":true,"href":"https:\/\/marymountbq.edu.co\/site\/wp-json\/wp\/v2\/comments?post=569"}],"version-history":[{"count":13,"href":"https:\/\/marymountbq.edu.co\/site\/wp-json\/wp\/v2\/pages\/569\/revisions"}],"predecessor-version":[{"id":5375,"href":"https:\/\/marymountbq.edu.co\/site\/wp-json\/wp\/v2\/pages\/569\/revisions\/5375"}],"wp:attachment":[{"href":"https:\/\/marymountbq.edu.co\/site\/wp-json\/wp\/v2\/media?parent=569"}],"curies":[{"name":"wp","href":"https:\/\/api.w.org\/{rel}","templated":true}]}}