 {"id":564,"date":"2024-07-23T13:35:25","date_gmt":"2024-07-23T18:35:25","guid":{"rendered":"http:\/\/guid"},"modified":"2025-11-05T13:25:04","modified_gmt":"2025-11-05T18:25:04","slug":"eagles-camp","status":"publish","type":"page","link":"https:\/\/marymountbq.edu.co\/site\/eagles-camp\/","title":{"rendered":"Eagles camp"},"content":{"rendered":"\n<div class=\"wp-block-cover alignwide\" style=\"min-height:524px;aspect-ratio:unset;\"><img decoding=\"async\" class=\"wp-block-cover__image-background wp-image-1586 size-full\" alt=\"\" src=\"https:\/\/marymountbq.edu.co\/site\/wp-content\/uploads\/2024\/07\/eagles-camp-field.jpg\" style=\"object-position:58% 10%\" data-object-fit=\"cover\" data-object-position=\"58% 10%\"\/><span aria-hidden=\"true\" class=\"wp-block-cover__background has-black-background-color has-background-dim-70 has-background-dim\"><\/span><div class=\"wp-block-cover__inner-container is-layout-constrained wp-container-core-cover-is-layout-c5bc7ae0 wp-block-cover-is-layout-constrained\">\n<p class=\"has-foreground-alt-color has-text-color has-link-color has-x-large-font-size wp-elements-072fa886c93b1c046e5a9618300b1606\"><strong>Eagles camp<\/strong><\/p>\n<\/div><\/div>\n\n\n\n<div class=\"wp-block-media-text has-media-on-the-right is-stacked-on-mobile\" style=\"margin-top:var(--wp--preset--spacing--60);margin-right:0;margin-bottom:var(--wp--preset--spacing--60);margin-left:0;padding-right:0;padding-left:0;grid-template-columns:auto 28%\"><div class=\"wp-block-media-text__content\">\n<p class=\"has-text-color has-link-color wp-elements-d3fdabbd543865e5116e534694438155\" style=\"color:#f4c84f;font-size:clamp(24.034px, 1.502rem + ((1vw - 3.2px) * 0.998), 40px);line-height:1.3\"><strong>\u00a1Prep\u00e1rate para la Aventura del Eagles Camp!<\/strong><\/p>\n\n\n\n<p class=\"has-heading-color-color has-text-color has-link-color wp-elements-8e9a4dbcb19086aa796bc4852afd7939\" style=\"font-size:clamp(14px, 0.875rem + ((1vw - 3.2px) * 0.375), 20px);\">En un mundo cada vez m\u00e1s digital y acelerado, donde las distracciones de la vida cotidiana a menudo desplazan la conexi\u00f3n con el entorno natural, la adquisici\u00f3n de habilidades sociales y el disfrute de experiencias aut\u00e9nticas, surge la necesidad de proporcionar a nuestros ni\u00f1os y j\u00f3venes un espacio donde puedan crecer, aprender y explorar en un ambiente enriquecedor y seguro.<br><br>El Marymount Eagles Camp&nbsp;est\u00e1 dise\u00f1ado para satisfacer una amplia variedad de intereses y edades, desde actividades deportivas hasta art\u00edsticas y acad\u00e9micas.<\/p>\n<\/div><figure class=\"wp-block-media-text__media\"><img fetchpriority=\"high\" decoding=\"async\" width=\"1024\" height=\"1024\" src=\"https:\/\/marymountbq.edu.co\/site\/wp-content\/uploads\/2024\/07\/LOGO-SUMMER-CAMP-1024x1024.png\" alt=\"\" class=\"wp-image-1574 size-full\" srcset=\"https:\/\/marymountbq.edu.co\/site\/wp-content\/uploads\/2024\/07\/LOGO-SUMMER-CAMP-1024x1024.png 1024w, https:\/\/marymountbq.edu.co\/site\/wp-content\/uploads\/2024\/07\/LOGO-SUMMER-CAMP-300x300.png 300w, https:\/\/marymountbq.edu.co\/site\/wp-content\/uploads\/2024\/07\/LOGO-SUMMER-CAMP-150x150.png 150w, https:\/\/marymountbq.edu.co\/site\/wp-content\/uploads\/2024\/07\/LOGO-SUMMER-CAMP-768x768.png 768w, https:\/\/marymountbq.edu.co\/site\/wp-content\/uploads\/2024\/07\/LOGO-SUMMER-CAMP-1536x1536.png 1536w, https:\/\/marymountbq.edu.co\/site\/wp-content\/uploads\/2024\/07\/LOGO-SUMMER-CAMP-2048x2048.png 2048w\" sizes=\"(max-width: 1024px) 100vw, 1024px\" \/><\/figure><\/div>\n\n\n\n<div class=\"wp-block-cover alignwide\" style=\"min-height:622px;aspect-ratio:unset;\"><img decoding=\"async\" width=\"4154\" height=\"4154\" class=\"wp-block-cover__image-background wp-image-1573\" alt=\"\" src=\"https:\/\/marymountbq.edu.co\/site\/wp-content\/uploads\/2024\/07\/Ricardo-Farah-1.jpg\" style=\"object-position:48% 21%\" data-object-fit=\"cover\" data-object-position=\"48% 21%\"\/><span aria-hidden=\"true\" class=\"wp-block-cover__background has-black-background-color has-background-dim-70 has-background-dim\"><\/span><div class=\"wp-block-cover__inner-container is-layout-constrained wp-container-core-cover-is-layout-c5bc7ae0 wp-block-cover-is-layout-constrained\">\n<p class=\"has-text-align-left has-text-color has-link-color has-x-large-font-size wp-elements-3b363b7b24a59b07eaf0346411fccfb9\" style=\"color:#f8cd58\"><strong>Nuestro objetivo<\/strong><\/p>\n\n\n\n<p style=\"padding-right:var(--wp--preset--spacing--40);padding-left:var(--wp--preset--spacing--40);font-size:clamp(14px, 0.875rem + ((1vw - 3.2px) * 0.375), 20px);\">Nuestro objetivo es proporcionar un ambiente seguro y estimulante donde los estudiantes puedan explorar sus pasiones, desarrollar nuevas habilidades y crear recuerdos duraderos. Desde desafiar sus l\u00edmites en nuestras actividades al aire libre hasta fomentar la colaboraci\u00f3n y el trabajo en equipo en nuestros proyectos creativos, cada momento en el Eagles Camp est\u00e1 dise\u00f1ado para inspirar el crecimiento individual y colectivo.<\/p>\n<\/div><\/div>\n\n\n\n<div style=\"height:38px\" aria-hidden=\"true\" class=\"wp-block-spacer\"><\/div>\n\n\n\n<p class=\"has-text-align-center has-foreground-color has-text-color has-link-color has-x-large-font-size wp-elements-711748407aa6a49412d6398d584a17d6\" style=\"padding-right:var(--wp--preset--spacing--50);padding-left:var(--wp--preset--spacing--50)\"><strong>El Eagles Camp Incluye 3 ofertas<\/strong><\/p>\n\n\n\n<div style=\"height:57px\" aria-hidden=\"true\" class=\"wp-block-spacer\"><\/div>\n\n\n\n<div class=\"wp-block-columns are-vertically-aligned-top is-layout-flex wp-container-core-columns-is-layout-28f84493 wp-block-columns-is-layout-flex\">\n<div class=\"wp-block-column is-vertically-aligned-top is-layout-flow wp-block-column-is-layout-flow\">\n<figure class=\"wp-block-image size-full wp-duotone-unset-1\"><img decoding=\"async\" src=\"https:\/\/marymountbq.edu.co\/site\/wp-content\/uploads\/2024\/07\/eagles-camp-field.jpg\" alt=\"\" class=\"wp-image-1586\"\/><\/figure>\n<\/div>\n\n\n\n<div class=\"wp-block-column is-vertically-aligned-top is-layout-flow wp-block-column-is-layout-flow\">\n<figure class=\"wp-block-image size-large is-resized\"><img decoding=\"async\" width=\"768\" height=\"1024\" src=\"https:\/\/marymountbq.edu.co\/site\/wp-content\/uploads\/2024\/07\/ylp-768x1024.jpg\" alt=\"\" class=\"wp-image-1595\" style=\"aspect-ratio:4\/3;object-fit:cover;width:600px;height:auto\" srcset=\"https:\/\/marymountbq.edu.co\/site\/wp-content\/uploads\/2024\/07\/ylp-768x1024.jpg 768w, https:\/\/marymountbq.edu.co\/site\/wp-content\/uploads\/2024\/07\/ylp-225x300.jpg 225w, https:\/\/marymountbq.edu.co\/site\/wp-content\/uploads\/2024\/07\/ylp-1152x1536.jpg 1152w, https:\/\/marymountbq.edu.co\/site\/wp-content\/uploads\/2024\/07\/ylp-1536x2048.jpg 1536w, https:\/\/marymountbq.edu.co\/site\/wp-content\/uploads\/2024\/07\/ylp-scaled.jpg 1920w\" sizes=\"(max-width: 768px) 100vw, 768px\" \/><\/figure>\n<\/div>\n\n\n\n<div class=\"wp-block-column is-vertically-aligned-top is-layout-flow wp-block-column-is-layout-flow\">\n<figure class=\"wp-block-image size-large\"><img loading=\"lazy\" decoding=\"async\" width=\"1024\" height=\"576\" src=\"https:\/\/marymountbq.edu.co\/site\/wp-content\/uploads\/2024\/07\/51-7680x4320-1-1024x576.jpg\" alt=\"\" class=\"wp-image-1596\" style=\"aspect-ratio:4\/3;object-fit:cover\" srcset=\"https:\/\/marymountbq.edu.co\/site\/wp-content\/uploads\/2024\/07\/51-7680x4320-1-1024x576.jpg 1024w, https:\/\/marymountbq.edu.co\/site\/wp-content\/uploads\/2024\/07\/51-7680x4320-1-300x169.jpg 300w, https:\/\/marymountbq.edu.co\/site\/wp-content\/uploads\/2024\/07\/51-7680x4320-1-768x432.jpg 768w, https:\/\/marymountbq.edu.co\/site\/wp-content\/uploads\/2024\/07\/51-7680x4320-1-1536x864.jpg 1536w, https:\/\/marymountbq.edu.co\/site\/wp-content\/uploads\/2024\/07\/51-7680x4320-1.jpg 1920w\" sizes=\"(max-width: 1024px) 100vw, 1024px\" \/><\/figure>\n<\/div>\n<\/div>\n\n\n\n<div style=\"height:57px\" aria-hidden=\"true\" class=\"wp-block-spacer\"><\/div>\n\n\n\n<div class=\"wp-block-columns is-layout-flex wp-container-core-columns-is-layout-d2da2050 wp-block-columns-is-layout-flex\" style=\"margin-bottom:0\">\n<div class=\"wp-block-column has-text-color has-background has-link-color wp-elements-98774608bc7db57df86c658e6c5d9104 is-layout-flow wp-block-column-is-layout-flow\" style=\"color:#000000;background-color:#ffe97d;padding-top:2em;padding-right:2em;padding-bottom:2em;padding-left:2em\">\n<h3 class=\"wp-block-heading has-foreground-color has-text-color has-link-color has-poppins-font-family wp-elements-e2014037426cd3ca21020b8e2d0d2c59\" id=\"single\" style=\"margin-top:var(--wp--preset--spacing--50);margin-bottom:var(--wp--preset--spacing--50);font-size:clamp(24.034px, 1.502rem + ((1vw - 3.2px) * 0.998), 40px);line-height:1\"><strong><strong>Campamento de Verano en Sabanilla<\/strong><\/strong><\/h3>\n\n\n\n<p class=\"has-foreground-color has-text-color has-link-color wp-elements-7c6f0471ebe44cda7d7b5444d42c9c74\" style=\"font-size:clamp(14px, 0.875rem + ((1vw - 3.2px) * 0.375), 20px);line-height:1.5\">Campamento: Puede escoger entre 1 y 3 semanas de actividades art\u00edsticas, culturales y deportivas que pueden ser mixtas o exclusivas; el estudiante escoge si quiere dedicar la jornada exclusivamente a alg\u00fan deporte o a rotar en 2 a 3 actividades diarias. Los viernes son variados y llenos de sorpresas con actividades especiales.&nbsp;<br><\/p>\n\n\n\n<p class=\"has-foreground-color has-text-color has-link-color wp-elements-a611d8e85c248d159252072f74bbbb62\" style=\"font-size:clamp(14px, 0.875rem + ((1vw - 3.2px) * 0.375), 20px);\"><strong>Dirigido a: <\/strong>estudiantes Marymount y externos entre 5 y 17 a\u00f1os<br>Actividades para escoger: f\u00fatbol, basketball, volleyball, nataci\u00f3n, gimnasia, ping pong, patinaje, manualidades y dibujo, baile, teatro, cubo rubik, cooking, lego, decoraci\u00f3n de cupcakes.<br><br><strong>Fechas y Horario: <\/strong>la jornada es de 8:00 AM a 12:00 PM, de lunes a viernes.<br><br><strong>Semana 1:<\/strong> martes 2 al viernes 5 de julio<br><strong>Semana 2:<\/strong> lunes 8 al viernes 12 de julio<br><strong>Semana 3:<\/strong> lunes 15 al viernes 19 de julio<br><br><strong>Valor: <\/strong>El participante puede escoger participar de una, dos, o tres semanas de campamento, seg\u00fan los siguientes precios incluye merienda diaria.<br>Valor de 1 semana $475.000<br>Valor de 2 semanas $900.000<br>Valor de 3 semanas $1.300.000<br>A los participantes externos se le aplicar\u00e1 un costo adicional por concepto de seguro.<br><br><strong>Transporte: <\/strong>Se ofrecer\u00e1 la opci\u00f3n de una ruta con punto de salida y llegada en la sede Preescolar del colegio Marymount. El valor se confirmar\u00e1 al momento de la inscripci\u00f3n.<br><\/p>\n\n\n\n<hr class=\"wp-block-separator has-text-color has-css-opacity has-background is-style-wide\" style=\"background-color:#000000;color:#000000\"\/>\n<\/div>\n\n\n\n<div class=\"wp-block-column is-vertically-aligned-stretch has-text-color has-background has-link-color wp-elements-73171027aedcdd32ddfde49a48d3eb4a is-layout-flow wp-block-column-is-layout-flow\" style=\"color:#000000;background-color:#d1d1e1;padding-top:2em;padding-right:2em;padding-bottom:2em;padding-left:2em\">\n<h3 class=\"wp-block-heading has-foreground-color has-text-color has-link-color has-poppins-font-family wp-elements-e86287bda90529fcdac7a0c49adf3eaa\" id=\"family\" style=\"margin-bottom:var(--wp--preset--spacing--60);font-size:clamp(24.034px, 1.502rem + ((1vw - 3.2px) * 0.998), 40px);line-height:1\"><strong><strong>Young Global Leaders Program by Harvard Model Congress<\/strong><\/strong><\/h3>\n\n\n\n<p class=\"has-foreground-color has-text-color has-link-color wp-elements-9027c8e306ddcd5decdeea6af88ba154\" style=\"margin-bottom:var(--wp--preset--spacing--30);font-size:clamp(14px, 0.875rem + ((1vw - 3.2px) * 0.375), 20px);line-height:1.5\">HMC Young Global Leaders Program by Harvard Model Congress: Un programa intensivo de 5 d\u00edas sobre liderazgo y creaci\u00f3n de futuros agentes de cambio facilitado por estudiantes de la universidad de Harvard. El programa se centra en actividades de liderazgo, resoluci\u00f3n de problemas contextuales y colaboraci\u00f3n en grupo para generar soluciones innovadoras a algunos de los desaf\u00edos m\u00e1s urgentes de nuestra era.<\/p>\n\n\n\n<p class=\"has-foreground-color has-text-color has-link-color wp-elements-5e6d36b45056a14c6f7996238962716b\" style=\"font-size:clamp(14px, 0.875rem + ((1vw - 3.2px) * 0.375), 20px);\">El plan de estudios tiene como objetivo proporcionar una experiencia integral e inmersiva para que los estudiantes de bachillerato cultiven sus habilidades de liderazgo y se conecten con otras personas de ideas afines. Junto con el plan de estudios principal, los estudiantes universitarios de Harvard proporcionar\u00e1n una visi\u00f3n de la vida universitaria, ofrecer\u00e1n ideas y consejos sobre admisiones y solicitudes universitarias, y compartir\u00e1n sus experiencias e historias personales de liderazgo.<br><\/p>\n\n\n\n<p class=\"has-foreground-color has-text-color has-link-color wp-elements-cfce1602cc769cb3cdcadb92f22d458f\" style=\"font-size:clamp(14px, 0.875rem + ((1vw - 3.2px) * 0.375), 20px);\">Dirigido a: j\u00f3venes de grados 7th a 12th<br>Fecha y Hora: 8 al 12 de julio, de 9:00 AM a 3:00 PM<br>Lugar: Se confirmar\u00e1 al momento de la inscripci\u00f3n<br>Valor: $2.800.000. Incluye inscripci\u00f3n, programa, certificaci\u00f3n y seguimiento por parte de Harvard Congress.<\/p>\n\n\n\n<hr class=\"wp-block-separator has-css-opacity is-style-wide\" style=\"margin-top:var(--wp--preset--spacing--40);margin-bottom:var(--wp--preset--spacing--40)\"\/>\n<\/div>\n\n\n\n<div class=\"wp-block-column has-text-color has-background has-link-color wp-elements-66c22e4ce615c272bbffb86aa574e56b is-layout-flow wp-block-column-is-layout-flow\" style=\"color:#000000;background-color:#bdd5eb;padding-top:2em;padding-right:2em;padding-bottom:2em;padding-left:2em\">\n<h3 class=\"wp-block-heading has-foreground-color has-text-color has-link-color has-poppins-font-family wp-elements-b55f8f45e014fd20be83b4def085007a\" id=\"patron\" style=\"margin-bottom:var(--wp--preset--spacing--50);font-size:clamp(24.034px, 1.502rem + ((1vw - 3.2px) * 0.998), 40px);line-height:1\"><strong><strong>Expedici\u00f3n al Golfo de Morrosquillo<\/strong><\/strong><\/h3>\n\n\n\n<p class=\"has-foreground-color has-text-color has-link-color has-medium-font-size wp-elements-0c80c200ffae8f187aac414790ad8f47\" style=\"margin-top:var(--wp--preset--spacing--40);line-height:1.4\">Es una semana de expedici\u00f3n para visitar y explorar el Golfo de Morrosquillo y sus hermosos parajes junto a miembros de nuestro staff y la empresa Kajuyal\u00ed. Ser\u00e1 una semana llena de actividades que desarrollar\u00e1n sus habilidades f\u00edsicas, motrices, emocionales y sociales mientras disfrutan de un recorrido y experiencias \u00fanicas.<br><\/p>\n\n\n\n<p class=\"has-foreground-color has-text-color has-link-color has-medium-font-size wp-elements-c259c183d35da34417550430f24f960e\" style=\"line-height:1.4\"><strong>D\u00eda 1:<\/strong> Reserva natural San Guar\u00e9 y Taller de Kayak.<br><br><strong>D\u00eda 2: <\/strong>Traves\u00eda en Kayak a la laguna encantada. Observaci\u00f3n plancton bioluminiscente.<br><br><strong>D\u00eda 3:<\/strong> Visita huerta de la Reserva y caminata por Bosque Seco Tropical Laguna el Eneal. Taller de especies marinas que se obervar\u00e1n en la visita a las islas.<br><br><strong>D\u00eda 4: <\/strong>Visita Isla Tintip\u00e1n para snorkeling en el mar y la laguna del manglar. Retorno a Reserva.<br><br><strong>D\u00eda 5:<\/strong> Cierre de la salida y retorno a Barranquilla.<br><br><strong>Dirigido a:<\/strong> J\u00f3venes entre 12 y 16 a\u00f1os<br>Fecha: 20 al 24 de Julio<br><br><strong>Valor: <\/strong>5 d\u00edas $4.952.000, 4 d\u00edas $3.989.000<\/p>\n\n\n\n<hr class=\"wp-block-separator has-css-opacity is-style-wide\" style=\"margin-top:var(--wp--preset--spacing--30);margin-bottom:var(--wp--preset--spacing--30)\"\/>\n<\/div>\n<\/div>\n\n\n\n<div style=\"height:63px\" aria-hidden=\"true\" class=\"wp-block-spacer\"><\/div>\n\n\n\n<div class=\"wp-block-cb-carousel\" data-slick=\"{&quot;slidesToShow&quot;:3,&quot;slidesToScroll&quot;:1,&quot;speed&quot;:300,&quot;arrows&quot;:true,&quot;dots&quot;:true,&quot;autoplay&quot;:false,&quot;autoplaySpeed&quot;:3000,&quot;infinite&quot;:false,&quot;responsive&quot;:[{&quot;breakpoint&quot;:769,&quot;settings&quot;:{&quot;slidesToShow&quot;:1,&quot;slidesToScroll&quot;:1}}]}\">\n\n<div class=\"wp-block-cb-slide\">\n\n<figure class=\"wp-block-image size-full\"><img loading=\"lazy\" decoding=\"async\" width=\"2560\" height=\"1920\" src=\"https:\/\/marymountbq.edu.co\/site\/wp-content\/uploads\/2024\/07\/IMG_1437-1-scaled.jpg\" alt=\"\" class=\"wp-image-1571\" style=\"aspect-ratio:4\/3;object-fit:cover\"\/><\/figure>\n\n<\/div>\n\n\n<div class=\"wp-block-cb-slide\">\n\n<figure class=\"wp-block-image size-full\"><img loading=\"lazy\" decoding=\"async\" width=\"5712\" height=\"3213\" src=\"https:\/\/marymountbq.edu.co\/site\/wp-content\/uploads\/2024\/07\/IMG_1633.jpg\" alt=\"\" class=\"wp-image-1598\" style=\"aspect-ratio:4\/3;object-fit:cover\"\/><\/figure>\n\n<\/div>\n\n\n<div class=\"wp-block-cb-slide\">\n\n<figure class=\"wp-block-image size-full\"><img loading=\"lazy\" decoding=\"async\" width=\"3024\" height=\"4032\" src=\"https:\/\/marymountbq.edu.co\/site\/wp-content\/uploads\/2024\/07\/20240709_143641-1.jpg\" alt=\"\" class=\"wp-image-1604\" style=\"aspect-ratio:4\/3;object-fit:cover\"\/><\/figure>\n\n<\/div>\n\n\n<div class=\"wp-block-cb-slide\">\n\n<figure class=\"wp-block-image size-large\"><img loading=\"lazy\" decoding=\"async\" width=\"1024\" height=\"576\" src=\"https:\/\/marymountbq.edu.co\/site\/wp-content\/uploads\/2024\/07\/IMG_1701-1024x576.jpg\" alt=\"\" class=\"wp-image-1599\" style=\"aspect-ratio:4\/3;object-fit:cover\" srcset=\"https:\/\/marymountbq.edu.co\/site\/wp-content\/uploads\/2024\/07\/IMG_1701-1024x576.jpg 1024w, https:\/\/marymountbq.edu.co\/site\/wp-content\/uploads\/2024\/07\/IMG_1701-300x169.jpg 300w, https:\/\/marymountbq.edu.co\/site\/wp-content\/uploads\/2024\/07\/IMG_1701-768x432.jpg 768w, https:\/\/marymountbq.edu.co\/site\/wp-content\/uploads\/2024\/07\/IMG_1701-1536x864.jpg 1536w, https:\/\/marymountbq.edu.co\/site\/wp-content\/uploads\/2024\/07\/IMG_1701-2048x1152.jpg 2048w\" sizes=\"(max-width: 1024px) 100vw, 1024px\" \/><\/figure>\n\n<\/div>\n\n\n<div class=\"wp-block-cb-slide\">\n\n<figure class=\"wp-block-image aligncenter size-full is-resized\"><img loading=\"lazy\" decoding=\"async\" width=\"1440\" height=\"1322\" src=\"https:\/\/marymountbq.edu.co\/site\/wp-content\/uploads\/2024\/07\/nino-eagles-camp.jpg\" alt=\"\" class=\"wp-image-1602\" style=\"aspect-ratio:4\/3;object-fit:cover;width:615px;height:auto\" srcset=\"https:\/\/marymountbq.edu.co\/site\/wp-content\/uploads\/2024\/07\/nino-eagles-camp.jpg 1440w, https:\/\/marymountbq.edu.co\/site\/wp-content\/uploads\/2024\/07\/nino-eagles-camp-300x275.jpg 300w, https:\/\/marymountbq.edu.co\/site\/wp-content\/uploads\/2024\/07\/nino-eagles-camp-1024x940.jpg 1024w, https:\/\/marymountbq.edu.co\/site\/wp-content\/uploads\/2024\/07\/nino-eagles-camp-768x705.jpg 768w\" sizes=\"(max-width: 1440px) 100vw, 1440px\" \/><\/figure>\n\n<\/div>\n\n\n<div class=\"wp-block-cb-slide\">\n\n<figure class=\"wp-block-image size-large\"><img loading=\"lazy\" decoding=\"async\" width=\"1024\" height=\"768\" src=\"https:\/\/marymountbq.edu.co\/site\/wp-content\/uploads\/2024\/07\/marymount-camp-1024x768.jpg\" alt=\"\" class=\"wp-image-1608\" style=\"aspect-ratio:4\/3;object-fit:cover\" srcset=\"https:\/\/marymountbq.edu.co\/site\/wp-content\/uploads\/2024\/07\/marymount-camp-1024x768.jpg 1024w, https:\/\/marymountbq.edu.co\/site\/wp-content\/uploads\/2024\/07\/marymount-camp-300x225.jpg 300w, https:\/\/marymountbq.edu.co\/site\/wp-content\/uploads\/2024\/07\/marymount-camp-768x576.jpg 768w, https:\/\/marymountbq.edu.co\/site\/wp-content\/uploads\/2024\/07\/marymount-camp-1536x1152.jpg 1536w, https:\/\/marymountbq.edu.co\/site\/wp-content\/uploads\/2024\/07\/marymount-camp-2048x1536.jpg 2048w\" sizes=\"(max-width: 1024px) 100vw, 1024px\" \/><\/figure>\n\n<\/div>\n\n<\/div>\n\n\n\n<p class=\"has-foreground-color has-text-color has-link-color has-big-font-size wp-elements-3d77ce13a4d08fff7b6b84479b70400f\" style=\"margin-top:var(--wp--preset--spacing--50);margin-right:0;margin-bottom:var(--wp--preset--spacing--50);margin-left:0;padding-right:var(--wp--preset--spacing--40);padding-left:var(--wp--preset--spacing--40)\"><strong>Contacto<\/strong><\/p>\n\n\n\n<p class=\"has-foreground-color has-text-color has-link-color has-medium-font-size wp-elements-c5dd20bd881b8f67e5b4a70694aae80b\" style=\"padding-right:var(--wp--preset--spacing--40);padding-left:var(--wp--preset--spacing--40)\">macc@marymountbq.edu.co<\/p>\n\n\n\n<p class=\"has-foreground-color has-text-color has-link-color has-medium-font-size wp-elements-720bbf5849c59bfd6997c96a8ef5c807\" style=\"margin-bottom:var(--wp--preset--spacing--70);padding-right:var(--wp--preset--spacing--40);padding-left:var(--wp--preset--spacing--40)\">WhatsApp: 322 2493688<\/p>\n\n\n\n<p><\/p>\n","protected":false},"excerpt":{"rendered":"<p>\u00a1Prep\u00e1rate para la Aventura del Eagles Camp! En un mundo cada vez m\u00e1s digital y acelerado, donde las distracciones de la vida cotidiana a menudo desplazan la conexi\u00f3n con el entorno natural, la adquisici\u00f3n de habilidades sociales y el disfrute de experiencias aut\u00e9nticas, surge la necesidad de proporcionar a nuestros ni\u00f1os y j\u00f3venes un espacio&#8230;<\/p>\n","protected":false},"author":2,"featured_media":0,"parent":0,"menu_order":0,"comment_status":"closed","ping_status":"closed","template":"","meta":{"footnotes":""},"class_list":["post-564","page","type-page","status-publish","hentry"],"_links":{"self":[{"href":"https:\/\/marymountbq.edu.co\/site\/wp-json\/wp\/v2\/pages\/564","targetHints":{"allow":["GET"]}}],"collection":[{"href":"https:\/\/marymountbq.edu.co\/site\/wp-json\/wp\/v2\/pages"}],"about":[{"href":"https:\/\/marymountbq.edu.co\/site\/wp-json\/wp\/v2\/types\/page"}],"author":[{"embeddable":true,"href":"https:\/\/marymountbq.edu.co\/site\/wp-json\/wp\/v2\/users\/2"}],"replies":[{"embeddable":true,"href":"https:\/\/marymountbq.edu.co\/site\/wp-json\/wp\/v2\/comments?post=564"}],"version-history":[{"count":30,"href":"https:\/\/marymountbq.edu.co\/site\/wp-json\/wp\/v2\/pages\/564\/revisions"}],"predecessor-version":[{"id":5748,"href":"https:\/\/marymountbq.edu.co\/site\/wp-json\/wp\/v2\/pages\/564\/revisions\/5748"}],"wp:attachment":[{"href":"https:\/\/marymountbq.edu.co\/site\/wp-json\/wp\/v2\/media?parent=564"}],"curies":[{"name":"wp","href":"https:\/\/api.w.org\/{rel}","templated":true}]}}