 {"id":4619,"date":"2025-08-24T23:25:07","date_gmt":"2025-08-25T04:25:07","guid":{"rendered":"https:\/\/marymountbq.edu.co\/site\/?page_id=4619"},"modified":"2025-11-05T23:58:23","modified_gmt":"2025-11-06T04:58:23","slug":"nova","status":"publish","type":"page","link":"https:\/\/marymountbq.edu.co\/site\/nova\/","title":{"rendered":"NOVA"},"content":{"rendered":"\n<div class=\"wp-block-cover alignwide\" style=\"min-height:666px;aspect-ratio:unset;\"><img fetchpriority=\"high\" decoding=\"async\" width=\"1024\" height=\"683\" class=\"wp-block-cover__image-background wp-image-4601 size-large\" alt=\"\" src=\"https:\/\/marymountbq.edu.co\/site\/wp-content\/uploads\/2025\/08\/Simon-Rois-2-1-1024x683.jpg\" style=\"object-position:62% 33%\" data-object-fit=\"cover\" data-object-position=\"62% 33%\" srcset=\"https:\/\/marymountbq.edu.co\/site\/wp-content\/uploads\/2025\/08\/Simon-Rois-2-1-1024x683.jpg 1024w, https:\/\/marymountbq.edu.co\/site\/wp-content\/uploads\/2025\/08\/Simon-Rois-2-1-300x200.jpg 300w, https:\/\/marymountbq.edu.co\/site\/wp-content\/uploads\/2025\/08\/Simon-Rois-2-1-768x512.jpg 768w, https:\/\/marymountbq.edu.co\/site\/wp-content\/uploads\/2025\/08\/Simon-Rois-2-1-1536x1024.jpg 1536w, https:\/\/marymountbq.edu.co\/site\/wp-content\/uploads\/2025\/08\/Simon-Rois-2-1-2048x1366.jpg 2048w\" sizes=\"(max-width: 1024px) 100vw, 1024px\" \/><span aria-hidden=\"true\" class=\"wp-block-cover__background has-black-background-color has-background-dim-70 has-background-dim\"><\/span><div class=\"wp-block-cover__inner-container is-layout-constrained wp-container-core-cover-is-layout-c5bc7ae0 wp-block-cover-is-layout-constrained\">\n<p class=\"has-text-align-left has-background-color has-text-color has-link-color has-x-large-font-size wp-elements-ef4d3c7ded297156fbeb28bfe96987cc\"><strong>NOVA <\/strong><\/p>\n\n\n\n<p class=\"has-text-align-left has-background-color has-text-color has-link-color has-medium-font-size wp-elements-13262d03a8c44a20e4053e0f4211dcd7\">es un t\u00e9rmino en astronom\u00eda que significa <em>\u201csurgimiento de una nueva estrella que logra su m\u00e1ximo brillo\u201d. <\/em>Este es el nuevo nombre del programa anteriormente conocido como<strong> <em>High Potential (<\/em>Alto Potencial).<\/strong><\/p>\n\n\n\n<figure class=\"wp-block-image aligncenter size-full is-resized is-style-rounded\" style=\"margin-top:var(--wp--preset--spacing--70);margin-right:var(--wp--preset--spacing--50);margin-bottom:var(--wp--preset--spacing--70);margin-left:var(--wp--preset--spacing--50)\"><img decoding=\"async\" width=\"500\" height=\"500\" src=\"https:\/\/marymountbq.edu.co\/site\/wp-content\/uploads\/2025\/08\/2-2.png\" alt=\"\" class=\"wp-image-4562\" style=\"width:148px;height:auto\" srcset=\"https:\/\/marymountbq.edu.co\/site\/wp-content\/uploads\/2025\/08\/2-2.png 500w, https:\/\/marymountbq.edu.co\/site\/wp-content\/uploads\/2025\/08\/2-2-300x300.png 300w, https:\/\/marymountbq.edu.co\/site\/wp-content\/uploads\/2025\/08\/2-2-150x150.png 150w\" sizes=\"(max-width: 500px) 100vw, 500px\" \/><\/figure>\n<\/div><\/div>\n\n\n\n<div class=\"wp-block-columns is-layout-flex wp-container-core-columns-is-layout-0884d4d2 wp-block-columns-is-layout-flex\" style=\"margin-top:var(--wp--preset--spacing--50);margin-bottom:var(--wp--preset--spacing--50)\">\n<div class=\"wp-block-column is-layout-flow wp-block-column-is-layout-flow\">\n<p class=\"has-text-color has-link-color has-medium-font-size wp-elements-055eaa69a6e4f3bf0e03ab85e515f1d4\" style=\"color:#1f2d55;margin-top:var(--wp--preset--spacing--50);margin-bottom:var(--wp--preset--spacing--50);padding-right:var(--wp--preset--spacing--50);padding-left:var(--wp--preset--spacing--50)\"><strong>Estructura del programa:<\/strong><\/p>\n\n\n\n<p class=\"has-foreground-color has-text-color has-link-color has-medium-font-size wp-elements-56ff5e8dd60c78e0993a126d4edaf637\" style=\"margin-top:var(--wp--preset--spacing--40);margin-bottom:var(--wp--preset--spacing--40);padding-right:var(--wp--preset--spacing--50);padding-left:var(--wp--preset--spacing--50)\"><strong>NOVA <\/strong>cuenta con dos rutas de flexibilizaci\u00f3n curricular, <em>Personalized Cambridge Path<\/em> (PCP) y <em>Personalized Advanced Path<\/em> (PAP).<\/p>\n<\/div>\n\n\n\n<div class=\"wp-block-column is-layout-flow wp-block-column-is-layout-flow\">\n<figure class=\"wp-block-image size-large\"><img decoding=\"async\" width=\"1024\" height=\"683\" src=\"https:\/\/marymountbq.edu.co\/site\/wp-content\/uploads\/2025\/08\/772A7501-1024x683.jpg\" alt=\"\" class=\"wp-image-4602\" srcset=\"https:\/\/marymountbq.edu.co\/site\/wp-content\/uploads\/2025\/08\/772A7501-1024x683.jpg 1024w, https:\/\/marymountbq.edu.co\/site\/wp-content\/uploads\/2025\/08\/772A7501-300x200.jpg 300w, https:\/\/marymountbq.edu.co\/site\/wp-content\/uploads\/2025\/08\/772A7501-768x512.jpg 768w, https:\/\/marymountbq.edu.co\/site\/wp-content\/uploads\/2025\/08\/772A7501-1536x1024.jpg 1536w, https:\/\/marymountbq.edu.co\/site\/wp-content\/uploads\/2025\/08\/772A7501-2048x1365.jpg 2048w\" sizes=\"(max-width: 1024px) 100vw, 1024px\" \/><\/figure>\n<\/div>\n<\/div>\n\n\n\n<div class=\"wp-block-columns is-layout-flex wp-container-core-columns-is-layout-335e45d9 wp-block-columns-is-layout-flex\" style=\"margin-top:var(--wp--preset--spacing--70);margin-bottom:var(--wp--preset--spacing--70);padding-right:var(--wp--preset--spacing--20);padding-left:var(--wp--preset--spacing--20)\">\n<div class=\"wp-block-column is-layout-flow wp-block-column-is-layout-flow\">\n<figure class=\"wp-block-image aligncenter size-large\"><img loading=\"lazy\" decoding=\"async\" width=\"1024\" height=\"683\" src=\"https:\/\/marymountbq.edu.co\/site\/wp-content\/uploads\/2025\/08\/Diseno-sin-titulo-49-1024x683.png\" alt=\"\" class=\"wp-image-4055\" srcset=\"https:\/\/marymountbq.edu.co\/site\/wp-content\/uploads\/2025\/08\/Diseno-sin-titulo-49-1024x683.png 1024w, https:\/\/marymountbq.edu.co\/site\/wp-content\/uploads\/2025\/08\/Diseno-sin-titulo-49-300x200.png 300w, https:\/\/marymountbq.edu.co\/site\/wp-content\/uploads\/2025\/08\/Diseno-sin-titulo-49-768x512.png 768w, https:\/\/marymountbq.edu.co\/site\/wp-content\/uploads\/2025\/08\/Diseno-sin-titulo-49-1536x1025.png 1536w, https:\/\/marymountbq.edu.co\/site\/wp-content\/uploads\/2025\/08\/Diseno-sin-titulo-49.png 2048w\" sizes=\"(max-width: 1024px) 100vw, 1024px\" \/><\/figure>\n<\/div>\n\n\n\n<div class=\"wp-block-column is-layout-flow wp-block-column-is-layout-flow\">\n<p class=\"has-text-color has-link-color has-medium-font-size wp-elements-e017dad08032409c069fb62c863e0b7a\" style=\"color:#1f2d55;margin-top:var(--wp--preset--spacing--50);margin-bottom:var(--wp--preset--spacing--50);padding-right:var(--wp--preset--spacing--50);padding-left:var(--wp--preset--spacing--50)\"><strong>Personalized Cambridge Path (PCP): Ruta personalizada Cambridge.<\/strong><\/p>\n\n\n\n<p class=\"has-foreground-color has-text-color has-link-color has-medium-font-size wp-elements-20769a33ad8f7fe747c5fc150929a225\" style=\"padding-right:var(--wp--preset--spacing--50);padding-left:var(--wp--preset--spacing--50)\">La ruta PCP aplica para estudiantes que necesitan un ajuste curricular para poder alcanzar a tomar el n\u00famero de ex\u00e1menes requeridos en la universidad y carrera de inter\u00e9s. Por ejemplo, si un estudiante debe alcanzar el AICE Diploma por requisito de la universidad y para ello debe tomar 7 ex\u00e1menes pero su curr\u00edculo actual le permite prepararse solamente para 5 ex\u00e1menes, se aplica esta ruta PCP para ajustarle el curr\u00edculo de forma que pueda tener m\u00e1s periodos de clases en las dos asignaturas que requiere para completar sus 7 ex\u00e1menes.<\/p>\n<\/div>\n<\/div>\n\n\n\n<div class=\"wp-block-columns is-layout-flex wp-container-core-columns-is-layout-fe118a27 wp-block-columns-is-layout-flex\" style=\"margin-top:var(--wp--preset--spacing--70);margin-bottom:var(--wp--preset--spacing--70);padding-right:var(--wp--preset--spacing--20);padding-left:var(--wp--preset--spacing--20)\">\n<div class=\"wp-block-column is-layout-flow wp-block-column-is-layout-flow\">\n<p class=\"has-text-color has-link-color has-medium-font-size wp-elements-966199161ce5dea22f2c738547033f96\" style=\"color:#1f2d55;margin-top:var(--wp--preset--spacing--50);margin-bottom:var(--wp--preset--spacing--50);padding-right:var(--wp--preset--spacing--50);padding-left:var(--wp--preset--spacing--50)\"><strong>Personalized Advanced Path (PAP):&nbsp;&nbsp;&nbsp;<\/strong><\/p>\n\n\n\n<p class=\"has-foreground-color has-text-color has-link-color has-medium-font-size wp-elements-4da6ab0caaf14b7de0e1b2b592641f61\" style=\"padding-right:var(--wp--preset--spacing--50);padding-left:var(--wp--preset--spacing--50)\">La ruta PAP aplica para estudiantes que hemos identificado que requieren de una ruta curricular m\u00e1s avanzada para desarrollar su m\u00e1ximo potencial. Esta ruta se estar\u00e1 aplicando progresivamente en todos los grados de escolaridad. En los grados 11th y 12th los estudiantes ya cuentan con una ruta avanzada en su \u00e9nfasis acad\u00e9mico que los prepara para un curr\u00edculo avanzado (Cambridge AS\/A levels) de ese \u00e9nfasis (Math, Biology, Physics, Economics, Art &amp; Design). Por este motivo, esta ruta aplicar\u00e1 con mayor frecuencia en los grados K-10th, pero tambi\u00e9n puede aplicarse en grados 11th y 12th si es necesario.&nbsp;<\/p>\n<\/div>\n\n\n\n<div class=\"wp-block-column is-layout-flow wp-block-column-is-layout-flow\">\n<figure class=\"wp-block-image aligncenter size-large is-resized\"><img loading=\"lazy\" decoding=\"async\" width=\"1024\" height=\"683\" src=\"https:\/\/marymountbq.edu.co\/site\/wp-content\/uploads\/2025\/08\/772A7469-1024x683.jpg\" alt=\"\" class=\"wp-image-4603\" style=\"width:331px;height:auto\" srcset=\"https:\/\/marymountbq.edu.co\/site\/wp-content\/uploads\/2025\/08\/772A7469-1024x683.jpg 1024w, https:\/\/marymountbq.edu.co\/site\/wp-content\/uploads\/2025\/08\/772A7469-300x200.jpg 300w, https:\/\/marymountbq.edu.co\/site\/wp-content\/uploads\/2025\/08\/772A7469-768x512.jpg 768w, https:\/\/marymountbq.edu.co\/site\/wp-content\/uploads\/2025\/08\/772A7469-1536x1024.jpg 1536w, https:\/\/marymountbq.edu.co\/site\/wp-content\/uploads\/2025\/08\/772A7469-2048x1365.jpg 2048w\" sizes=\"(max-width: 1024px) 100vw, 1024px\" \/><\/figure>\n<\/div>\n<\/div>\n\n\n\n<p class=\"has-text-align-center has-text-color has-link-color has-medium-font-size wp-elements-e97a0d8fc6842e24d14910492898c905\" style=\"color:#1f2d55\"><strong>Informaci\u00f3n importante:&nbsp;<\/strong><\/p>\n\n\n\n<ul style=\"padding-right:var(--wp--preset--spacing--60);padding-left:var(--wp--preset--spacing--60)\" class=\"wp-block-list has-medium-font-size\">\n<li class=\"has-foreground-color has-text-color has-link-color has-medium-font-size wp-elements-f412d56c808a95aaab4a195d609bbcda\" style=\"margin-top:var(--wp--preset--spacing--30);margin-bottom:var(--wp--preset--spacing--30)\"><strong>i. <\/strong>En ambas rutas se aplica una novedad al plan de estudios donde se eliminan algunas asignaturas para brindarle mayor tiempo y espacio de estudio independiente al estudiante para dedicarlo a trabajar en las asignaturas que debe preparar para su ex\u00e1men Cambridge. Por ejemplo, el estudiante no dar\u00e1 la asignatura Electiva para dedicar ese espacio a prepararse en Econom\u00eda. Esto no afectar\u00e1 su promedio dado que la asignatura Electiva, en este caso, no es parte de su plan de estudios.&nbsp;<\/li>\n\n\n\n<li class=\"has-foreground-color has-text-color has-link-color has-medium-font-size wp-elements-c888e17efc6cc7432d4ef9d93d06369e\" style=\"margin-top:var(--wp--preset--spacing--30);margin-bottom:var(--wp--preset--spacing--30)\"><strong>ii. <\/strong>Cada estudiante recibe un horario personalizado que indica los espacios en los cuales tra<sup data-fn=\"909564ea-fe5b-4cf8-9f37-f18bbbbf5c31\" class=\"fn\"><a href=\"#909564ea-fe5b-4cf8-9f37-f18bbbbf5c31\" id=\"909564ea-fe5b-4cf8-9f37-f18bbbbf5c31-link\">1<\/a><\/sup>bajar\u00e1 cada asignatura.&nbsp; En estos espacios el estudiante trabajar\u00e1 de forma independiente con material facilitado previamente por el docente de la asignatura. Si dos o m\u00e1s estudiantes coinciden en prepararse para este ex\u00e1men, los estudiantes son agrupados en un mismo espacio.&nbsp;<\/li>\n\n\n\n<li class=\"has-foreground-color has-text-color has-link-color has-medium-font-size wp-elements-2e4ee141849c7c8d7b4538b24dad1148\" style=\"margin-top:var(--wp--preset--spacing--30);margin-bottom:var(--wp--preset--spacing--30)\"><strong>iii. <\/strong>Ambas rutas requieren de mucho agenciamiento y responsabilidad de parte del estudiante dado que debe optimizar sus espacios de trabajo independiente para identificar sus fortalezas y \u00e1reas de mejora de su preparaci\u00f3n para as\u00ed recibir el apoyo del docente en los espacios de consulta.&nbsp;<\/li>\n\n\n\n<li class=\"has-foreground-color has-text-color has-link-color has-medium-font-size wp-elements-4cc8b8aa816976b1975791cfc4463e8c\" style=\"margin-top:var(--wp--preset--spacing--30);margin-bottom:var(--wp--preset--spacing--30)\"><strong>iv<\/strong>. Los estudiantes del programa de PAP contar\u00e1n con un cr\u00e9dito de 1.05 en su nota debido a que ser\u00e1n expuestos a un curr\u00edculo m\u00e1s avanzado con una mayor rigurosidad en sus evaluaciones. De esta forma, se busca proteger la equidad en cuanto al promedio acad\u00e9mico de cada estudiante. Los estudiantes de la ruta PCP no aplica el cr\u00e9dito de 1.05 dado que est\u00e1n trabajando el mismo curr\u00edculo que el resto de la clase pero en una ruta m\u00e1s acelerada.&nbsp;<\/li>\n\n\n\n<li class=\"has-foreground-color has-text-color has-link-color has-medium-font-size wp-elements-d5319fa712763f443c1500e8a55d4930\" style=\"margin-top:var(--wp--preset--spacing--30);margin-bottom:var(--wp--preset--spacing--30)\"><strong>v. <\/strong>Al finalizar cada trimestre se har\u00e1 un seguimiento del desempe\u00f1o acad\u00e9mico de cada estudiante de ambas rutas para determinar si existe la necesidad de un ajuste o plan de acci\u00f3n en su ruta personalizada.&nbsp;<\/li>\n\n\n\n<li class=\"has-foreground-color has-text-color has-link-color has-medium-font-size wp-elements-907eb03589a0e7d65086dee48828f81c\" style=\"margin-top:var(--wp--preset--spacing--30);margin-bottom:var(--wp--preset--spacing--30)\"><strong>vi. <\/strong>Esta ruta personalizada propende acompa\u00f1ar al estudiante en su vida acad\u00e9mica hasta su graduaci\u00f3n en grado 12th. No obstante, la instituci\u00f3n puede determinar la no continuidad del estudiante en el programa NOVA seg\u00fan su desempe\u00f1o acad\u00e9mico o el estudiante por sus propios medios tendr\u00e1 la posibilidad de desistir de pertenecer al programa.<\/li>\n\n\n\n<li class=\"has-foreground-color has-text-color has-link-color has-medium-font-size wp-elements-c3fd9d079fe1bba5a79569b3697169fb\" style=\"margin-top:var(--wp--preset--spacing--30);margin-bottom:var(--wp--preset--spacing--30)\"><strong>vii. <\/strong>En las fechas de registro de los ex\u00e1menes Cambridge, el estudiante podr\u00e1 confirmar si tomar\u00e1 el examen correspondiente seg\u00fan su nivel de preparaci\u00f3n acad\u00e9mica para la prueba y su desempe\u00f1o a la fecha.&nbsp;<\/li>\n<\/ul>\n\n\n\n<p class=\"has-text-align-center has-text-color has-link-color has-medium-font-size wp-elements-1ecc7f6535b6ff1fd4c7fd8a696d3bf8\" style=\"color:#1f2d55;margin-top:var(--wp--preset--spacing--50);margin-bottom:var(--wp--preset--spacing--50)\"><strong>Recursos de apoyo:&nbsp;<\/strong><\/p>\n\n\n\n<figure class=\"wp-block-table aligncenter has-normal-font-size\" style=\"margin-top:var(--wp--preset--spacing--60);margin-bottom:var(--wp--preset--spacing--60);padding-right:var(--wp--preset--spacing--60);padding-left:var(--wp--preset--spacing--60)\"><table class=\"has-foreground-color has-text-color has-link-color\"><tbody><tr><td><strong>Ruta personalizada del estudiante<\/strong><\/td><td><a href=\"https:\/\/docs.google.com\/document\/d\/1hfrW3S65hqXC2IdO27s9R1oIhCHoVYfySF3b_spMchw\/edit?usp=drive_link\"><strong><mark style=\"background-color:rgba(0, 0, 0, 0)\" class=\"has-inline-color has-foreground-color\">PCP<\/mark><\/strong><\/a><\/td><\/tr><tr><td><strong>B\u00fasqueda requisitos universidades<\/strong><\/td><td><a href=\"https:\/\/www.cambridgeinternational.org\/recognition-search\/\"><strong><mark style=\"background-color:rgba(0, 0, 0, 0)\" class=\"has-inline-color has-foreground-color\">Cambridge Recognition Search<\/mark><\/strong><\/a><\/td><\/tr><tr><td><strong>B\u00fasqueda lineamientos AICE Diploma<\/strong><\/td><td><a href=\"https:\/\/www.cambridgeinternational.org\/programmes-and-qualifications\/cambridge-advanced\/cambridge-aice-diploma\/\"><strong><mark style=\"background-color:rgba(0, 0, 0, 0)\" class=\"has-inline-color has-foreground-color\">AICE Diploma<\/mark><\/strong><\/a><\/td><\/tr><tr><td><strong>Fechas de ex\u00e1menes Cambridge<\/strong><\/td><td><strong>Ventana:&nbsp; &nbsp; &nbsp; Registro&nbsp; &nbsp; &nbsp; &nbsp; Ex\u00e1men:<\/strong><br><strong>&nbsp;&nbsp;&nbsp;&nbsp;&nbsp;&nbsp;1 &nbsp;<\/strong>Agosto&nbsp; <strong>&nbsp;&nbsp;&nbsp;&nbsp;&nbsp;&nbsp;&nbsp;&nbsp;&nbsp;<\/strong>Octubre, noviembre<br><strong>&nbsp;&nbsp;&nbsp;&nbsp;&nbsp;&nbsp;2 &nbsp;<\/strong>Enero &nbsp; <strong>&nbsp;&nbsp;&nbsp;&nbsp;&nbsp;&nbsp;&nbsp;&nbsp;&nbsp;&nbsp;<\/strong>Mayo, junio.<\/td><\/tr><\/tbody><\/table><\/figure>\n","protected":false},"excerpt":{"rendered":"<p>Estructura del programa: NOVA cuenta con dos rutas de flexibilizaci\u00f3n curricular, Personalized Cambridge Path (PCP) y Personalized Advanced Path (PAP). Personalized Cambridge Path (PCP): Ruta personalizada Cambridge. La ruta PCP aplica para estudiantes que necesitan un ajuste curricular para poder alcanzar a tomar el n\u00famero de ex\u00e1menes requeridos en la universidad y carrera de inter\u00e9s&#8230;.<\/p>\n","protected":false},"author":2,"featured_media":0,"parent":0,"menu_order":0,"comment_status":"closed","ping_status":"closed","template":"","meta":{"footnotes":"[{\"id\":\"909564ea-fe5b-4cf8-9f37-f18bbbbf5c31\",\"content\":\"\"}]"},"class_list":["post-4619","page","type-page","status-publish","hentry"],"_links":{"self":[{"href":"https:\/\/marymountbq.edu.co\/site\/wp-json\/wp\/v2\/pages\/4619","targetHints":{"allow":["GET"]}}],"collection":[{"href":"https:\/\/marymountbq.edu.co\/site\/wp-json\/wp\/v2\/pages"}],"about":[{"href":"https:\/\/marymountbq.edu.co\/site\/wp-json\/wp\/v2\/types\/page"}],"author":[{"embeddable":true,"href":"https:\/\/marymountbq.edu.co\/site\/wp-json\/wp\/v2\/users\/2"}],"replies":[{"embeddable":true,"href":"https:\/\/marymountbq.edu.co\/site\/wp-json\/wp\/v2\/comments?post=4619"}],"version-history":[{"count":16,"href":"https:\/\/marymountbq.edu.co\/site\/wp-json\/wp\/v2\/pages\/4619\/revisions"}],"predecessor-version":[{"id":5765,"href":"https:\/\/marymountbq.edu.co\/site\/wp-json\/wp\/v2\/pages\/4619\/revisions\/5765"}],"wp:attachment":[{"href":"https:\/\/marymountbq.edu.co\/site\/wp-json\/wp\/v2\/media?parent=4619"}],"curies":[{"name":"wp","href":"https:\/\/api.w.org\/{rel}","templated":true}]}}