 {"id":4099,"date":"2025-08-12T20:44:07","date_gmt":"2025-08-13T01:44:07","guid":{"rendered":"https:\/\/marymountbq.edu.co\/site\/?page_id=4099"},"modified":"2025-08-13T12:07:02","modified_gmt":"2025-08-13T17:07:02","slug":"4099-2","status":"publish","type":"page","link":"https:\/\/marymountbq.edu.co\/site\/4099-2\/","title":{"rendered":""},"content":{"rendered":"\n<div class=\"wp-block-cover is-style-smartversity-cover-round-style\" style=\"margin-top:0;margin-bottom:0;padding-top:0;padding-right:var(--wp--preset--spacing--80);padding-bottom:0;padding-left:var(--wp--preset--spacing--80);min-height:430px;aspect-ratio:unset;\"><img fetchpriority=\"high\" decoding=\"async\" width=\"1024\" height=\"873\" class=\"wp-block-cover__image-background wp-image-3230 size-large\" alt=\"\" src=\"https:\/\/marymountbq.edu.co\/site\/wp-content\/uploads\/2024\/12\/772A0913-1-1024x873.jpg\" style=\"object-position:52% 47%\" data-object-fit=\"cover\" data-object-position=\"52% 47%\" srcset=\"https:\/\/marymountbq.edu.co\/site\/wp-content\/uploads\/2024\/12\/772A0913-1-1024x873.jpg 1024w, https:\/\/marymountbq.edu.co\/site\/wp-content\/uploads\/2024\/12\/772A0913-1-300x256.jpg 300w, https:\/\/marymountbq.edu.co\/site\/wp-content\/uploads\/2024\/12\/772A0913-1-768x654.jpg 768w, https:\/\/marymountbq.edu.co\/site\/wp-content\/uploads\/2024\/12\/772A0913-1-1536x1309.jpg 1536w, https:\/\/marymountbq.edu.co\/site\/wp-content\/uploads\/2024\/12\/772A0913-1-2048x1745.jpg 2048w\" sizes=\"(max-width: 1024px) 100vw, 1024px\" \/><span aria-hidden=\"true\" class=\"wp-block-cover__background has-background-dim-40 has-background-dim\" style=\"background-color:#66655a\"><\/span><div class=\"wp-block-cover__inner-container is-layout-constrained wp-container-core-cover-is-layout-65fa8332 wp-block-cover-is-layout-constrained\">\n<p class=\"has-text-align-center has-background-color has-text-color has-link-color has-xx-large-font-size wp-elements-45ac9a13410c1273541dfe83fab3f67c\"><strong>PRESCHOOL<\/strong><\/p>\n\n\n\n<p class=\"has-text-align-center has-big-font-size\"><strong>(Nursery, Prekinder, Kinder)<\/strong><\/p>\n<\/div><\/div>\n\n\n\n<div class=\"wp-block-group is-layout-constrained wp-block-group-is-layout-constrained\">\n<div class=\"wp-block-columns are-vertically-aligned-center is-layout-flex wp-container-core-columns-is-layout-28f84493 wp-block-columns-is-layout-flex\">\n<div class=\"wp-block-column is-layout-flow wp-block-column-is-layout-flow\">\n<div style=\"height:48px\" aria-hidden=\"true\" class=\"wp-block-spacer\"><\/div>\n\n\n\n<p class=\"has-foreground-color has-text-color has-link-color has-big-font-size wp-elements-f21b8238f4fa628962505635c93f5374\" style=\"padding-right:var(--wp--preset--spacing--50);padding-left:var(--wp--preset--spacing--50)\">Nuestro enfoque de aprendizaje en el Preescolar, basado en el juego, fomenta la curiosidad y la interacci\u00f3n social, sentando las bases para un aprendizaje a lo largo de la vida, promoviendo altos niveles de bienestar y construyendo las bases de la personalidad de los estudiantes.<strong> <\/strong>Durante esta etapa brindamos una educaci\u00f3n integral que conecta a los estudiantes con su entorno mediante proyectos y experiencias tanto dentro como fuera del aula. A trav\u00e9s de actividades, los ni\u00f1os ampl\u00edan su conocimiento y habilidades de manera pr\u00e1ctica y significativa, prepar\u00e1ndose para enfrentar los desaf\u00edos del futuro como individuos cr\u00edticos, emp\u00e1ticos e \u00edntegros.<\/p>\n<\/div>\n<\/div>\n<\/div>\n\n\n\n<div class=\"wp-block-group is-layout-constrained wp-container-core-group-is-layout-2fb5e9bb wp-block-group-is-layout-constrained\" style=\"margin-top:0;margin-bottom:0;padding-top:120px;padding-right:var(--wp--preset--spacing--50);padding-bottom:120px;padding-left:var(--wp--preset--spacing--50)\">\n<div class=\"wp-block-columns is-layout-flex wp-container-core-columns-is-layout-9d99a141 wp-block-columns-is-layout-flex\" style=\"margin-top:0px\">\n<div class=\"wp-block-column is-layout-flow wp-container-core-column-is-layout-c6626a78 wp-block-column-is-layout-flow\" style=\"border-style:none;border-width:0px\">\n<div class=\"wp-block-group is-layout-constrained wp-container-core-group-is-layout-5ec75b6b wp-block-group-is-layout-constrained\" style=\"border-bottom-color:var(--wp--preset--color--border-color);border-bottom-width:1px;margin-top:0;margin-bottom:0;padding-right:0;padding-bottom:40px\">\n<div class=\"wp-block-columns is-layout-flex wp-container-core-columns-is-layout-59e203da wp-block-columns-is-layout-flex\" style=\"padding-right:0;padding-left:0\">\n<div class=\"wp-block-column is-layout-constrained wp-container-core-column-is-layout-affacae6 wp-block-column-is-layout-constrained\" style=\"padding-right:0;padding-left:0;flex-basis:2100px\">\n<div class=\"wp-block-columns is-layout-flex wp-container-core-columns-is-layout-e0e4babd wp-block-columns-is-layout-flex\" style=\"padding-right:0;padding-left:0\">\n<div class=\"wp-block-column is-layout-flow wp-block-column-is-layout-flow\" style=\"padding-right:var(--wp--preset--spacing--50)\">\n<figure class=\"wp-block-image size-large\"><img decoding=\"async\" width=\"1024\" height=\"683\" src=\"https:\/\/marymountbq.edu.co\/site\/wp-content\/uploads\/2024\/10\/Diseno-sin-titulo-15-1024x683.jpg\" alt=\"\" class=\"wp-image-2688\" srcset=\"https:\/\/marymountbq.edu.co\/site\/wp-content\/uploads\/2024\/10\/Diseno-sin-titulo-15-1024x683.jpg 1024w, https:\/\/marymountbq.edu.co\/site\/wp-content\/uploads\/2024\/10\/Diseno-sin-titulo-15-300x200.jpg 300w, https:\/\/marymountbq.edu.co\/site\/wp-content\/uploads\/2024\/10\/Diseno-sin-titulo-15-768x512.jpg 768w, https:\/\/marymountbq.edu.co\/site\/wp-content\/uploads\/2024\/10\/Diseno-sin-titulo-15-1536x1024.jpg 1536w, https:\/\/marymountbq.edu.co\/site\/wp-content\/uploads\/2024\/10\/Diseno-sin-titulo-15-2048x1365.jpg 2048w\" sizes=\"(max-width: 1024px) 100vw, 1024px\" \/><\/figure>\n<\/div>\n\n\n\n<div class=\"wp-block-column has-normal-font-size is-layout-flow wp-container-core-column-is-layout-92d440f1 wp-block-column-is-layout-flow\" style=\"padding-top:0;padding-bottom:0\">\n<p class=\"has-text-color has-link-color has-big-font-size wp-elements-90f6ed5561ff98adbe8713139c6e4238\" style=\"color:#1f2d55;margin-top:var(--wp--preset--spacing--50);margin-bottom:var(--wp--preset--spacing--50)\"><strong><strong><em>Cambridge International Early Years<\/em><\/strong><\/strong><\/p>\n\n\n\n<p class=\"has-primary-color has-text-color has-link-color wp-elements-ec27d98eb9edcafc7f46473c4ea5c877\">A partir de rigurosos estudios de diversos modelos educativos, Marymount ha seleccionado el programa <em>Cambridge International Early Years<\/em> como el n\u00facleo de su propuesta educativa para preescolar. Este enfoque, basado en los estudios y m\u00e9todos pedag\u00f3gicos m\u00e1s avanzados, permite una adaptaci\u00f3n flexible a las necesidades individuales de cada estudiante. Asimismo, fomenta en los ni\u00f1os la independencia, la toma de decisiones y el desarrollo de la confianza y autoestima, dot\u00e1ndolos de herramientas para adquirir habilidades interpersonales como el pensamiento cr\u00edtico, la resoluci\u00f3n de problemas y la gesti\u00f3n del tiempo.<\/p>\n<\/div>\n<\/div>\n<\/div>\n<\/div>\n<\/div>\n\n\n\n<div class=\"wp-block-group is-layout-constrained wp-block-group-is-layout-constrained\" style=\"border-bottom-color:var(--wp--preset--color--border-color);border-bottom-width:1px;padding-bottom:40px\">\n<div class=\"wp-block-columns is-layout-flex wp-container-core-columns-is-layout-28f84493 wp-block-columns-is-layout-flex\">\n<div class=\"wp-block-column is-layout-constrained wp-block-column-is-layout-constrained\" style=\"flex-basis:2100px\">\n<div class=\"wp-block-columns is-layout-flex wp-container-core-columns-is-layout-28f84493 wp-block-columns-is-layout-flex\">\n<div class=\"wp-block-column is-layout-flow wp-block-column-is-layout-flow\" style=\"padding-right:var(--wp--preset--spacing--50)\">\n<figure class=\"wp-block-image size-large is-resized\"><img decoding=\"async\" width=\"1024\" height=\"683\" src=\"https:\/\/marymountbq.edu.co\/site\/wp-content\/uploads\/2025\/08\/Diseno-sin-titulo-3-1024x683.png\" alt=\"\" class=\"wp-image-4104\" style=\"width:579px;height:auto\" srcset=\"https:\/\/marymountbq.edu.co\/site\/wp-content\/uploads\/2025\/08\/Diseno-sin-titulo-3-1024x683.png 1024w, https:\/\/marymountbq.edu.co\/site\/wp-content\/uploads\/2025\/08\/Diseno-sin-titulo-3-300x200.png 300w, https:\/\/marymountbq.edu.co\/site\/wp-content\/uploads\/2025\/08\/Diseno-sin-titulo-3-768x512.png 768w, https:\/\/marymountbq.edu.co\/site\/wp-content\/uploads\/2025\/08\/Diseno-sin-titulo-3-1536x1025.png 1536w, https:\/\/marymountbq.edu.co\/site\/wp-content\/uploads\/2025\/08\/Diseno-sin-titulo-3.png 2048w\" sizes=\"(max-width: 1024px) 100vw, 1024px\" \/><\/figure>\n<\/div>\n\n\n\n<div class=\"wp-block-column has-normal-font-size is-layout-flow wp-container-core-column-is-layout-92d440f1 wp-block-column-is-layout-flow\" style=\"padding-top:0;padding-bottom:0\">\n<p class=\"has-text-color has-link-color has-big-font-size wp-elements-658a7ceb9bfc7284cd13b1ef46ec90c6\" style=\"color:#1f2d55;margin-top:var(--wp--preset--spacing--50);margin-bottom:var(--wp--preset--spacing--50)\"><strong><strong>Enfoque Hol\u00edstico Centrado en el Ni\u00f1o<\/strong><\/strong><\/p>\n\n\n\n<p class=\"has-primary-color has-text-color has-link-color wp-elements-78db625ca293de0f6da9738a848edff6\">El plan de estudios en preescolar promueve el desarrollo integral de los ni\u00f1os, combinando \u00e1reas acad\u00e9micas como ingl\u00e9s, matem\u00e1ticas, ciencias, estudios globales y espa\u00f1ol, ense\u00f1adas de manera interconectada para fomentar el aprendizaje a trav\u00e9s del juego y la exploraci\u00f3n. Incluye artes, danza, m\u00fasica, tecnolog\u00eda y movimiento corporal, esenciales para el crecimiento emocional, cognitivo y f\u00edsico, potenciando la creatividad, la motricidad, el pensamiento cr\u00edtico y la confianza, adem\u00e1s de cultivar la apreciaci\u00f3n de la diversidad cultural.<\/p>\n\n\n\n<p><\/p>\n\n\n\n<p class=\"has-primary-color has-text-color has-link-color wp-elements-7c2266ef3824e8bc9e08451f8f0ff0a0\">Un sal\u00f3n de clases de Marymount Preschool, es un ambiente vibrante y centrado en el ni\u00f1o donde el aprendizaje se desarrolla naturalmente a trav\u00e9s del juego, la exploraci\u00f3n y la interacci\u00f3n. Los estudiantes participan en una combinaci\u00f3n din\u00e1mica de oportunidades de aprendizaje estructuradas y autodirigidas.<\/p>\n<\/div>\n<\/div>\n<\/div>\n<\/div>\n<\/div>\n\n\n\n<div class=\"wp-block-columns is-layout-flex wp-container-core-columns-is-layout-28f84493 wp-block-columns-is-layout-flex\">\n<div class=\"wp-block-column is-layout-flow wp-block-column-is-layout-flow\">\n<p class=\"has-text-align-center has-text-color has-link-color has-big-font-size wp-elements-1621d88bb707f97ac9034894aa0d6303\" style=\"color:#1f2d55\"><strong>EXPERIENCIA DEL ESTUDIANTES<\/strong><br><\/p>\n<\/div>\n<\/div>\n<\/div>\n<\/div>\n\n\n\n<div class=\"wp-block-columns is-layout-flex wp-container-core-columns-is-layout-28f84493 wp-block-columns-is-layout-flex\">\n<div class=\"wp-block-column is-layout-flow wp-block-column-is-layout-flow\">\n<figure class=\"wp-block-image size-large\"><img loading=\"lazy\" decoding=\"async\" width=\"1024\" height=\"585\" src=\"https:\/\/marymountbq.edu.co\/site\/wp-content\/uploads\/2025\/08\/Captura-de-pantalla-2025-08-12-a-las-8.42.43-p.-m-1024x585.png\" alt=\"\" class=\"wp-image-4100\" srcset=\"https:\/\/marymountbq.edu.co\/site\/wp-content\/uploads\/2025\/08\/Captura-de-pantalla-2025-08-12-a-las-8.42.43-p.-m-1024x585.png 1024w, https:\/\/marymountbq.edu.co\/site\/wp-content\/uploads\/2025\/08\/Captura-de-pantalla-2025-08-12-a-las-8.42.43-p.-m-300x171.png 300w, https:\/\/marymountbq.edu.co\/site\/wp-content\/uploads\/2025\/08\/Captura-de-pantalla-2025-08-12-a-las-8.42.43-p.-m-768x439.png 768w, https:\/\/marymountbq.edu.co\/site\/wp-content\/uploads\/2025\/08\/Captura-de-pantalla-2025-08-12-a-las-8.42.43-p.-m.png 1120w\" sizes=\"(max-width: 1024px) 100vw, 1024px\" \/><\/figure>\n<\/div>\n\n\n\n<div class=\"wp-block-column is-layout-flow wp-block-column-is-layout-flow\">\n<figure class=\"wp-block-image size-large is-resized\"><img loading=\"lazy\" decoding=\"async\" width=\"1024\" height=\"704\" src=\"https:\/\/marymountbq.edu.co\/site\/wp-content\/uploads\/2025\/08\/Captura-de-pantalla-2025-08-12-a-las-8.43.19-p.-m-1024x704.png\" alt=\"\" class=\"wp-image-4101\" style=\"width:487px;height:auto\" srcset=\"https:\/\/marymountbq.edu.co\/site\/wp-content\/uploads\/2025\/08\/Captura-de-pantalla-2025-08-12-a-las-8.43.19-p.-m-1024x704.png 1024w, https:\/\/marymountbq.edu.co\/site\/wp-content\/uploads\/2025\/08\/Captura-de-pantalla-2025-08-12-a-las-8.43.19-p.-m-300x206.png 300w, https:\/\/marymountbq.edu.co\/site\/wp-content\/uploads\/2025\/08\/Captura-de-pantalla-2025-08-12-a-las-8.43.19-p.-m-768x528.png 768w, https:\/\/marymountbq.edu.co\/site\/wp-content\/uploads\/2025\/08\/Captura-de-pantalla-2025-08-12-a-las-8.43.19-p.-m.png 1134w\" sizes=\"(max-width: 1024px) 100vw, 1024px\" \/><\/figure>\n<\/div>\n<\/div>\n\n\n\n<p class=\"has-foreground-color has-text-color has-link-color wp-elements-ba1238313e84d32e61af7a13624464d4\"><\/p>\n\n\n\n<div style=\"height:100px\" aria-hidden=\"true\" class=\"wp-block-spacer\"><\/div>\n\n\n\n<div class=\"wp-block-cover is-light\"><img loading=\"lazy\" decoding=\"async\" width=\"1024\" height=\"683\" class=\"wp-block-cover__image-background wp-image-4115 size-large\" alt=\"\" src=\"https:\/\/marymountbq.edu.co\/site\/wp-content\/uploads\/2025\/08\/772A8800-1024x683.jpg\" style=\"object-position:61% 53%\" data-object-fit=\"cover\" data-object-position=\"61% 53%\" srcset=\"https:\/\/marymountbq.edu.co\/site\/wp-content\/uploads\/2025\/08\/772A8800-1024x683.jpg 1024w, https:\/\/marymountbq.edu.co\/site\/wp-content\/uploads\/2025\/08\/772A8800-300x200.jpg 300w, https:\/\/marymountbq.edu.co\/site\/wp-content\/uploads\/2025\/08\/772A8800-768x512.jpg 768w, https:\/\/marymountbq.edu.co\/site\/wp-content\/uploads\/2025\/08\/772A8800-1536x1024.jpg 1536w, https:\/\/marymountbq.edu.co\/site\/wp-content\/uploads\/2025\/08\/772A8800-2048x1365.jpg 2048w\" sizes=\"(max-width: 1024px) 100vw, 1024px\" \/><span aria-hidden=\"true\" class=\"wp-block-cover__background has-background-dim\" style=\"background-color:#b6a49f\"><\/span><div class=\"wp-block-cover__inner-container is-layout-constrained wp-block-cover-is-layout-constrained\">\n<p class=\"has-text-align-center has-background-color has-text-color has-link-color has-x-large-font-size wp-elements-b0f368ec91f40247de0cf4cf66dafd38\"><strong>TESTIMONIOS<\/strong><\/p>\n<\/div><\/div>\n\n\n\n<div style=\"height:52px\" aria-hidden=\"true\" class=\"wp-block-spacer\"><\/div>\n\n\n\n<div class=\"wp-block-cb-carousel-v2 cb-carousel-block\" data-cb-slides-per-view=\"1\" data-cb-slides-per-group=\"1\" data-cb-space-between=\"15\" data-cb-speed=\"300\" data-cb-navigation=\"true\" data-cb-pagination=\"true\" data-cb-breakpoints=\"{&quot;768&quot;:{&quot;slidesPerView&quot;:3,&quot;slidesPerGroup&quot;:1}}\"><div class=\"swiper\"><div class=\"cb-wrapper swiper-wrapper\">\n<div class=\"wp-block-cb-slide-v2 cb-slide swiper-slide\">\n<p class=\"has-foreground-color has-text-color has-link-color wp-elements-d983a6512f12c9e3921f5c9eb5679f18\">&#8220;<em><em>Preschool significa el segundo hogar de mi hijo!! Y lo que m\u00e1s me hace feliz es escucharlo decir hoy es lunes! D\u00eda de Colegio!!&#8221; <\/em><strong><em>Andrea Villamizar<\/em><\/strong><\/em><\/p>\n<\/div>\n\n\n\n<div class=\"wp-block-cb-slide-v2 cb-slide swiper-slide\">\n<p class=\"has-foreground-color has-text-color has-link-color wp-elements-076d4c9f48f28cb28c78086c7471ce46\">&#8220;<em>Para mi preeschool es el&nbsp; lugar feliz de mi hijo, donde aprende con amor, juegos y risas&#8221;. <\/em><strong><em>Ana Maria Khoury<\/em><\/strong><\/p>\n<\/div>\n\n\n\n<div class=\"wp-block-cb-slide-v2 cb-slide swiper-slide\">\n<p class=\"has-foreground-color has-text-color has-link-color wp-elements-13b4a55a5d135549fdd03a106bafc6f9\">&#8220;<em><em>Preeschool es un lugar de amor y muchos valores&#8221;. <\/em><strong><em>Paola Andrea Daza<\/em><\/strong><\/em><\/p>\n<\/div>\n\n\n\n<div class=\"wp-block-cb-slide-v2 cb-slide swiper-slide\">\n<p class=\"has-foreground-color has-text-color has-link-color wp-elements-85cac7049037ec430ce2d8c26e8fdd44\">&#8220;<em>Para mi Preeschool es el lugar de felicidad de Gusti. Es un lugar donde encuentra amor, aceptaci\u00f3n, dedicaci\u00f3n, entrega y diversi\u00f3n&#8221;. <\/em><strong><em>Liliana Vives<\/em><\/strong><\/p>\n<\/div>\n\n\n\n<div class=\"wp-block-cb-slide-v2 cb-slide swiper-slide\">\n<p class=\"has-foreground-color has-text-color has-link-color wp-elements-f00374fa0b9be8dedca1ceb8c4630474\">&#8220;<em>Preschool es divertido y hace a mi hijo simplemente feliz!&#8221; <\/em><strong><em>Andrea Camila Cruz<\/em><\/strong><\/p>\n<\/div>\n\n\n\n<div class=\"wp-block-cb-slide-v2 cb-slide swiper-slide\">\n<p class=\"has-foreground-color has-text-color has-link-color wp-elements-30eaf0e089987ce0e0d6612c114e832d\">&#8220;<em>Preescolar para m\u00ed es donde puedo dejar con total confianza y seguridad a lo que m\u00e1s importante en mi vida, mi hijo&#8221;. <\/em><strong><em>Carolina Correa<\/em><\/strong><\/p>\n<\/div>\n\n\n\n<div class=\"wp-block-cb-slide-v2 cb-slide swiper-slide\">\n<p class=\"has-foreground-color has-text-color has-link-color wp-elements-5cb4f8e0b35ff1e1a213b498642f6f57\">&#8220;<em>Preeschool es la etapa en la cual enamoramos a nuestros hijos del deseo de aprender, preguntar y crecer!!!!&#8221; <\/em><strong><em>Natalia Caballero<\/em><\/strong><\/p>\n<\/div>\n\n\n\n<div class=\"wp-block-cb-slide-v2 cb-slide swiper-slide\">\n<p class=\"has-foreground-color has-text-color has-link-color wp-elements-e4e4ecefd16e5b3e95acf6bb66929f8f\">&#8220;<em>Preeschool es aprendizaje, diversi\u00f3n, alegr\u00eda e inclusi\u00f3n&#8221;. <\/em><strong><em>Celia Gomez<\/em><\/strong><\/p>\n<\/div>\n\n\n\n<div class=\"wp-block-cb-slide-v2 cb-slide swiper-slide\">\n<p class=\"has-foreground-color has-text-color has-link-color wp-elements-e1f39f60d9fc350f1e5e1defc5c0a154\">&#8220;<em>Para m\u00ed, preschool es el lugar donde mi hijo siempre sale feliz, con una nueva historia, un juego o una aventura por descubrir&#8221;. <\/em><strong><em>Laura Carrasquilla<\/em><\/strong><\/p>\n<\/div>\n\n\n\n<div class=\"wp-block-cb-slide-v2 cb-slide swiper-slide\">\n<p class=\"has-foreground-color has-text-color has-link-color wp-elements-f9e498c3a28b4c3787f225404f287c74\">&#8220;<em>Preescolar es ese templo de aprendizaje lleno de diversi\u00f3n, amigos y personas que marcan el inicio de un largo camino, llevados siempre de la mano de Dios y mamita Mar\u00eda&#8221;.&nbsp; <\/em><strong><em>Lida Suarez<\/em><\/strong><\/p>\n<\/div>\n\n\n\n<div class=\"wp-block-cb-slide-v2 cb-slide swiper-slide\">\n<p class=\"has-foreground-color has-text-color has-link-color wp-elements-de3eb4af83aed856600f46d1b220ab49\"><em>&#8220;Preescolar es aprender con amor y diversi\u00f3n, un lugar seguro y muy divertido lleno de personas m\u00e1gicas e inolvidables&#8221;.&nbsp; <\/em><strong><em>Lina Gomez<\/em><\/strong><\/p>\n<\/div>\n\n\n\n<div class=\"wp-block-cb-slide-v2 cb-slide swiper-slide\">\n<p class=\"has-foreground-color has-text-color has-link-color wp-elements-02d537ac9665c2f20d0710153b785878\">&#8220;<em>Preescolar es un lugar de formaci\u00f3n acad\u00e9mica y valores, un espacio de diversi\u00f3n y entretenimiento y de disfrute con amigos&#8221;. <\/em><strong><em>Kelina Puche<\/em><\/strong><\/p>\n<\/div>\n\n\n\n<div class=\"wp-block-cb-slide-v2 cb-slide swiper-slide\">\n<p class=\"has-foreground-color has-text-color has-link-color wp-elements-5d8b3addf4d51454a28e39ebb65fac8b\">&#8220;<em>Preescolar es ese lugar feliz donde empiezan tantas aventuras y donde arranca el amor y sentido de pertenencia de los ni\u00f1os por su amado colegio!&#8221; <\/em><strong><em>Jimena Hurtado<\/em><\/strong><\/p>\n<\/div>\n\n\n\n<div class=\"wp-block-cb-slide-v2 cb-slide swiper-slide\">\n<p class=\"has-foreground-color has-text-color has-link-color wp-elements-7aa6e14d475185baf8745a4997433cae\">&#8220;<em>Preeschool es el primer cap\u00edtulo de un libro de aventuras, lleno de cuentos, canciones y risas, donde cada d\u00eda es una nueva historia!&#8221; <\/em><strong><em>Amal Milane<\/em><\/strong><\/p>\n<\/div>\n\n\n\n<div class=\"wp-block-cb-slide-v2 cb-slide swiper-slide\">\n<p class=\"has-foreground-color has-text-color has-link-color wp-elements-fced0196c8ba898717e9abd03d37d992\">&#8220;<em>Preeschool es exploraci\u00f3n, descubrimiento y aprendizajes que, a trav\u00e9s del juego, llenan de magia y felicidad a los m\u00e1s peque\u00f1os&#8221;. <\/em><strong><em>Vanessa Certein<\/em><\/strong><em>.<\/em><\/p>\n<\/div>\n\n\n\n<div class=\"wp-block-cb-slide-v2 cb-slide swiper-slide\">\n<p class=\"has-foreground-color has-text-color has-link-color wp-elements-caff7ef5e9d2cc00c766354eaf9be78c\">&#8220;<em>El Preeschool es un lugar m\u00e1gico en los que los ni\u00f1os sue\u00f1an, juegan aprendiendo y empiezan a conocen a sus amigos de toda la vida&#8221;. <\/em><strong><em>Alexandra Arocha<\/em><\/strong><\/p>\n<\/div>\n<\/div><\/div><div class=\"cb-pagination swiper-pagination\"><\/div><div class=\"cb-button-prev swiper-button-prev\"><\/div><div class=\"cb-button-next swiper-button-next\"><\/div><\/div>\n<\/div>\n\n\n\n<p><\/p>\n","protected":false},"excerpt":{"rendered":"<p>Nuestro enfoque de aprendizaje en el Preescolar, basado en el juego, fomenta la curiosidad y la interacci\u00f3n social, sentando las bases para un aprendizaje a lo largo de la vida, promoviendo altos niveles de bienestar y construyendo las bases de la personalidad de los estudiantes. Durante esta etapa brindamos una educaci\u00f3n integral que conecta a&#8230;<\/p>\n","protected":false},"author":2,"featured_media":0,"parent":0,"menu_order":0,"comment_status":"open","ping_status":"closed","template":"","meta":{"footnotes":""},"class_list":["post-4099","page","type-page","status-publish","hentry"],"_links":{"self":[{"href":"https:\/\/marymountbq.edu.co\/site\/wp-json\/wp\/v2\/pages\/4099","targetHints":{"allow":["GET"]}}],"collection":[{"href":"https:\/\/marymountbq.edu.co\/site\/wp-json\/wp\/v2\/pages"}],"about":[{"href":"https:\/\/marymountbq.edu.co\/site\/wp-json\/wp\/v2\/types\/page"}],"author":[{"embeddable":true,"href":"https:\/\/marymountbq.edu.co\/site\/wp-json\/wp\/v2\/users\/2"}],"replies":[{"embeddable":true,"href":"https:\/\/marymountbq.edu.co\/site\/wp-json\/wp\/v2\/comments?post=4099"}],"version-history":[{"count":11,"href":"https:\/\/marymountbq.edu.co\/site\/wp-json\/wp\/v2\/pages\/4099\/revisions"}],"predecessor-version":[{"id":4299,"href":"https:\/\/marymountbq.edu.co\/site\/wp-json\/wp\/v2\/pages\/4099\/revisions\/4299"}],"wp:attachment":[{"href":"https:\/\/marymountbq.edu.co\/site\/wp-json\/wp\/v2\/media?parent=4099"}],"curies":[{"name":"wp","href":"https:\/\/api.w.org\/{rel}","templated":true}]}}