 {"id":4071,"date":"2025-08-12T19:47:04","date_gmt":"2025-08-13T00:47:04","guid":{"rendered":"https:\/\/marymountbq.edu.co\/site\/?page_id=4071"},"modified":"2025-08-20T09:57:18","modified_gmt":"2025-08-20T14:57:18","slug":"4071-2","status":"publish","type":"page","link":"https:\/\/marymountbq.edu.co\/site\/4071-2\/","title":{"rendered":""},"content":{"rendered":"\n<div class=\"wp-block-cover is-style-smartversity-cover-round-style\" style=\"margin-top:0;margin-bottom:0;padding-top:0;padding-right:var(--wp--preset--spacing--80);padding-bottom:0;padding-left:var(--wp--preset--spacing--80);min-height:430px;aspect-ratio:unset;\"><img fetchpriority=\"high\" decoding=\"async\" width=\"1024\" height=\"512\" class=\"wp-block-cover__image-background wp-image-2777\" alt=\"\" src=\"https:\/\/marymountbq.edu.co\/site\/wp-content\/uploads\/2024\/11\/Plantilla-post-RRSS-1-1-1024x512.png\" style=\"object-position:49% 60%\" data-object-fit=\"cover\" data-object-position=\"49% 60%\" srcset=\"https:\/\/marymountbq.edu.co\/site\/wp-content\/uploads\/2024\/11\/Plantilla-post-RRSS-1-1-1024x512.png 1024w, https:\/\/marymountbq.edu.co\/site\/wp-content\/uploads\/2024\/11\/Plantilla-post-RRSS-1-1-300x150.png 300w, https:\/\/marymountbq.edu.co\/site\/wp-content\/uploads\/2024\/11\/Plantilla-post-RRSS-1-1-768x384.png 768w, https:\/\/marymountbq.edu.co\/site\/wp-content\/uploads\/2024\/11\/Plantilla-post-RRSS-1-1-1536x768.png 1536w, https:\/\/marymountbq.edu.co\/site\/wp-content\/uploads\/2024\/11\/Plantilla-post-RRSS-1-1.png 1875w\" sizes=\"(max-width: 1024px) 100vw, 1024px\" \/><span aria-hidden=\"true\" class=\"wp-block-cover__background has-background-dim-40 has-background-dim\"><\/span><div class=\"wp-block-cover__inner-container is-layout-constrained wp-container-core-cover-is-layout-65fa8332 wp-block-cover-is-layout-constrained\">\n<p class=\"has-text-align-center has-background-color has-text-color has-link-color has-xx-large-font-size wp-elements-b064f218e13012006857b65c511e8963\"><strong>UPPER ELEMENTARY<\/strong><\/p>\n\n\n\n<p class=\"has-text-align-center has-big-font-size\"><strong>(4th &#8211; 6th Grade)<\/strong><\/p>\n<\/div><\/div>\n\n\n\n<div class=\"wp-block-group is-layout-constrained wp-block-group-is-layout-constrained\">\n<div class=\"wp-block-columns are-vertically-aligned-center is-layout-flex wp-container-core-columns-is-layout-28f84493 wp-block-columns-is-layout-flex\">\n<div class=\"wp-block-column is-layout-flow wp-block-column-is-layout-flow\">\n<div style=\"height:48px\" aria-hidden=\"true\" class=\"wp-block-spacer\"><\/div>\n\n\n\n<p class=\"has-foreground-color has-text-color has-link-color has-big-font-size wp-elements-4665e0ccd4d5c7010f085446c1256f4e\" style=\"padding-right:var(--wp--preset--spacing--50);padding-left:var(--wp--preset--spacing--50)\">En esta etapa los estudiantes de&nbsp;<em>Upper Elementary<\/em>&nbsp;desarrollan su autogesti\u00f3n y contin\u00faan definiendo su car\u00e1cter.&nbsp;<\/p>\n\n\n\n<p class=\"has-foreground-color has-text-color has-link-color has-big-font-size wp-elements-76fd3c0554d3cdbabc70aca2151920a7\" style=\"padding-right:var(--wp--preset--spacing--50);padding-left:var(--wp--preset--spacing--50)\">Nuestro enfoque se centra en el desarrollo de habilidades cognitivas y emocionales que les apoyen en su proceso acad\u00e9mico. Desarrollan la capacidad de autogestionarse y reflexionar, claves para garantizar un progreso adecuado. Desde las diferentes \u00e1reas se impulsa el crecimiento personal, ofreciendo oportunidades para mejorar continuamente.<\/p>\n<\/div>\n<\/div>\n<\/div>\n\n\n\n<div class=\"wp-block-group is-layout-constrained wp-container-core-group-is-layout-2fb5e9bb wp-block-group-is-layout-constrained\" style=\"margin-top:0;margin-bottom:0;padding-top:120px;padding-right:var(--wp--preset--spacing--50);padding-bottom:120px;padding-left:var(--wp--preset--spacing--50)\">\n<div class=\"wp-block-columns is-layout-flex wp-container-core-columns-is-layout-9d99a141 wp-block-columns-is-layout-flex\" style=\"margin-top:0px\">\n<div class=\"wp-block-column is-layout-flow wp-container-core-column-is-layout-c6626a78 wp-block-column-is-layout-flow\" style=\"border-style:none;border-width:0px\">\n<div class=\"wp-block-group is-layout-constrained wp-container-core-group-is-layout-5ec75b6b wp-block-group-is-layout-constrained\" style=\"border-bottom-color:var(--wp--preset--color--border-color);border-bottom-width:1px;margin-top:0;margin-bottom:0;padding-right:0;padding-bottom:40px\">\n<div class=\"wp-block-columns is-layout-flex wp-container-core-columns-is-layout-59e203da wp-block-columns-is-layout-flex\" style=\"padding-right:0;padding-left:0\">\n<div class=\"wp-block-column is-layout-constrained wp-container-core-column-is-layout-affacae6 wp-block-column-is-layout-constrained\" style=\"padding-right:0;padding-left:0;flex-basis:2100px\">\n<div class=\"wp-block-columns is-layout-flex wp-container-core-columns-is-layout-e0e4babd wp-block-columns-is-layout-flex\" style=\"padding-right:0;padding-left:0\">\n<div class=\"wp-block-column is-layout-flow wp-block-column-is-layout-flow\" style=\"padding-right:var(--wp--preset--spacing--50)\">\n<figure class=\"wp-block-image size-large\"><img decoding=\"async\" width=\"1024\" height=\"683\" src=\"https:\/\/marymountbq.edu.co\/site\/wp-content\/uploads\/2025\/06\/Diseno-sin-titulo-4-1024x683.jpg\" alt=\"\" class=\"wp-image-3875\" srcset=\"https:\/\/marymountbq.edu.co\/site\/wp-content\/uploads\/2025\/06\/Diseno-sin-titulo-4-1024x683.jpg 1024w, https:\/\/marymountbq.edu.co\/site\/wp-content\/uploads\/2025\/06\/Diseno-sin-titulo-4-300x200.jpg 300w, https:\/\/marymountbq.edu.co\/site\/wp-content\/uploads\/2025\/06\/Diseno-sin-titulo-4-768x512.jpg 768w, https:\/\/marymountbq.edu.co\/site\/wp-content\/uploads\/2025\/06\/Diseno-sin-titulo-4-1536x1024.jpg 1536w, https:\/\/marymountbq.edu.co\/site\/wp-content\/uploads\/2025\/06\/Diseno-sin-titulo-4.jpg 1920w\" sizes=\"(max-width: 1024px) 100vw, 1024px\" \/><\/figure>\n<\/div>\n\n\n\n<div class=\"wp-block-column has-normal-font-size is-layout-flow wp-container-core-column-is-layout-92d440f1 wp-block-column-is-layout-flow\" style=\"padding-top:0;padding-bottom:0\">\n<p class=\"has-text-color has-link-color has-big-font-size wp-elements-fbc0eaba49e48e4e666358c998013008\" style=\"color:#1f2d55;margin-top:var(--wp--preset--spacing--50);margin-bottom:var(--wp--preset--spacing--50)\"><strong>Experiencias aut\u00e9nticas<\/strong><\/p>\n\n\n\n<p class=\"has-primary-color has-text-color has-link-color wp-elements-d982893081d798f1bad7240919bca74d\">Un d\u00eda en Upper Elementary est\u00e1 lleno de actividades dise\u00f1adas para estimular la creatividad, la curiosidad y el aprendizaje significativo. Nuestra propuesta educativa equilibra el trabajo individual y grupal, fortaleciendo tanto el autoconocimiento de los estudiantes como su capacidad para colaborar con otros.&nbsp; Los estudiantes disfrutan de experiencias educativas aut\u00e9nticas que los inspiran a explorar nuevas formas de aprender y aplicar sus conocimientos en contextos reales, prepar\u00e1ndose para ser ciudadanos comprometidos y agentes de cambio.<\/p>\n<\/div>\n<\/div>\n<\/div>\n<\/div>\n<\/div>\n\n\n\n<div class=\"wp-block-group is-layout-constrained wp-block-group-is-layout-constrained\" style=\"border-bottom-color:var(--wp--preset--color--border-color);border-bottom-width:1px;padding-bottom:40px\">\n<div class=\"wp-block-columns is-layout-flex wp-container-core-columns-is-layout-28f84493 wp-block-columns-is-layout-flex\">\n<div class=\"wp-block-column is-layout-constrained wp-block-column-is-layout-constrained\" style=\"flex-basis:2100px\">\n<div class=\"wp-block-columns is-layout-flex wp-container-core-columns-is-layout-28f84493 wp-block-columns-is-layout-flex\">\n<div class=\"wp-block-column is-layout-flow wp-block-column-is-layout-flow\" style=\"padding-right:var(--wp--preset--spacing--50)\">\n<figure class=\"wp-block-image size-large is-resized\"><img decoding=\"async\" width=\"1024\" height=\"683\" src=\"https:\/\/marymountbq.edu.co\/site\/wp-content\/uploads\/2024\/04\/IMG_9596-2-1024x683.jpg\" alt=\"\" class=\"wp-image-2172\" style=\"width:579px;height:auto\" srcset=\"https:\/\/marymountbq.edu.co\/site\/wp-content\/uploads\/2024\/04\/IMG_9596-2-1024x683.jpg 1024w, https:\/\/marymountbq.edu.co\/site\/wp-content\/uploads\/2024\/04\/IMG_9596-2-300x200.jpg 300w, https:\/\/marymountbq.edu.co\/site\/wp-content\/uploads\/2024\/04\/IMG_9596-2-768x512.jpg 768w, https:\/\/marymountbq.edu.co\/site\/wp-content\/uploads\/2024\/04\/IMG_9596-2-1536x1024.jpg 1536w, https:\/\/marymountbq.edu.co\/site\/wp-content\/uploads\/2024\/04\/IMG_9596-2-2048x1365.jpg 2048w\" sizes=\"(max-width: 1024px) 100vw, 1024px\" \/><\/figure>\n<\/div>\n\n\n\n<div class=\"wp-block-column has-normal-font-size is-layout-flow wp-container-core-column-is-layout-92d440f1 wp-block-column-is-layout-flow\" style=\"padding-top:0;padding-bottom:0\">\n<p class=\"has-text-color has-link-color has-big-font-size wp-elements-1d222d5afcf9c9971ca05c24cf3b473c\" style=\"color:#1f2d55;margin-top:var(--wp--preset--spacing--50);margin-bottom:var(--wp--preset--spacing--50)\"><strong>Competencia global<\/strong><\/p>\n\n\n\n<p class=\"has-primary-color has-text-color has-link-color wp-elements-dc022d7eef98968b1e95709a0c419a2b\">El desarrollo de la competencia global es un elemento central en la formaci\u00f3n de l\u00edderes conscientes del mundo que los rodea. Para lograr esto, implementamos metodolog\u00edas clave como Project-Based Learning (PBL), Service Learning (SL) y Connection-Based Learning (CBL) que le permiten a los estudiantes establecer conexiones que trascienden el aula, trabajando en conjunto con compa\u00f1eros de otras partes del mundo. A trav\u00e9s de estas experiencias, desarrollan pensamiento cr\u00edtico, habilidades para resolver problemas, conciencia global y valores s\u00f3lidos.&nbsp;<\/p>\n<\/div>\n<\/div>\n<\/div>\n<\/div>\n<\/div>\n\n\n\n<div class=\"wp-block-group is-layout-constrained wp-block-group-is-layout-constrained\" style=\"border-bottom-color:var(--wp--preset--color--border-color);border-bottom-width:1px;padding-bottom:40px\">\n<div class=\"wp-block-columns is-layout-flex wp-container-core-columns-is-layout-28f84493 wp-block-columns-is-layout-flex\">\n<div class=\"wp-block-column is-layout-constrained wp-block-column-is-layout-constrained\" style=\"flex-basis:2100px\">\n<div class=\"wp-block-columns is-layout-flex wp-container-core-columns-is-layout-28f84493 wp-block-columns-is-layout-flex\">\n<div class=\"wp-block-column is-layout-flow wp-block-column-is-layout-flow\" style=\"padding-right:var(--wp--preset--spacing--50)\">\n<figure class=\"wp-block-image size-large\"><img loading=\"lazy\" decoding=\"async\" width=\"1024\" height=\"683\" src=\"https:\/\/marymountbq.edu.co\/site\/wp-content\/uploads\/2024\/04\/772A3101-1024x683.jpg\" alt=\"\" class=\"wp-image-2126\" srcset=\"https:\/\/marymountbq.edu.co\/site\/wp-content\/uploads\/2024\/04\/772A3101-1024x683.jpg 1024w, https:\/\/marymountbq.edu.co\/site\/wp-content\/uploads\/2024\/04\/772A3101-300x200.jpg 300w, https:\/\/marymountbq.edu.co\/site\/wp-content\/uploads\/2024\/04\/772A3101-768x512.jpg 768w, https:\/\/marymountbq.edu.co\/site\/wp-content\/uploads\/2024\/04\/772A3101-1536x1024.jpg 1536w, https:\/\/marymountbq.edu.co\/site\/wp-content\/uploads\/2024\/04\/772A3101-2048x1365.jpg 2048w\" sizes=\"(max-width: 1024px) 100vw, 1024px\" \/><\/figure>\n<\/div>\n\n\n\n<div class=\"wp-block-column has-normal-font-size is-layout-flow wp-container-core-column-is-layout-92d440f1 wp-block-column-is-layout-flow\" style=\"padding-top:0;padding-bottom:0\">\n<p class=\"has-text-color has-link-color has-big-font-size wp-elements-24dc4f65cca08cb4e94ad503fcd23cd1\" style=\"color:#1f2d55;margin-top:var(--wp--preset--spacing--50);margin-bottom:var(--wp--preset--spacing--50)\"><strong><strong>Proceso de aprendizaje<\/strong><\/strong><\/p>\n\n\n\n<p class=\"has-primary-color has-text-color has-link-color wp-elements-e319c8adcfe78669b7373bd06af90437\">Hacia finales de 5\u00b0 se presentan los ex\u00e1menes \u201cCheckpoint\u201d de Cambridge en las asignaturas de ingl\u00e9s, matem\u00e1ticas y ciencias.&nbsp; Estos marcan el fin de la etapa \u201cPrimary\u201d en la ruta Cambridge y brindan informaci\u00f3n detallada sobre d\u00f3nde est\u00e1n en su proceso de aprendizaje.<\/p>\n<\/div>\n<\/div>\n<\/div>\n<\/div>\n<\/div>\n\n\n\n<div class=\"wp-block-group is-layout-constrained wp-block-group-is-layout-constrained\" style=\"border-bottom-color:var(--wp--preset--color--border-color);border-bottom-width:1px;padding-bottom:40px\">\n<div class=\"wp-block-columns is-layout-flex wp-container-core-columns-is-layout-28f84493 wp-block-columns-is-layout-flex\">\n<div class=\"wp-block-column is-layout-flow wp-block-column-is-layout-flow\">\n<figure class=\"wp-block-image aligncenter size-full\"><img loading=\"lazy\" decoding=\"async\" width=\"642\" height=\"245\" src=\"https:\/\/marymountbq.edu.co\/site\/wp-content\/uploads\/2024\/11\/Imagen1.png\" alt=\"\" class=\"wp-image-3069\" srcset=\"https:\/\/marymountbq.edu.co\/site\/wp-content\/uploads\/2024\/11\/Imagen1.png 642w, https:\/\/marymountbq.edu.co\/site\/wp-content\/uploads\/2024\/11\/Imagen1-300x114.png 300w\" sizes=\"(max-width: 642px) 100vw, 642px\" \/><\/figure>\n<\/div>\n<\/div>\n<\/div>\n<\/div>\n<\/div>\n<\/div>\n\n\n\n<p><\/p>\n","protected":false},"excerpt":{"rendered":"<p>En esta etapa los estudiantes de&nbsp;Upper Elementary&nbsp;desarrollan su autogesti\u00f3n y contin\u00faan definiendo su car\u00e1cter.&nbsp; Nuestro enfoque se centra en el desarrollo de habilidades cognitivas y emocionales que les apoyen en su proceso acad\u00e9mico. Desarrollan la capacidad de autogestionarse y reflexionar, claves para garantizar un progreso adecuado. Desde las diferentes \u00e1reas se impulsa el crecimiento personal,&#8230;<\/p>\n","protected":false},"author":2,"featured_media":0,"parent":0,"menu_order":0,"comment_status":"closed","ping_status":"closed","template":"","meta":{"footnotes":""},"class_list":["post-4071","page","type-page","status-publish","hentry"],"_links":{"self":[{"href":"https:\/\/marymountbq.edu.co\/site\/wp-json\/wp\/v2\/pages\/4071","targetHints":{"allow":["GET"]}}],"collection":[{"href":"https:\/\/marymountbq.edu.co\/site\/wp-json\/wp\/v2\/pages"}],"about":[{"href":"https:\/\/marymountbq.edu.co\/site\/wp-json\/wp\/v2\/types\/page"}],"author":[{"embeddable":true,"href":"https:\/\/marymountbq.edu.co\/site\/wp-json\/wp\/v2\/users\/2"}],"replies":[{"embeddable":true,"href":"https:\/\/marymountbq.edu.co\/site\/wp-json\/wp\/v2\/comments?post=4071"}],"version-history":[{"count":6,"href":"https:\/\/marymountbq.edu.co\/site\/wp-json\/wp\/v2\/pages\/4071\/revisions"}],"predecessor-version":[{"id":4583,"href":"https:\/\/marymountbq.edu.co\/site\/wp-json\/wp\/v2\/pages\/4071\/revisions\/4583"}],"wp:attachment":[{"href":"https:\/\/marymountbq.edu.co\/site\/wp-json\/wp\/v2\/media?parent=4071"}],"curies":[{"name":"wp","href":"https:\/\/api.w.org\/{rel}","templated":true}]}}