 {"id":4014,"date":"2025-08-06T10:27:42","date_gmt":"2025-08-06T15:27:42","guid":{"rendered":"https:\/\/marymountbq.edu.co\/site\/?page_id=4014"},"modified":"2025-08-25T12:47:59","modified_gmt":"2025-08-25T17:47:59","slug":"4014-2","status":"publish","type":"page","link":"https:\/\/marymountbq.edu.co\/site\/4014-2\/","title":{"rendered":""},"content":{"rendered":"\n<div class=\"wp-block-group is-layout-constrained wp-container-core-group-is-layout-ca9f0475 wp-block-group-is-layout-constrained\" style=\"padding-top:100px;padding-right:var(--wp--preset--spacing--50);padding-bottom:100px;padding-left:var(--wp--preset--spacing--50)\">\n<div class=\"wp-block-group is-layout-constrained wp-container-core-group-is-layout-316e13a3 wp-block-group-is-layout-constrained\" style=\"margin-top:-70px;margin-bottom:-70px\">\n<h1 class=\"wp-block-heading has-text-align-center has-text-color has-link-color has-xxx-large-font-size wp-elements-55fabf0ef9d24a4ba1f0c7f10f7209ad\" style=\"color:#1f2d55;font-style:normal;font-weight:400\"><strong>MARYMOUNT LEARNING FRAMEWORK<\/strong><\/h1>\n<\/div>\n\n\n\n<div class=\"wp-block-columns is-layout-flex wp-container-core-columns-is-layout-28f84493 wp-block-columns-is-layout-flex\">\n<div class=\"wp-block-column is-layout-flow wp-block-column-is-layout-flow\">\n<p><\/p>\n<\/div>\n<\/div>\n<\/div>\n\n\n\n<figure class=\"wp-block-image aligncenter size-full\" style=\"margin-right:0;margin-left:0\"><img fetchpriority=\"high\" decoding=\"async\" width=\"900\" height=\"900\" src=\"https:\/\/marymountbq.edu.co\/site\/wp-content\/uploads\/2025\/08\/Diseno-sin-titulo-48-1.png\" alt=\"\" class=\"wp-image-4019\" srcset=\"https:\/\/marymountbq.edu.co\/site\/wp-content\/uploads\/2025\/08\/Diseno-sin-titulo-48-1.png 900w, https:\/\/marymountbq.edu.co\/site\/wp-content\/uploads\/2025\/08\/Diseno-sin-titulo-48-1-300x300.png 300w, https:\/\/marymountbq.edu.co\/site\/wp-content\/uploads\/2025\/08\/Diseno-sin-titulo-48-1-150x150.png 150w, https:\/\/marymountbq.edu.co\/site\/wp-content\/uploads\/2025\/08\/Diseno-sin-titulo-48-1-768x768.png 768w\" sizes=\"(max-width: 900px) 100vw, 900px\" \/><\/figure>\n\n\n\n<div class=\"wp-block-columns is-layout-flex wp-container-core-columns-is-layout-28f84493 wp-block-columns-is-layout-flex\">\n<div class=\"wp-block-column is-layout-flow wp-block-column-is-layout-flow\" style=\"flex-basis:25%\"><\/div>\n\n\n\n<div class=\"wp-block-column is-layout-flow wp-block-column-is-layout-flow\" style=\"flex-basis:50%\">\n<p class=\"has-text-color has-link-color wp-elements-3a8c5f8f8213611b4ee486135a156258\" style=\"color:#1f2d55\"><strong>Nivel 1: Guiding Statements &#8211; Our Core.\u00a0<\/strong><\/p>\n\n\n\n<p class=\"has-foreground-color has-text-color has-link-color has-normal-font-size wp-elements-b2229207a43d71a9d61adb8da784aa9e\">El <strong>primer piso<\/strong> representa nuestro n\u00facleo: <em>the Marymount Guiding Statements<\/em> -las declaraciones rectoras de nuestra instituci\u00f3n. Es crucial alinear el curr\u00edculo con nuestra misi\u00f3n,\u00a0 visi\u00f3n, definici\u00f3n de aprendizaje de alta calidad y los valores SHERR. Esto asegura un viaje educativo coherente, que gu\u00eda a los estudiantes hacia proyectos de vida transformadores.<\/p>\n<\/div>\n\n\n\n<div class=\"wp-block-column is-layout-flow wp-block-column-is-layout-flow\" style=\"flex-basis:25%\"><\/div>\n<\/div>\n\n\n\n<div style=\"height:20px\" aria-hidden=\"true\" class=\"wp-block-spacer\"><\/div>\n\n\n\n<div class=\"wp-block-columns is-layout-flex wp-container-core-columns-is-layout-28f84493 wp-block-columns-is-layout-flex\">\n<div class=\"wp-block-column is-layout-flow wp-block-column-is-layout-flow\" style=\"flex-basis:25%\"><\/div>\n\n\n\n<div class=\"wp-block-column is-layout-flow wp-block-column-is-layout-flow\" style=\"flex-basis:50%\">\n<p class=\"has-text-color has-link-color wp-elements-89c8f13be52087b56ffea2fc20409da5\" style=\"color:#1f2d55\"><strong><strong>Nivel 2:<\/strong> <strong><strong>Retrato del Graduado Marymount<\/strong>(DEVICES)<\/strong><\/strong><\/p>\n\n\n\n<p class=\"has-foreground-color has-text-color has-link-color has-normal-font-size wp-elements-854ee60098e2d12e625762a6bd255b15\"><strong>El segundo piso<\/strong> se centra en la meta final: los <em>Marymount DEVICES<\/em>, los cuales\u00a0 definen los atributos de nuestros graduados. Utilizando un dise\u00f1o inverso <em>(backward design)<\/em>, estas declaraciones rectoras dan forma al proceso de ense\u00f1anza y aprendizaje para desarrollar los <em>Marymount DEVICES en<\/em> todos nuestros estudiantes.<\/p>\n<\/div>\n\n\n\n<div class=\"wp-block-column is-layout-flow wp-block-column-is-layout-flow\" style=\"flex-basis:25%\"><\/div>\n<\/div>\n\n\n\n<div style=\"height:20px\" aria-hidden=\"true\" class=\"wp-block-spacer\"><\/div>\n\n\n\n<div class=\"wp-block-columns is-layout-flex wp-container-core-columns-is-layout-28f84493 wp-block-columns-is-layout-flex\">\n<div class=\"wp-block-column is-layout-flow wp-block-column-is-layout-flow\" style=\"flex-basis:25%\"><\/div>\n\n\n\n<div class=\"wp-block-column is-layout-flow wp-block-column-is-layout-flow\" style=\"flex-basis:50%\">\n<p class=\"has-text-color has-link-color wp-elements-a9133c4b2a012cff97a7ec25308b191d\" style=\"color:#1f2d55\"><strong><strong><strong><strong><strong><strong>Nivel 3:<\/strong> <strong><strong>Coherencia curricular<\/strong><\/strong><\/strong><\/strong><\/strong><\/strong><\/strong><\/p>\n\n\n\n<p class=\"has-foreground-color has-text-color has-link-color has-normal-font-size wp-elements-cc117726de2cacd2729f6f2da6819816\">El <strong>tercer piso <\/strong>est\u00e1 relacionado con la coherencia curricular. Los <em><strong>Marymount DEVICES<\/strong><\/em> se dividen en impactos de aprendizaje, los cuales muestran los<em> <strong>DEVICES<\/strong> <\/em>en los diferentes grados. Estos impactos est\u00e1n integrados en el curr\u00edculo\u00a0 en todas las materias, asegurando que tanto las actividades curriculares como las extracurriculares est\u00e9n alineadas con nuestros objetivos.<\/p>\n<\/div>\n\n\n\n<div class=\"wp-block-column is-layout-flow wp-block-column-is-layout-flow\" style=\"flex-basis:25%\"><\/div>\n<\/div>\n\n\n\n<div style=\"height:20px\" aria-hidden=\"true\" class=\"wp-block-spacer\"><\/div>\n\n\n\n<div class=\"wp-block-columns is-layout-flex wp-container-core-columns-is-layout-28f84493 wp-block-columns-is-layout-flex\">\n<div class=\"wp-block-column is-layout-flow wp-block-column-is-layout-flow\" style=\"flex-basis:25%\"><\/div>\n\n\n\n<div class=\"wp-block-column is-layout-flow wp-block-column-is-layout-flow\" style=\"flex-basis:50%\">\n<p class=\"has-text-color has-link-color wp-elements-db74b4dcdd7ee641411d5aabbc259295\" style=\"color:#1f2d55\"><strong><strong><strong>Nivel 4:<\/strong> <strong><strong><strong>Pedagog\u00edas distintivas<\/strong><\/strong><\/strong><\/strong><\/strong><\/p>\n\n\n\n<p class=\"has-foreground-color has-text-color has-link-color has-normal-font-size wp-elements-826af9113a8538fb957e6ef683dff9c0\">El <strong>cuarto piso<\/strong> representa el curr\u00edculo implementado. Los docentes utilizan la teor\u00eda del aprendizaje visible (<em>Visible Learning Theory<\/em>) para establecer intenciones de aprendizaje y criterios de \u00e9xito. A trav\u00e9s del aprendizaje basado en proyectos (<em>PBL<\/em>), el aprendizaje basado en conexiones (<em>CBL<\/em>) y el aprendizaje basado en servicio (<em>SL<\/em>), el curr\u00edculo cobra vida, creando experiencias de aprendizaje aut\u00e9nticas que desarrollan los <em>Marymount DEVICES.<\/em> Estas pedagog\u00edas fomentan el aprendizaje basado en la investigaci\u00f3n y la evaluaci\u00f3n integral en todos los programas curriculares y extracurriculares.<\/p>\n<\/div>\n\n\n\n<div class=\"wp-block-column is-layout-flow wp-block-column-is-layout-flow\" style=\"flex-basis:25%\"><\/div>\n<\/div>\n\n\n\n<div style=\"height:20px\" aria-hidden=\"true\" class=\"wp-block-spacer\"><\/div>\n\n\n\n<div class=\"wp-block-columns is-layout-flex wp-container-core-columns-is-layout-28f84493 wp-block-columns-is-layout-flex\">\n<div class=\"wp-block-column is-layout-flow wp-block-column-is-layout-flow\" style=\"flex-basis:25%\"><\/div>\n\n\n\n<div class=\"wp-block-column is-layout-flow wp-block-column-is-layout-flow\" style=\"flex-basis:50%\">\n<p class=\"has-text-color has-link-color wp-elements-aafc744391f9d12246216eb3a2b75482\" style=\"color:#1f2d55\"><strong><strong><strong>Nivel 5:<\/strong> <strong><strong>Evaluaci\u00f3n<\/strong><\/strong><\/strong><\/strong><\/p>\n\n\n\n<p class=\"has-foreground-color has-text-color has-link-color has-normal-font-size wp-elements-ffe1b8edce360bc9e541de1bc2a59ea7\">El <strong>\u00faltimo piso<\/strong> es el proceso de evaluaci\u00f3n. Varias estrategias miden el progreso a trav\u00e9s de experiencias aut\u00e9nticas, determinando qu\u00e9 tan bien los estudiantes logran las intenciones curriculares y los impactos de los Marymount DEVICES. El proceso de evaluaci\u00f3n sirve como indicador para medir, ajustar y validar el desarrollo de los impactos de aprendizaje de los <em>Marymount DEVICES<\/em> en los estudiantes, lo que tambi\u00e9n redunda en el logro de las metas estrat\u00e9gicas del MM2026.<\/p>\n<\/div>\n\n\n\n<div class=\"wp-block-column is-layout-flow wp-block-column-is-layout-flow\" style=\"flex-basis:25%\"><\/div>\n<\/div>\n\n\n\n<div style=\"height:20px\" aria-hidden=\"true\" class=\"wp-block-spacer\"><\/div>\n\n\n\n<div class=\"wp-block-columns is-layout-flex wp-container-core-columns-is-layout-28f84493 wp-block-columns-is-layout-flex\">\n<div class=\"wp-block-column is-layout-flow wp-block-column-is-layout-flow\">\n<p><\/p>\n<\/div>\n<\/div>\n\n\n\n<p><\/p>\n","protected":false},"excerpt":{"rendered":"<p>MARYMOUNT LEARNING FRAMEWORK Nivel 1: Guiding Statements &#8211; Our Core.\u00a0 El primer piso representa nuestro n\u00facleo: the Marymount Guiding Statements -las declaraciones rectoras de nuestra instituci\u00f3n. Es crucial alinear el curr\u00edculo con nuestra misi\u00f3n,\u00a0 visi\u00f3n, definici\u00f3n de aprendizaje de alta calidad y los valores SHERR. Esto asegura un viaje educativo coherente, que gu\u00eda a los&#8230;<\/p>\n","protected":false},"author":2,"featured_media":0,"parent":0,"menu_order":0,"comment_status":"closed","ping_status":"closed","template":"","meta":{"footnotes":""},"class_list":["post-4014","page","type-page","status-publish","hentry"],"_links":{"self":[{"href":"https:\/\/marymountbq.edu.co\/site\/wp-json\/wp\/v2\/pages\/4014","targetHints":{"allow":["GET"]}}],"collection":[{"href":"https:\/\/marymountbq.edu.co\/site\/wp-json\/wp\/v2\/pages"}],"about":[{"href":"https:\/\/marymountbq.edu.co\/site\/wp-json\/wp\/v2\/types\/page"}],"author":[{"embeddable":true,"href":"https:\/\/marymountbq.edu.co\/site\/wp-json\/wp\/v2\/users\/2"}],"replies":[{"embeddable":true,"href":"https:\/\/marymountbq.edu.co\/site\/wp-json\/wp\/v2\/comments?post=4014"}],"version-history":[{"count":4,"href":"https:\/\/marymountbq.edu.co\/site\/wp-json\/wp\/v2\/pages\/4014\/revisions"}],"predecessor-version":[{"id":4028,"href":"https:\/\/marymountbq.edu.co\/site\/wp-json\/wp\/v2\/pages\/4014\/revisions\/4028"}],"wp:attachment":[{"href":"https:\/\/marymountbq.edu.co\/site\/wp-json\/wp\/v2\/media?parent=4014"}],"curies":[{"name":"wp","href":"https:\/\/api.w.org\/{rel}","templated":true}]}}