 {"id":3100,"date":"2024-11-27T22:36:13","date_gmt":"2024-11-28T03:36:13","guid":{"rendered":"https:\/\/jxj.72f.mytemp.website\/?page_id=3100"},"modified":"2025-08-20T09:58:45","modified_gmt":"2025-08-20T14:58:45","slug":"high-school-2","status":"publish","type":"page","link":"https:\/\/marymountbq.edu.co\/site\/high-school-2\/","title":{"rendered":""},"content":{"rendered":"\n<div class=\"wp-block-cover is-style-smartversity-cover-round-style\" style=\"margin-top:0;margin-bottom:0;padding-top:0;padding-right:var(--wp--preset--spacing--80);padding-bottom:0;padding-left:var(--wp--preset--spacing--80);min-height:409px;aspect-ratio:unset;\"><img fetchpriority=\"high\" decoding=\"async\" width=\"2560\" height=\"1707\" class=\"wp-block-cover__image-background wp-image-2994\" alt=\"\" src=\"https:\/\/marymountbq.edu.co\/site\/wp-content\/uploads\/2024\/11\/772A0676-scaled.jpg\" style=\"object-position:73% 56%\" data-object-fit=\"cover\" data-object-position=\"73% 56%\" srcset=\"https:\/\/marymountbq.edu.co\/site\/wp-content\/uploads\/2024\/11\/772A0676-scaled.jpg 2560w, https:\/\/marymountbq.edu.co\/site\/wp-content\/uploads\/2024\/11\/772A0676-300x200.jpg 300w, https:\/\/marymountbq.edu.co\/site\/wp-content\/uploads\/2024\/11\/772A0676-1024x683.jpg 1024w, https:\/\/marymountbq.edu.co\/site\/wp-content\/uploads\/2024\/11\/772A0676-768x512.jpg 768w, https:\/\/marymountbq.edu.co\/site\/wp-content\/uploads\/2024\/11\/772A0676-1536x1024.jpg 1536w, https:\/\/marymountbq.edu.co\/site\/wp-content\/uploads\/2024\/11\/772A0676-2048x1365.jpg 2048w\" sizes=\"(max-width: 2560px) 100vw, 2560px\" \/><span aria-hidden=\"true\" class=\"wp-block-cover__background has-background-dim-40 has-background-dim\" style=\"background-color:#6c7063\"><\/span><div class=\"wp-block-cover__inner-container is-layout-constrained wp-container-core-cover-is-layout-65fa8332 wp-block-cover-is-layout-constrained\">\n<p class=\"has-text-align-center has-background-color has-text-color has-link-color has-xx-large-font-size wp-elements-6f880f51f717ab3fd58d8cd786b9ccef\"><strong>HIGH SCHOOL<\/strong><\/p>\n\n\n\n<p class=\"has-text-align-center has-big-font-size\"><strong>(10th &#8211; 12th Grade)<\/strong><\/p>\n<\/div><\/div>\n\n\n\n<div style=\"height:30px\" aria-hidden=\"true\" class=\"wp-block-spacer\"><\/div>\n\n\n\n<p class=\"has-foreground-color has-text-color has-link-color has-big-font-size wp-elements-efbcdb85ec0b6ca1b4a74f4adda33578\" style=\"margin-top:10px;margin-right:var(--wp--preset--spacing--20);margin-bottom:10px;margin-left:var(--wp--preset--spacing--20);padding-right:0rem;padding-left:0rem\">La etapa de High School en Marymount es una fase crucial en la vida de los estudiantes, donde consolidan los conocimientos y habilidades necesarias para su futuro personal, acad\u00e9mico y profesional. Durante estos a\u00f1os, nos enfocamos en su desarrollo integral, gui\u00e1ndolos en la construcci\u00f3n de su PROYECTO DE VIDA a trav\u00e9s de proyectos interdisciplinarios que fomentan el aprendizaje activo.&nbsp; High School es una etapa para fortalecer la autonom\u00eda, descubrir pasiones y trazar metas claras, acompa\u00f1ados por un equipo de docentes y consejeros comprometidos en ayudarlos a alcanzar su m\u00e1ximo potencial.<\/p>\n\n\n\n<div class=\"wp-block-group is-layout-constrained wp-container-core-group-is-layout-2fb5e9bb wp-block-group-is-layout-constrained\" style=\"margin-top:0;margin-bottom:0;padding-top:120px;padding-right:var(--wp--preset--spacing--50);padding-bottom:120px;padding-left:var(--wp--preset--spacing--50)\">\n<div class=\"wp-block-columns is-layout-flex wp-container-core-columns-is-layout-9d99a141 wp-block-columns-is-layout-flex\" style=\"margin-top:0px\">\n<div class=\"wp-block-column is-layout-flow wp-container-core-column-is-layout-c6626a78 wp-block-column-is-layout-flow\" style=\"border-style:none;border-width:0px\">\n<div class=\"wp-block-group is-layout-constrained wp-block-group-is-layout-constrained\" style=\"border-bottom-color:var(--wp--preset--color--border-color);border-bottom-width:1px;padding-bottom:40px\">\n<div class=\"wp-block-columns is-layout-flex wp-container-core-columns-is-layout-28f84493 wp-block-columns-is-layout-flex\">\n<div class=\"wp-block-column is-layout-constrained wp-block-column-is-layout-constrained\" style=\"flex-basis:2100px\">\n<div class=\"wp-block-columns is-layout-flex wp-container-core-columns-is-layout-28f84493 wp-block-columns-is-layout-flex\">\n<div class=\"wp-block-column has-normal-font-size is-layout-flow wp-container-core-column-is-layout-c82012c1 wp-block-column-is-layout-flow\" style=\"padding-top:0;padding-right:var(--wp--preset--spacing--40);padding-bottom:0\">\n<p class=\"has-text-color has-link-color has-big-font-size wp-elements-577498031edcc02842b8eaea0638f463\" style=\"color:#1f2d55\"><strong>Proceso de aprendizaje<\/strong><\/p>\n\n\n\n<p class=\"has-primary-color has-text-color has-link-color wp-elements-5a6a5b81bcd4db264d7f6425cc104853\" style=\"margin-bottom:var(--wp--preset--spacing--40)\">Los estudiantes de High School tienen la oportunidad de elegir \u00e9nfasis acad\u00e9micos seg\u00fan sus fortalezas, intereses y proyecci\u00f3n vocacional, tales como ciencias y biolog\u00eda, dise\u00f1o y arte, humanidades y econom\u00eda, o matem\u00e1ticas e ingenier\u00edas. Cada \u00e1rea ofrece asignaturas que profundizan en esos campos de inter\u00e9s, permitiendo a los estudiantes completar un curr\u00edculo s\u00f3lido que los prepara mejor para presentar ex\u00e1menes estandarizados y enfrentar con \u00e9xito la etapa universitaria.<\/p>\n<\/div>\n\n\n\n<div class=\"wp-block-column is-layout-flow wp-block-column-is-layout-flow\">\n<figure class=\"wp-block-image size-full imagen-animada\" style=\"overflow: hidden;\">\n  <img decoding=\"async\" src=\"https:\/\/marymountbq.edu.co\/site\/wp-content\/uploads\/2024\/11\/IMG_2188-1-1-scaled.jpg\" \n       alt=\"Imagen animada\" class=\"wp-image-2188\" \/>\n<\/figure>\n\n<style>\n  .imagen-animada img {\n    display: block;\n    transform: translateY(-100px);\n    opacity: 0;\n    transition: transform 1s ease-in-out, opacity 1s ease-in-out;\n  }\n\n  .imagen-animada.activa img {\n    transform: translateY(0);\n    opacity: 1;\n  }\n<\/style>\n\n<script>\n  document.addEventListener('DOMContentLoaded', function () {\n    const imagenes = document.querySelectorAll('.imagen-animada');\n\n    const observer = new IntersectionObserver((entries) => {\n      entries.forEach(entry => {\n        if (entry.isIntersecting) {\n          entry.target.classList.add('activa');\n        }\n      });\n    });\n\n    imagenes.forEach(imagen => observer.observe(imagen));\n  });\n<\/script>\n<\/div>\n<\/div>\n<\/div>\n<\/div>\n<\/div>\n\n\n\n<div class=\"wp-block-group is-layout-constrained wp-block-group-is-layout-constrained\" style=\"border-bottom-color:var(--wp--preset--color--border-color);border-bottom-width:1px;padding-bottom:40px\">\n<div class=\"wp-block-columns is-layout-flex wp-container-core-columns-is-layout-28f84493 wp-block-columns-is-layout-flex\">\n<div class=\"wp-block-column is-layout-constrained wp-block-column-is-layout-constrained\" style=\"flex-basis:2100px\">\n<div class=\"wp-block-columns is-layout-flex wp-container-core-columns-is-layout-28f84493 wp-block-columns-is-layout-flex\">\n<div class=\"wp-block-column has-normal-font-size is-layout-flow wp-container-core-column-is-layout-c82012c1 wp-block-column-is-layout-flow\" style=\"padding-top:0;padding-right:var(--wp--preset--spacing--40);padding-bottom:0\">\n<p class=\"has-text-color has-link-color has-big-font-size wp-elements-b329de67bfe165fb912644cd16dc15b3\" style=\"color:#1f2d55\"><strong>Experiencias aut\u00e9nticas<\/strong><\/p>\n\n\n\n<p class=\"has-primary-color has-text-color has-link-color wp-elements-5f9c6b0f8406b9e22475024834103dd9\" style=\"margin-right:0;margin-bottom:var(--wp--preset--spacing--40)\">Los estudiantes participan en proyectos interdisciplinarios dise\u00f1ados para fomentar el aprendizaje activo y conectar los contenidos acad\u00e9micos con desaf\u00edos del mundo real. Estas experiencias les ayudan a desarrollar pensamiento cr\u00edtico, habilidades de resoluci\u00f3n de problemas y capacidad para trabajar en equipo, prepar\u00e1ndose para enfrentar los retos del siglo XXI.&nbsp;<\/p>\n<\/div>\n\n\n\n<div class=\"wp-block-column is-layout-flow wp-block-column-is-layout-flow\">\n<figure class=\"wp-block-image size-large\"><img decoding=\"async\" width=\"1024\" height=\"683\" src=\"https:\/\/marymountbq.edu.co\/site\/wp-content\/uploads\/2025\/08\/Diseno-sin-titulo-50-1024x683.png\" alt=\"\" class=\"wp-image-4058\" srcset=\"https:\/\/marymountbq.edu.co\/site\/wp-content\/uploads\/2025\/08\/Diseno-sin-titulo-50-1024x683.png 1024w, https:\/\/marymountbq.edu.co\/site\/wp-content\/uploads\/2025\/08\/Diseno-sin-titulo-50-300x200.png 300w, https:\/\/marymountbq.edu.co\/site\/wp-content\/uploads\/2025\/08\/Diseno-sin-titulo-50-768x512.png 768w, https:\/\/marymountbq.edu.co\/site\/wp-content\/uploads\/2025\/08\/Diseno-sin-titulo-50-1536x1025.png 1536w, https:\/\/marymountbq.edu.co\/site\/wp-content\/uploads\/2025\/08\/Diseno-sin-titulo-50.png 2048w\" sizes=\"(max-width: 1024px) 100vw, 1024px\" \/><\/figure>\n<\/div>\n<\/div>\n<\/div>\n<\/div>\n<\/div>\n\n\n\n<div class=\"wp-block-group is-layout-constrained wp-block-group-is-layout-constrained\" style=\"border-bottom-color:var(--wp--preset--color--border-color);border-bottom-width:1px;padding-bottom:40px\">\n<div class=\"wp-block-columns is-layout-flex wp-container-core-columns-is-layout-28f84493 wp-block-columns-is-layout-flex\">\n<div class=\"wp-block-column is-layout-constrained wp-block-column-is-layout-constrained\" style=\"flex-basis:2100px\">\n<div class=\"wp-block-columns is-layout-flex wp-container-core-columns-is-layout-28f84493 wp-block-columns-is-layout-flex\">\n<div class=\"wp-block-column has-normal-font-size is-layout-flow wp-container-core-column-is-layout-c82012c1 wp-block-column-is-layout-flow\" style=\"padding-top:0;padding-right:var(--wp--preset--spacing--40);padding-bottom:0\">\n<p class=\"has-text-color has-link-color has-big-font-size wp-elements-521687334c30cc018c815744d421b138\" style=\"color:#1f2d55\"><strong>Explore Horizons<\/strong><\/p>\n\n\n\n<p class=\"has-primary-color has-text-color has-link-color wp-elements-450e6a07bb36a35d4aedcfbc43c0a2f0\" style=\"margin-top:var(--wp--preset--spacing--30);margin-bottom:var(--wp--preset--spacing--30)\">Explore Horizons es el programa de orientaci\u00f3n vocacional de Marymount, enfocado en guiar a los estudiantes en la construcci\u00f3n de su proyecto de vida. Desde 10\u00b0 grado, se realiza un proceso personalizado de acompa\u00f1amiento que incluye pruebas diagn\u00f3sticas, entrevistas con estudiantes y padres, y sesiones con nuestra consejera vocacional. Este enfoque permite a los estudiantes conocerse mejor, identificar sus intereses y habilidades, y tomar decisiones informadas sobre su futuro acad\u00e9mico y profesional.&nbsp;<\/p>\n<\/div>\n\n\n\n<div class=\"wp-block-column is-layout-flow wp-block-column-is-layout-flow\">\n<figure class=\"wp-block-image size-large\"><img decoding=\"async\" width=\"1024\" height=\"683\" src=\"https:\/\/marymountbq.edu.co\/site\/wp-content\/uploads\/2025\/06\/Diseno-sin-titulo-8-1024x683.jpg\" alt=\"\" class=\"wp-image-3921\" srcset=\"https:\/\/marymountbq.edu.co\/site\/wp-content\/uploads\/2025\/06\/Diseno-sin-titulo-8-1024x683.jpg 1024w, https:\/\/marymountbq.edu.co\/site\/wp-content\/uploads\/2025\/06\/Diseno-sin-titulo-8-300x200.jpg 300w, https:\/\/marymountbq.edu.co\/site\/wp-content\/uploads\/2025\/06\/Diseno-sin-titulo-8-768x512.jpg 768w, https:\/\/marymountbq.edu.co\/site\/wp-content\/uploads\/2025\/06\/Diseno-sin-titulo-8-1536x1024.jpg 1536w, https:\/\/marymountbq.edu.co\/site\/wp-content\/uploads\/2025\/06\/Diseno-sin-titulo-8-2048x1366.jpg 2048w\" sizes=\"(max-width: 1024px) 100vw, 1024px\" \/><\/figure>\n<\/div>\n<\/div>\n<\/div>\n<\/div>\n<\/div>\n\n\n\n<div class=\"wp-block-group is-layout-constrained wp-block-group-is-layout-constrained\" style=\"border-bottom-color:var(--wp--preset--color--border-color);border-bottom-width:1px;padding-bottom:40px\">\n<div class=\"wp-block-columns is-layout-flex wp-container-core-columns-is-layout-28f84493 wp-block-columns-is-layout-flex\">\n<div class=\"wp-block-column is-layout-constrained wp-block-column-is-layout-constrained\" style=\"flex-basis:2100px\">\n<div class=\"wp-block-columns is-layout-flex wp-container-core-columns-is-layout-28f84493 wp-block-columns-is-layout-flex\">\n<div class=\"wp-block-column has-normal-font-size is-layout-flow wp-container-core-column-is-layout-c82012c1 wp-block-column-is-layout-flow\" style=\"padding-top:0;padding-right:var(--wp--preset--spacing--40);padding-bottom:0\">\n<p class=\"has-text-color has-link-color has-big-font-size wp-elements-0225ec7b20507ee6f3edd3f554e83513\" style=\"color:#1f2d55\"><strong>Pruebas estandarizadas<\/strong><\/p>\n\n\n\n<p class=\"has-primary-color has-text-color has-link-color wp-elements-33b31d2339c63b2186c5a8eb87a1ad1f\" style=\"margin-top:var(--wp--preset--spacing--30);margin-bottom:var(--wp--preset--spacing--30)\">A partir de 11\u00b0 grado, los estudiantes se preparan para la **Prueba Saber** mediante sesiones espec\u00edficas y la realizaci\u00f3n de tres simulacros durante el a\u00f1o. Esto les ayuda a identificar \u00e1reas de mejora y desarrollar la resistencia necesaria para afrontar con \u00e9xito el examen.&nbsp;&nbsp;<\/p>\n\n\n\n<p class=\"has-primary-color has-text-color has-link-color wp-elements-629295eae8639203088074ed18738b17\" style=\"margin-top:var(--wp--preset--spacing--40);margin-bottom:var(--wp--preset--spacing--40)\">Adem\u00e1s, los estudiantes participan en programas internacionales como el **IGCSE, AS Level y A Level** de Cambridge, que no solo cumplen con altos est\u00e1ndares acad\u00e9micos, sino que tambi\u00e9n conectan lo aprendido con su proyecto de vida. Estas experiencias les proporcionan herramientas s\u00f3lidas para enfrentar los retos del futuro y les preparan para destacar en un mundo globalizado.<\/p>\n<\/div>\n\n\n\n<div class=\"wp-block-column is-layout-flow wp-block-column-is-layout-flow\">\n<figure class=\"wp-block-image size-large\"><img loading=\"lazy\" decoding=\"async\" width=\"1024\" height=\"683\" src=\"https:\/\/marymountbq.edu.co\/site\/wp-content\/uploads\/2025\/08\/Diseno-sin-titulo-49-1024x683.png\" alt=\"\" class=\"wp-image-4055\" srcset=\"https:\/\/marymountbq.edu.co\/site\/wp-content\/uploads\/2025\/08\/Diseno-sin-titulo-49-1024x683.png 1024w, https:\/\/marymountbq.edu.co\/site\/wp-content\/uploads\/2025\/08\/Diseno-sin-titulo-49-300x200.png 300w, https:\/\/marymountbq.edu.co\/site\/wp-content\/uploads\/2025\/08\/Diseno-sin-titulo-49-768x512.png 768w, https:\/\/marymountbq.edu.co\/site\/wp-content\/uploads\/2025\/08\/Diseno-sin-titulo-49-1536x1025.png 1536w, https:\/\/marymountbq.edu.co\/site\/wp-content\/uploads\/2025\/08\/Diseno-sin-titulo-49.png 2048w\" sizes=\"(max-width: 1024px) 100vw, 1024px\" \/><\/figure>\n<\/div>\n<\/div>\n<\/div>\n<\/div>\n<\/div>\n<\/div>\n<\/div>\n<\/div>\n\n\n\n<p><\/p>\n","protected":false},"excerpt":{"rendered":"<p>La etapa de High School en Marymount es una fase crucial en la vida de los estudiantes, donde consolidan los conocimientos y habilidades necesarias para su futuro personal, acad\u00e9mico y profesional. Durante estos a\u00f1os, nos enfocamos en su desarrollo integral, gui\u00e1ndolos en la construcci\u00f3n de su PROYECTO DE VIDA a trav\u00e9s de proyectos interdisciplinarios que&#8230;<\/p>\n","protected":false},"author":2,"featured_media":0,"parent":0,"menu_order":0,"comment_status":"closed","ping_status":"closed","template":"","meta":{"footnotes":""},"class_list":["post-3100","page","type-page","status-publish","hentry"],"_links":{"self":[{"href":"https:\/\/marymountbq.edu.co\/site\/wp-json\/wp\/v2\/pages\/3100","targetHints":{"allow":["GET"]}}],"collection":[{"href":"https:\/\/marymountbq.edu.co\/site\/wp-json\/wp\/v2\/pages"}],"about":[{"href":"https:\/\/marymountbq.edu.co\/site\/wp-json\/wp\/v2\/types\/page"}],"author":[{"embeddable":true,"href":"https:\/\/marymountbq.edu.co\/site\/wp-json\/wp\/v2\/users\/2"}],"replies":[{"embeddable":true,"href":"https:\/\/marymountbq.edu.co\/site\/wp-json\/wp\/v2\/comments?post=3100"}],"version-history":[{"count":18,"href":"https:\/\/marymountbq.edu.co\/site\/wp-json\/wp\/v2\/pages\/3100\/revisions"}],"predecessor-version":[{"id":4586,"href":"https:\/\/marymountbq.edu.co\/site\/wp-json\/wp\/v2\/pages\/3100\/revisions\/4586"}],"wp:attachment":[{"href":"https:\/\/marymountbq.edu.co\/site\/wp-json\/wp\/v2\/media?parent=3100"}],"curies":[{"name":"wp","href":"https:\/\/api.w.org\/{rel}","templated":true}]}}