 {"id":3071,"date":"2024-11-27T21:13:57","date_gmt":"2024-11-28T02:13:57","guid":{"rendered":"https:\/\/jxj.72f.mytemp.website\/?page_id=3071"},"modified":"2025-08-20T09:58:17","modified_gmt":"2025-08-20T14:58:17","slug":"middle-school","status":"publish","type":"page","link":"https:\/\/marymountbq.edu.co\/site\/middle-school\/","title":{"rendered":""},"content":{"rendered":"\n<div class=\"wp-block-cover is-style-smartversity-cover-round-style\" style=\"margin-top:0;margin-bottom:0;padding-top:0;padding-right:var(--wp--preset--spacing--80);padding-bottom:0;padding-left:var(--wp--preset--spacing--80)\"><img fetchpriority=\"high\" decoding=\"async\" width=\"2560\" height=\"1707\" class=\"wp-block-cover__image-background wp-image-2994\" alt=\"\" src=\"https:\/\/marymountbq.edu.co\/site\/wp-content\/uploads\/2024\/11\/772A0676-scaled.jpg\" style=\"object-position:73% 56%\" data-object-fit=\"cover\" data-object-position=\"73% 56%\" srcset=\"https:\/\/marymountbq.edu.co\/site\/wp-content\/uploads\/2024\/11\/772A0676-scaled.jpg 2560w, https:\/\/marymountbq.edu.co\/site\/wp-content\/uploads\/2024\/11\/772A0676-300x200.jpg 300w, https:\/\/marymountbq.edu.co\/site\/wp-content\/uploads\/2024\/11\/772A0676-1024x683.jpg 1024w, https:\/\/marymountbq.edu.co\/site\/wp-content\/uploads\/2024\/11\/772A0676-768x512.jpg 768w, https:\/\/marymountbq.edu.co\/site\/wp-content\/uploads\/2024\/11\/772A0676-1536x1024.jpg 1536w, https:\/\/marymountbq.edu.co\/site\/wp-content\/uploads\/2024\/11\/772A0676-2048x1365.jpg 2048w\" sizes=\"(max-width: 2560px) 100vw, 2560px\" \/><span aria-hidden=\"true\" class=\"wp-block-cover__background has-background-dim-40 has-background-dim\" style=\"background-color:#6c7063\"><\/span><div class=\"wp-block-cover__inner-container is-layout-constrained wp-container-core-cover-is-layout-65fa8332 wp-block-cover-is-layout-constrained\">\n<p class=\"has-text-align-center has-background-color has-text-color has-link-color has-xx-large-font-size wp-elements-7b3b07cd695db6e8ceffca814f632556\"><strong>MIDDLE SCHOOL<\/strong><\/p>\n\n\n\n<p class=\"has-text-align-center has-big-font-size\"><strong>(7th &#8211; 9th Grade)<\/strong><\/p>\n<\/div><\/div>\n\n\n\n<div style=\"height:46px\" aria-hidden=\"true\" class=\"wp-block-spacer\"><\/div>\n\n\n\n<div class=\"wp-block-columns are-vertically-aligned-center is-layout-flex wp-container-core-columns-is-layout-782342e6 wp-block-columns-is-layout-flex\" style=\"padding-right:0;padding-left:0\">\n<div class=\"wp-block-column is-vertically-aligned-center is-layout-flow wp-container-core-column-is-layout-fd134cff wp-block-column-is-layout-flow\" style=\"padding-right:0;padding-left:0;flex-basis:50%\">\n<figure class=\"wp-block-image size-large\"><img decoding=\"async\" width=\"1024\" height=\"683\" src=\"https:\/\/marymountbq.edu.co\/site\/wp-content\/uploads\/2025\/06\/Diseno-sin-titulo-7-1024x683.jpg\" alt=\"\" class=\"wp-image-3912\" srcset=\"https:\/\/marymountbq.edu.co\/site\/wp-content\/uploads\/2025\/06\/Diseno-sin-titulo-7-1024x683.jpg 1024w, https:\/\/marymountbq.edu.co\/site\/wp-content\/uploads\/2025\/06\/Diseno-sin-titulo-7-300x200.jpg 300w, https:\/\/marymountbq.edu.co\/site\/wp-content\/uploads\/2025\/06\/Diseno-sin-titulo-7-768x512.jpg 768w, https:\/\/marymountbq.edu.co\/site\/wp-content\/uploads\/2025\/06\/Diseno-sin-titulo-7-1536x1024.jpg 1536w, https:\/\/marymountbq.edu.co\/site\/wp-content\/uploads\/2025\/06\/Diseno-sin-titulo-7-2048x1366.jpg 2048w\" sizes=\"(max-width: 1024px) 100vw, 1024px\" \/><\/figure>\n<\/div>\n\n\n\n<div class=\"wp-block-column is-vertically-aligned-center is-layout-flow wp-container-core-column-is-layout-b108c007 wp-block-column-is-layout-flow\" style=\"padding-right:0;padding-left:0;flex-basis:50%\">\n<p class=\"has-foreground-color has-text-color has-link-color has-normal-font-size wp-elements-42d1231a69e6a0c426ae5672e278be1a\" style=\"margin-top:0;margin-right:0;margin-bottom:0;margin-left:0;padding-right:0rem;padding-left:0rem;line-height:1.7\">En <em>Middle School<\/em>, nuestros estudiantes viven una etapa fundamental de transici\u00f3n y descubrimiento, donde construyen las bases para su crecimiento acad\u00e9mico y personal. <br>Nuestro prop\u00f3sito es preparar a los estudiantes para los retos de High School, ayud\u00e1ndolos a descubrir sus intereses y talentos, y a construir una s\u00f3lida base de conocimientos y valores. Cada actividad, cada proyecto y cada interacci\u00f3n en Middle School est\u00e1 dise\u00f1ada para guiar a los estudiantes hacia un futuro de \u00e9xito acad\u00e9mico y personal, donde se sientan listos para enfrentar cualquier desaf\u00edo que les depare la vida.<\/p>\n<\/div>\n<\/div>\n\n\n\n<div class=\"wp-block-columns are-vertically-aligned-center is-layout-flex wp-container-core-columns-is-layout-eacb975e wp-block-columns-is-layout-flex\" style=\"margin-top:var(--wp--preset--spacing--50);margin-bottom:var(--wp--preset--spacing--50)\">\n<div class=\"wp-block-column is-vertically-aligned-center is-layout-flow wp-block-column-is-layout-flow\">\n<figure class=\"wp-block-image size-full imagen-animada\" style=\"overflow: hidden;\">\n  <img decoding=\"async\" src=\"https:\/\/marymountbq.edu.co\/site\/wp-content\/uploads\/2024\/11\/IMG_2188-1-1-scaled.jpg\" \n       alt=\"Imagen animada\" class=\"wp-image-2188\" \/>\n<\/figure>\n\n<style>\n  .imagen-animada img {\n    display: block;\n    transform: translateY(-100px);\n    opacity: 0;\n    transition: transform 1s ease-in-out, opacity 1s ease-in-out;\n  }\n\n  .imagen-animada.activa img {\n    transform: translateY(0);\n    opacity: 1;\n  }\n<\/style>\n\n<script>\n  document.addEventListener('DOMContentLoaded', function () {\n    const imagenes = document.querySelectorAll('.imagen-animada');\n\n    const observer = new IntersectionObserver((entries) => {\n      entries.forEach(entry => {\n        if (entry.isIntersecting) {\n          entry.target.classList.add('activa');\n        }\n      });\n    });\n\n    imagenes.forEach(imagen => observer.observe(imagen));\n  });\n<\/script>\n<\/div>\n\n\n\n<div class=\"wp-block-column is-vertically-aligned-center has-normal-font-size is-layout-flow wp-container-core-column-is-layout-92d440f1 wp-block-column-is-layout-flow\" style=\"padding-top:0;padding-bottom:0\">\n<p class=\"has-text-color has-link-color has-big-font-size wp-elements-c20dfcc4f0d7ba2527ee1b9c1097e33c\" style=\"color:#1f2d55\"><strong>Experiencias aut\u00e9nticas y autogesti\u00f3n<\/strong><\/p>\n\n\n\n<p class=\"has-primary-color has-text-color has-link-color wp-elements-35bc81d37fb6d94fdb5b522eddcd618f\">La experiencia diaria de un estudiante de Middle School en Marymount es enriquecedora y diversa. Esta etapa se caracteriza por la formaci\u00f3n de habilidades cruciales para el aprendizaje aut\u00f3nomo, enfrentando nuevas responsabilidades como la rotaci\u00f3n de salones, el uso de casilleros y la adaptaci\u00f3n a un curr\u00edculum m\u00e1s riguroso, dise\u00f1ado para prepararlos para los desaf\u00edos futuros. Cada estudiante es acompa\u00f1ado en su trayecto hacia una mayor independencia y autogesti\u00f3n.&nbsp;<\/p>\n<\/div>\n<\/div>\n\n\n\n<div class=\"wp-block-columns is-layout-flex wp-container-core-columns-is-layout-7fc3d43a wp-block-columns-is-layout-flex\">\n<div class=\"wp-block-column is-vertically-aligned-center is-layout-flow wp-container-core-column-is-layout-b108c007 wp-block-column-is-layout-flow\" style=\"padding-right:0;padding-left:0;flex-basis:50%\">\n<figure class=\"wp-block-image size-full imagen-animada\" style=\"overflow: hidden;\">\n  <img decoding=\"async\" src=\"https:\/\/marymountbq.edu.co\/site\/wp-content\/uploads\/2024\/10\/Plantilla-post-RRSS-1-2.png\" \n       alt=\"\" class=\"wp-image-2243\" \/>\n<\/figure>\n\n<style>\n  .imagen-animada img {\n    display: block;\n    transform: translateY(-100px);\n    opacity: 0;\n    transition: transform 1s ease-in-out, opacity 1s ease-in-out;\n  }\n\n  .imagen-animada.activa img {\n    transform: translateY(0);\n    opacity: 1;\n  }\n<\/style>\n\n<script>\n  document.addEventListener('DOMContentLoaded', function () {\n    const imagenes = document.querySelectorAll('.imagen-animada');\n\n    const observer = new IntersectionObserver((entries) => {\n      entries.forEach(entry => {\n        if (entry.isIntersecting) {\n          entry.target.classList.add('activa');\n        }\n      });\n    });\n\n    imagenes.forEach(imagen => observer.observe(imagen));\n  });\n<\/script>\n<\/div>\n\n\n\n<div class=\"wp-block-column is-vertically-aligned-center has-normal-font-size is-layout-flow wp-container-core-column-is-layout-b2a27621 wp-block-column-is-layout-flow\" style=\"padding-top:0;padding-right:0;padding-bottom:0;padding-left:0;flex-basis:50%\">\n<p class=\"has-text-color has-link-color has-big-font-size wp-elements-8674cf422e5f9e505e1d786e7524c9b0\" style=\"color:#1f2d55;margin-top:var(--wp--preset--spacing--40);margin-bottom:var(--wp--preset--spacing--40)\"><strong>Liderazgo<\/strong><\/p>\n\n\n\n<p class=\"has-primary-color has-text-color has-link-color wp-elements-abf96ec04f990e332394c0e746f776bb\">El liderazgo es un pilar fundamental en el desarrollo integral de los estudiantes de Middle School en Marymount. A trav\u00e9s de actividades extracurriculares, como deportes, clubes art\u00edsticos y programas de liderazgo, los estudiantes tienen la oportunidad de descubrir sus talentos y expandir sus habilidades.&nbsp; Fomentamos un enfoque hol\u00edstico que no solo se centra en lo acad\u00e9mico, sino tambi\u00e9n en la formaci\u00f3n de ciudadanos responsables y comprometidos. Los programas de servicio comunitario y cuidado ambiental les permiten practicar la responsabilidad social, mientras desarrollan atributos de liderazgo que los preparan para tomar decisiones significativas y liderar con integridad.&nbsp;<\/p>\n<\/div>\n<\/div>\n\n\n\n<div style=\"height:33px\" aria-hidden=\"true\" class=\"wp-block-spacer\"><\/div>\n\n\n\n<div class=\"wp-block-columns is-layout-flex wp-container-core-columns-is-layout-7fc3d43a wp-block-columns-is-layout-flex\">\n<div class=\"wp-block-column is-layout-flow wp-container-core-column-is-layout-b108c007 wp-block-column-is-layout-flow\" style=\"padding-right:0;padding-left:0;flex-basis:50%\">\n<div class=\"wp-block-columns is-layout-flex wp-container-core-columns-is-layout-28f84493 wp-block-columns-is-layout-flex\">\n<div class=\"wp-block-column is-layout-flow wp-block-column-is-layout-flow\">\n<figure class=\"wp-block-image size-large\"><img decoding=\"async\" width=\"1024\" height=\"683\" src=\"https:\/\/marymountbq.edu.co\/site\/wp-content\/uploads\/2025\/06\/772A8472-1024x683.jpg\" alt=\"\" class=\"wp-image-3916\" srcset=\"https:\/\/marymountbq.edu.co\/site\/wp-content\/uploads\/2025\/06\/772A8472-1024x683.jpg 1024w, https:\/\/marymountbq.edu.co\/site\/wp-content\/uploads\/2025\/06\/772A8472-300x200.jpg 300w, https:\/\/marymountbq.edu.co\/site\/wp-content\/uploads\/2025\/06\/772A8472-768x512.jpg 768w, https:\/\/marymountbq.edu.co\/site\/wp-content\/uploads\/2025\/06\/772A8472-1536x1024.jpg 1536w, https:\/\/marymountbq.edu.co\/site\/wp-content\/uploads\/2025\/06\/772A8472-2048x1365.jpg 2048w\" sizes=\"(max-width: 1024px) 100vw, 1024px\" \/><\/figure>\n<\/div>\n<\/div>\n<\/div>\n\n\n\n<div class=\"wp-block-column has-normal-font-size is-layout-flow wp-container-core-column-is-layout-b2a27621 wp-block-column-is-layout-flow\" style=\"padding-top:0;padding-right:0;padding-bottom:0;padding-left:0;flex-basis:50%\">\n<p class=\"has-text-color has-link-color has-big-font-size wp-elements-577498031edcc02842b8eaea0638f463\" style=\"color:#1f2d55\"><strong>Proceso de aprendizaje<\/strong><\/p>\n\n\n\n<p class=\"has-primary-color has-text-color has-link-color wp-elements-6543dbb19164ea533db5f4087e2aaa71\" style=\"margin-top:var(--wp--preset--spacing--50);margin-bottom:var(--wp--preset--spacing--50)\">Esta etapa se centra en desarrollar habilidades clave para el aprendizaje aut\u00f3nomo, como la organizaci\u00f3n, el manejo del tiempo y la resoluci\u00f3n de problemas. Las clases de Middle School son din\u00e1micas y las rotaciones de materias les permiten interactuar con diferentes docentes y compa\u00f1eros, fomentando la curiosidad, el pensamiento cr\u00edtico y el trabajo en equipo. &nbsp; M\u00e1s all\u00e1 de los contenidos acad\u00e9micos, actividades como convivencias y talleres de habilidades socioemocionales fortalecen su car\u00e1cter, promueven los valores SHERR y crean un ambiente de respeto y empat\u00eda.<\/p>\n<\/div>\n<\/div>\n\n\n\n<p><\/p>\n","protected":false},"excerpt":{"rendered":"<p>En Middle School, nuestros estudiantes viven una etapa fundamental de transici\u00f3n y descubrimiento, donde construyen las bases para su crecimiento acad\u00e9mico y personal. Nuestro prop\u00f3sito es preparar a los estudiantes para los retos de High School, ayud\u00e1ndolos a descubrir sus intereses y talentos, y a construir una s\u00f3lida base de conocimientos y valores. Cada actividad,&#8230;<\/p>\n","protected":false},"author":2,"featured_media":0,"parent":0,"menu_order":0,"comment_status":"closed","ping_status":"closed","template":"","meta":{"footnotes":""},"class_list":["post-3071","page","type-page","status-publish","hentry"],"_links":{"self":[{"href":"https:\/\/marymountbq.edu.co\/site\/wp-json\/wp\/v2\/pages\/3071","targetHints":{"allow":["GET"]}}],"collection":[{"href":"https:\/\/marymountbq.edu.co\/site\/wp-json\/wp\/v2\/pages"}],"about":[{"href":"https:\/\/marymountbq.edu.co\/site\/wp-json\/wp\/v2\/types\/page"}],"author":[{"embeddable":true,"href":"https:\/\/marymountbq.edu.co\/site\/wp-json\/wp\/v2\/users\/2"}],"replies":[{"embeddable":true,"href":"https:\/\/marymountbq.edu.co\/site\/wp-json\/wp\/v2\/comments?post=3071"}],"version-history":[{"count":28,"href":"https:\/\/marymountbq.edu.co\/site\/wp-json\/wp\/v2\/pages\/3071\/revisions"}],"predecessor-version":[{"id":4585,"href":"https:\/\/marymountbq.edu.co\/site\/wp-json\/wp\/v2\/pages\/3071\/revisions\/4585"}],"wp:attachment":[{"href":"https:\/\/marymountbq.edu.co\/site\/wp-json\/wp\/v2\/media?parent=3071"}],"curies":[{"name":"wp","href":"https:\/\/api.w.org\/{rel}","templated":true}]}}