 {"id":2766,"date":"2024-11-18T14:10:07","date_gmt":"2024-11-18T19:10:07","guid":{"rendered":"https:\/\/jxj.72f.mytemp.website\/?page_id=2766"},"modified":"2025-08-20T09:57:54","modified_gmt":"2025-08-20T14:57:54","slug":"lower-elementary","status":"publish","type":"page","link":"https:\/\/marymountbq.edu.co\/site\/lower-elementary\/","title":{"rendered":""},"content":{"rendered":"\n<div class=\"wp-block-cover is-style-smartversity-cover-round-style\" style=\"margin-top:0;margin-bottom:0;padding-top:0;padding-right:var(--wp--preset--spacing--80);padding-bottom:0;padding-left:var(--wp--preset--spacing--80);min-height:430px;aspect-ratio:unset;\"><img fetchpriority=\"high\" decoding=\"async\" width=\"1024\" height=\"512\" class=\"wp-block-cover__image-background wp-image-2777\" alt=\"\" src=\"https:\/\/marymountbq.edu.co\/site\/wp-content\/uploads\/2024\/11\/Plantilla-post-RRSS-1-1-1024x512.png\" style=\"object-position:49% 60%\" data-object-fit=\"cover\" data-object-position=\"49% 60%\" srcset=\"https:\/\/marymountbq.edu.co\/site\/wp-content\/uploads\/2024\/11\/Plantilla-post-RRSS-1-1-1024x512.png 1024w, https:\/\/marymountbq.edu.co\/site\/wp-content\/uploads\/2024\/11\/Plantilla-post-RRSS-1-1-300x150.png 300w, https:\/\/marymountbq.edu.co\/site\/wp-content\/uploads\/2024\/11\/Plantilla-post-RRSS-1-1-768x384.png 768w, https:\/\/marymountbq.edu.co\/site\/wp-content\/uploads\/2024\/11\/Plantilla-post-RRSS-1-1-1536x768.png 1536w, https:\/\/marymountbq.edu.co\/site\/wp-content\/uploads\/2024\/11\/Plantilla-post-RRSS-1-1.png 1875w\" sizes=\"(max-width: 1024px) 100vw, 1024px\" \/><span aria-hidden=\"true\" class=\"wp-block-cover__background has-background-dim-40 has-background-dim\"><\/span><div class=\"wp-block-cover__inner-container is-layout-constrained wp-container-core-cover-is-layout-65fa8332 wp-block-cover-is-layout-constrained\">\n<p class=\"has-text-align-center has-background-color has-text-color has-link-color has-xx-large-font-size wp-elements-b0f1173765411eec6d9d0eedd0967ce3\"><strong>LOWER ELEMENTARY<\/strong><\/p>\n\n\n\n<p class=\"has-text-align-center has-big-font-size\"><strong>(1st &#8211; 3rd Grade)<\/strong><\/p>\n<\/div><\/div>\n\n\n\n<div style=\"height:28px\" aria-hidden=\"true\" class=\"wp-block-spacer\"><\/div>\n\n\n\n<div class=\"wp-block-group is-layout-constrained wp-block-group-is-layout-constrained\">\n<div class=\"wp-block-columns are-vertically-aligned-center is-layout-flex wp-container-core-columns-is-layout-28f84493 wp-block-columns-is-layout-flex\">\n<div class=\"wp-block-column is-layout-flow wp-block-column-is-layout-flow\">\n<p><\/p>\n\n\n\n<p class=\"has-foreground-color has-text-color has-link-color has-big-font-size wp-elements-d0ab6713eef0303e84b82b75ef32e6e2\" style=\"padding-right:var(--wp--preset--spacing--50);padding-left:var(--wp--preset--spacing--50)\">En<strong> <\/strong>Lower Elementary se sientan las bases del aprendizaje y el desarrollo integral de cada estudiante. Aqu\u00ed cultivamos el amor por el aprendizaje en un entorno seguro y estimulante, enfoc\u00e1ndonos en el desarrollo de competencias fundamentales en lectura, escritura, matem\u00e1ticas, ciencia y estudios sociales.<\/p>\n<\/div>\n<\/div>\n<\/div>\n\n\n\n<div class=\"wp-block-group is-layout-constrained wp-container-core-group-is-layout-2fb5e9bb wp-block-group-is-layout-constrained\" style=\"margin-top:0;margin-bottom:0;padding-top:120px;padding-right:var(--wp--preset--spacing--50);padding-bottom:120px;padding-left:var(--wp--preset--spacing--50)\">\n<div class=\"wp-block-columns is-layout-flex wp-container-core-columns-is-layout-9d99a141 wp-block-columns-is-layout-flex\" style=\"margin-top:0px\">\n<div class=\"wp-block-column is-layout-flow wp-container-core-column-is-layout-c6626a78 wp-block-column-is-layout-flow\" style=\"border-style:none;border-width:0px\">\n<div class=\"wp-block-group is-layout-constrained wp-container-core-group-is-layout-5ec75b6b wp-block-group-is-layout-constrained\" style=\"border-bottom-color:var(--wp--preset--color--border-color);border-bottom-width:1px;margin-top:0;margin-bottom:0;padding-right:0;padding-bottom:40px\">\n<div class=\"wp-block-columns is-layout-flex wp-container-core-columns-is-layout-59e203da wp-block-columns-is-layout-flex\" style=\"padding-right:0;padding-left:0\">\n<div class=\"wp-block-column is-layout-constrained wp-container-core-column-is-layout-affacae6 wp-block-column-is-layout-constrained\" style=\"padding-right:0;padding-left:0;flex-basis:2100px\">\n<div class=\"wp-block-columns is-layout-flex wp-container-core-columns-is-layout-e0e4babd wp-block-columns-is-layout-flex\" style=\"padding-right:0;padding-left:0\">\n<div class=\"wp-block-column is-layout-flow wp-block-column-is-layout-flow\" style=\"padding-right:var(--wp--preset--spacing--50)\">\n<figure class=\"wp-block-image size-full imagen-animada\" style=\"overflow: hidden;\">\n  <img decoding=\"async\" src=\"https:\/\/marymountbq.edu.co\/site\/wp-content\/uploads\/2024\/11\/IMG_0951-1024x683.jpg\" \n       alt=\"Imagen animada\" class=\"wp-image-2188\" \/>\n<\/figure>\n\n<style>\n  .imagen-animada img {\n    display: block;\n    transform: translateY(-100px);\n    opacity: 0;\n    transition: transform 1s ease-in-out, opacity 1s ease-in-out;\n  }\n\n  .imagen-animada.activa img {\n    transform: translateY(0);\n    opacity: 1;\n  }\n<\/style>\n\n<script>\n  document.addEventListener('DOMContentLoaded', function () {\n    const imagenes = document.querySelectorAll('.imagen-animada');\n\n    const observer = new IntersectionObserver((entries) => {\n      entries.forEach(entry => {\n        if (entry.isIntersecting) {\n          entry.target.classList.add('activa');\n        }\n      });\n    });\n\n    imagenes.forEach(imagen => observer.observe(imagen));\n  });\n<\/script>\n<\/div>\n\n\n\n<div class=\"wp-block-column has-normal-font-size is-layout-flow wp-container-core-column-is-layout-92d440f1 wp-block-column-is-layout-flow\" style=\"padding-top:0;padding-bottom:0\">\n<p class=\"has-text-color has-link-color has-big-font-size wp-elements-fbc0eaba49e48e4e666358c998013008\" style=\"color:#1f2d55;margin-top:var(--wp--preset--spacing--50);margin-bottom:var(--wp--preset--spacing--50)\"><strong>Experiencias aut\u00e9nticas<\/strong><\/p>\n\n\n\n<p class=\"has-primary-color has-text-color has-link-color wp-elements-87128772f327a83d0eaaa984f6792739\">Nuestro objetivo es ofrecer una base acad\u00e9mica s\u00f3lida que fomente el crecimiento integral de cada ni\u00f1o, motivando su curiosidad y entusiasmo por descubrir el mundo. Promovemos experiencias aut\u00e9nticas, tanto dentro como fuera del aula, que transforman el aprendizaje en una aventura emocionante.&nbsp; A trav\u00e9s de estas vivencias, los ni\u00f1os adquieren conocimientos de manera significativa, conectando con su entorno de forma natural y pr\u00e1ctica. Creemos que este enfoque no solo enriquece su desarrollo integral, sino que tambi\u00e9n los prepara para enfrentar los desaf\u00edos del futuro con confianza, creatividad y una mentalidad abierta hacia el aprendizaje continuo.<\/p>\n<\/div>\n<\/div>\n<\/div>\n<\/div>\n<\/div>\n\n\n\n<div class=\"wp-block-group is-layout-constrained wp-block-group-is-layout-constrained\" style=\"border-bottom-color:var(--wp--preset--color--border-color);border-bottom-width:1px;padding-bottom:40px\">\n<div class=\"wp-block-columns is-layout-flex wp-container-core-columns-is-layout-28f84493 wp-block-columns-is-layout-flex\">\n<div class=\"wp-block-column is-layout-constrained wp-block-column-is-layout-constrained\" style=\"flex-basis:2100px\">\n<div class=\"wp-block-columns is-layout-flex wp-container-core-columns-is-layout-28f84493 wp-block-columns-is-layout-flex\">\n<div class=\"wp-block-column is-layout-flow wp-block-column-is-layout-flow\" style=\"padding-right:var(--wp--preset--spacing--50)\">\n<figure class=\"wp-block-image size-full imagen-animada\" style=\"overflow: hidden;\">\n  <img decoding=\"async\" src=\"https:\n\/\/marymountbq.edu.co\/site\/wp-content\/uploads\/2024\/08\/Plantilla-post-RRSS-3-9.png\" \n       alt=\"Imagen animada\" class=\"wp-image-2188\" \/>\n<\/figure>\n\n<style>\n  .imagen-animada img {\n    display: block;\n    transform: translateY(-100px);\n    opacity: 0;\n    transition: transform 1s ease-in-out, opacity 1s ease-in-out;\n  }\n\n  .imagen-animada.activa img {\n    transform: translateY(0);\n    opacity: 1;\n  }\n<\/style>\n\n<script>\n  document.addEventListener('DOMContentLoaded', function () {\n    const imagenes = document.querySelectorAll('.imagen-animada');\n\n    const observer = new IntersectionObserver((entries) => {\n      entries.forEach(entry => {\n        if (entry.isIntersecting) {\n          entry.target.classList.add('activa');\n        }\n      });\n    });\n\n    imagenes.forEach(imagen => observer.observe(imagen));\n  });\n<\/script>\n<\/div>\n\n\n\n<div class=\"wp-block-column has-normal-font-size is-layout-flow wp-container-core-column-is-layout-92d440f1 wp-block-column-is-layout-flow\" style=\"padding-top:0;padding-bottom:0\">\n<p class=\"has-text-color has-link-color has-big-font-size wp-elements-4e35f1d18048d00ca18aa4696a06222a\" style=\"color:#1f2d55;margin-top:var(--wp--preset--spacing--50);margin-bottom:var(--wp--preset--spacing--50)\"><strong>Aulas de clase<\/strong><\/p>\n\n\n\n<p class=\"has-primary-color has-text-color has-link-color wp-elements-b65585b94990e60035d65e2046b10e80\">Las aulas de Lower Elementary est\u00e1n dise\u00f1adas para ofrecer un espacio din\u00e1mico y atractivo, con recursos variados, tecnolog\u00eda interactiva, y espacios exteriores que promueven el desarrollo motor y social. El espacio VIP permite una atenci\u00f3n diferenciada, adaptada a las necesidades individuales de los estudiantes, mientras que una biblioteca interna y mobiliario flexible favorecen la lectura, el aprendizaje cooperativo y el trabajo en estaciones. Este ambiente inclusivo y estimulante facilita que los estudiantes desarrollen habilidades sociales, cognitivas y motoras de forma integral.<\/p>\n<\/div>\n<\/div>\n<\/div>\n<\/div>\n<\/div>\n\n\n\n<div class=\"wp-block-group is-layout-constrained wp-block-group-is-layout-constrained\" style=\"border-bottom-color:var(--wp--preset--color--border-color);border-bottom-width:1px;padding-bottom:40px\">\n<div class=\"wp-block-columns is-layout-flex wp-container-core-columns-is-layout-28f84493 wp-block-columns-is-layout-flex\">\n<div class=\"wp-block-column is-layout-constrained wp-block-column-is-layout-constrained\" style=\"flex-basis:2100px\">\n<div class=\"wp-block-columns is-layout-flex wp-container-core-columns-is-layout-28f84493 wp-block-columns-is-layout-flex\">\n<div class=\"wp-block-column is-layout-flow wp-block-column-is-layout-flow\" style=\"padding-right:var(--wp--preset--spacing--50)\">\n<figure class=\"wp-block-image size-large\"><img decoding=\"async\" width=\"1024\" height=\"576\" src=\"https:\/\/marymountbq.edu.co\/site\/wp-content\/uploads\/2025\/06\/WhatsApp-Image-2024-11-06-at-10.16.41-AM-1024x576.jpeg\" alt=\"\" class=\"wp-image-3885\" srcset=\"https:\/\/marymountbq.edu.co\/site\/wp-content\/uploads\/2025\/06\/WhatsApp-Image-2024-11-06-at-10.16.41-AM-1024x576.jpeg 1024w, https:\/\/marymountbq.edu.co\/site\/wp-content\/uploads\/2025\/06\/WhatsApp-Image-2024-11-06-at-10.16.41-AM-300x169.jpeg 300w, https:\/\/marymountbq.edu.co\/site\/wp-content\/uploads\/2025\/06\/WhatsApp-Image-2024-11-06-at-10.16.41-AM-768x432.jpeg 768w, https:\/\/marymountbq.edu.co\/site\/wp-content\/uploads\/2025\/06\/WhatsApp-Image-2024-11-06-at-10.16.41-AM-1536x864.jpeg 1536w, https:\/\/marymountbq.edu.co\/site\/wp-content\/uploads\/2025\/06\/WhatsApp-Image-2024-11-06-at-10.16.41-AM.jpeg 1600w\" sizes=\"(max-width: 1024px) 100vw, 1024px\" \/><\/figure>\n<\/div>\n\n\n\n<div class=\"wp-block-column has-normal-font-size is-layout-flow wp-container-core-column-is-layout-92d440f1 wp-block-column-is-layout-flow\" style=\"padding-top:0;padding-bottom:0\">\n<p class=\"has-text-color has-link-color has-big-font-size wp-elements-1bee005fe7cb71dcb6c59f3af62b66d3\" style=\"color:#1f2d55;margin-top:var(--wp--preset--spacing--50);margin-bottom:var(--wp--preset--spacing--50)\"><strong>Expediciones educativas<\/strong><\/p>\n\n\n\n<p class=\"has-primary-color has-text-color has-link-color wp-elements-dd7535fe3ba5de903d7b50d9df8d42e8\">Para potenciar a\u00fan m\u00e1s este proceso de aprendizaje, organizamos salidas experienciales que conectan a los estudiantes con el mundo real. Estas excursiones brindan oportunidades invaluables para el aprendizaje pr\u00e1ctico, permitiendo a los ni\u00f1os aplicar sus conocimientos en entornos reales.<\/p>\n<\/div>\n<\/div>\n<\/div>\n<\/div>\n<\/div>\n\n\n\n<div class=\"wp-block-group is-layout-constrained wp-block-group-is-layout-constrained\" style=\"border-bottom-color:var(--wp--preset--color--border-color);border-bottom-width:1px;padding-bottom:40px\">\n<div class=\"wp-block-columns is-layout-flex wp-container-core-columns-is-layout-28f84493 wp-block-columns-is-layout-flex\">\n<div class=\"wp-block-column is-layout-constrained wp-block-column-is-layout-constrained\" style=\"flex-basis:2100px\">\n<div class=\"wp-block-columns is-layout-flex wp-container-core-columns-is-layout-28f84493 wp-block-columns-is-layout-flex\">\n<div class=\"wp-block-column is-layout-flow wp-block-column-is-layout-flow\" style=\"padding-right:var(--wp--preset--spacing--50)\">\n<figure class=\"wp-block-image size-large\"><img decoding=\"async\" width=\"1024\" height=\"683\" src=\"https:\/\/marymountbq.edu.co\/site\/wp-content\/uploads\/2025\/06\/772A9805-1024x683.jpg\" alt=\"\" class=\"wp-image-3908\" srcset=\"https:\/\/marymountbq.edu.co\/site\/wp-content\/uploads\/2025\/06\/772A9805-1024x683.jpg 1024w, https:\/\/marymountbq.edu.co\/site\/wp-content\/uploads\/2025\/06\/772A9805-300x200.jpg 300w, https:\/\/marymountbq.edu.co\/site\/wp-content\/uploads\/2025\/06\/772A9805-768x512.jpg 768w, https:\/\/marymountbq.edu.co\/site\/wp-content\/uploads\/2025\/06\/772A9805-1536x1024.jpg 1536w, https:\/\/marymountbq.edu.co\/site\/wp-content\/uploads\/2025\/06\/772A9805-2048x1365.jpg 2048w\" sizes=\"(max-width: 1024px) 100vw, 1024px\" \/><\/figure>\n<\/div>\n\n\n\n<div class=\"wp-block-column has-normal-font-size is-layout-flow wp-container-core-column-is-layout-92d440f1 wp-block-column-is-layout-flow\" style=\"padding-top:0;padding-bottom:0\">\n<p class=\"has-text-color has-link-color has-big-font-size wp-elements-557554ed2883d40276a733ab836779d3\" style=\"color:#1f2d55;margin-top:var(--wp--preset--spacing--50);margin-bottom:var(--wp--preset--spacing--50)\"><strong>Actividades pr\u00e1cticas<\/strong><\/p>\n\n\n\n<p class=\"has-primary-color has-text-color has-link-color wp-elements-e5e925759fcada45ef568dffe5cb2c3b\">Lower Elementary enriquece la educaci\u00f3n con actividades pr\u00e1cticas y exploratorias, como proyectos y centros de aprendizaje libre o \u201cFree Flow Center\u201d, que refuerzan habilidades de soluci\u00f3n de problemas y creatividad. Salidas experienciales y excursiones permiten a los estudiantes aplicar sus conocimientos en entornos reales. Adem\u00e1s, grupos como el Green Club, Stuco, Mediadores de Paz y el Super Reading Club fomentan valores de responsabilidad y comunidad, mientras que las electivas en \u00e1reas como STEAM, deportes y arte ayudan a los estudiantes a descubrir y desarrollar sus talentos, promoviendo as\u00ed un crecimiento completo y significativo.<\/p>\n<\/div>\n<\/div>\n<\/div>\n<\/div>\n<\/div>\n<\/div>\n<\/div>\n<\/div>\n\n\n\n<p><\/p>\n","protected":false},"excerpt":{"rendered":"<p>En Lower Elementary se sientan las bases del aprendizaje y el desarrollo integral de cada estudiante. Aqu\u00ed cultivamos el amor por el aprendizaje en un entorno seguro y estimulante, enfoc\u00e1ndonos en el desarrollo de competencias fundamentales en lectura, escritura, matem\u00e1ticas, ciencia y estudios sociales. Experiencias aut\u00e9nticas Nuestro objetivo es ofrecer una base acad\u00e9mica s\u00f3lida que&#8230;<\/p>\n","protected":false},"author":2,"featured_media":0,"parent":0,"menu_order":0,"comment_status":"closed","ping_status":"closed","template":"","meta":{"footnotes":""},"class_list":["post-2766","page","type-page","status-publish","hentry"],"_links":{"self":[{"href":"https:\/\/marymountbq.edu.co\/site\/wp-json\/wp\/v2\/pages\/2766","targetHints":{"allow":["GET"]}}],"collection":[{"href":"https:\/\/marymountbq.edu.co\/site\/wp-json\/wp\/v2\/pages"}],"about":[{"href":"https:\/\/marymountbq.edu.co\/site\/wp-json\/wp\/v2\/types\/page"}],"author":[{"embeddable":true,"href":"https:\/\/marymountbq.edu.co\/site\/wp-json\/wp\/v2\/users\/2"}],"replies":[{"embeddable":true,"href":"https:\/\/marymountbq.edu.co\/site\/wp-json\/wp\/v2\/comments?post=2766"}],"version-history":[{"count":92,"href":"https:\/\/marymountbq.edu.co\/site\/wp-json\/wp\/v2\/pages\/2766\/revisions"}],"predecessor-version":[{"id":4584,"href":"https:\/\/marymountbq.edu.co\/site\/wp-json\/wp\/v2\/pages\/2766\/revisions\/4584"}],"wp:attachment":[{"href":"https:\/\/marymountbq.edu.co\/site\/wp-json\/wp\/v2\/media?parent=2766"}],"curies":[{"name":"wp","href":"https:\/\/api.w.org\/{rel}","templated":true}]}}