 {"id":2741,"date":"2024-11-18T09:05:24","date_gmt":"2024-11-18T14:05:24","guid":{"rendered":"https:\/\/jxj.72f.mytemp.website\/?page_id=2741"},"modified":"2025-08-05T22:32:54","modified_gmt":"2025-08-06T03:32:54","slug":"the-leaders-spotlight","status":"publish","type":"page","link":"https:\/\/marymountbq.edu.co\/site\/the-leaders-spotlight\/","title":{"rendered":""},"content":{"rendered":"\n<p><\/p>\n\n\n\n<p><\/p>\n\n\n\n<p class=\"has-text-color has-link-color has-xx-large-font-size wp-elements-c2ae678a38a49a2c06219262656e6c44\" style=\"color:#1f2d55\"><strong>THE LEADERS SPOTLIGHT<\/strong><\/p>\n\n\n\n<figure class=\"wp-block-image size-full\"><img fetchpriority=\"high\" decoding=\"async\" width=\"1920\" height=\"585\" src=\"https:\/\/marymountbq.edu.co\/site\/wp-content\/uploads\/2024\/10\/Copia-de-Copia-de-Sin-titulo-4.001-x-1.207-cm-1920-x-585-px.png\" alt=\"\" class=\"wp-image-2583\" srcset=\"https:\/\/marymountbq.edu.co\/site\/wp-content\/uploads\/2024\/10\/Copia-de-Copia-de-Sin-titulo-4.001-x-1.207-cm-1920-x-585-px.png 1920w, https:\/\/marymountbq.edu.co\/site\/wp-content\/uploads\/2024\/10\/Copia-de-Copia-de-Sin-titulo-4.001-x-1.207-cm-1920-x-585-px-300x91.png 300w, https:\/\/marymountbq.edu.co\/site\/wp-content\/uploads\/2024\/10\/Copia-de-Copia-de-Sin-titulo-4.001-x-1.207-cm-1920-x-585-px-1024x312.png 1024w, https:\/\/marymountbq.edu.co\/site\/wp-content\/uploads\/2024\/10\/Copia-de-Copia-de-Sin-titulo-4.001-x-1.207-cm-1920-x-585-px-768x234.png 768w, https:\/\/marymountbq.edu.co\/site\/wp-content\/uploads\/2024\/10\/Copia-de-Copia-de-Sin-titulo-4.001-x-1.207-cm-1920-x-585-px-1536x468.png 1536w\" sizes=\"(max-width: 1920px) 100vw, 1920px\" \/><\/figure>\n\n\n\n<p class=\"has-text-align-left has-foreground-color has-text-color has-link-color has-medium-font-size wp-elements-6ddc20f6ed18baa3260585b26810faf6\"><br>Es una secci\u00f3n dedicada a resaltar los logros extraordinarios de los estudiantes, padres, exalumnos, maestros y miembros del personal de Marymount. Esta iniciativa destaca a individuos que han transformado sus ideas y desaf\u00edos en acciones significativas, demostrando liderazgo dentro de sus comunidades.<\/p>\n\n\n\n<p><\/p>\n\n\n\n<p class=\"has-text-align-left has-foreground-color has-text-color has-link-color has-medium-font-size wp-elements-53424d9a29a90360fd8d74490bd0b782\">Cada semana, presentamos a un l\u00edder que ha tenido un impacto significativo, ofreciendo una visi\u00f3n de su trayectoria, los obst\u00e1culos que han superado y las contribuciones que han realizado para el bien com\u00fan. A trav\u00e9s de sus historias, buscamos inspirar y empoderar a otros para que lideren con prop\u00f3sito y pasi\u00f3n.<\/p>\n\n\n\n<details class=\"wp-block-details is-layout-flow wp-block-details-is-layout-flow\"><summary><\/summary>\n<p><\/p>\n<\/details>\n\n\n\n<p><\/p>\n\n\n\n<p class=\"has-text-color has-link-color has-xx-large-font-size wp-elements-81a1a011c8f0cc5185903190fa2125bf\" style=\"color:#1f2d55\"><strong>CONOCE SUS HISTORIAS<br><\/strong><\/p>\n\n\n\n<div class=\"wp-block-columns is-layout-flex wp-container-core-columns-is-layout-28f84493 wp-block-columns-is-layout-flex\">\n<div class=\"wp-block-column is-layout-flow wp-block-column-is-layout-flow\">\n<figure class=\"wp-block-image size-large is-style-smartversity-image-pulse\"><a href=\"https:\/\/marymountbq.edu.co\/site\/wp-content\/uploads\/2024\/11\/Green-and-Purple-Playful-All-About-Me-Presentation.pdf\" target=\"_blank\" rel=\" noreferrer noopener\"><img decoding=\"async\" width=\"1024\" height=\"1024\" src=\"https:\/\/marymountbq.edu.co\/site\/wp-content\/uploads\/2024\/10\/Mesa-de-trabajo-1@2x-1024x1024.png\" alt=\"\" class=\"wp-image-2584\" srcset=\"https:\/\/marymountbq.edu.co\/site\/wp-content\/uploads\/2024\/10\/Mesa-de-trabajo-1@2x-1024x1024.png 1024w, https:\/\/marymountbq.edu.co\/site\/wp-content\/uploads\/2024\/10\/Mesa-de-trabajo-1@2x-300x300.png 300w, https:\/\/marymountbq.edu.co\/site\/wp-content\/uploads\/2024\/10\/Mesa-de-trabajo-1@2x-150x150.png 150w, https:\/\/marymountbq.edu.co\/site\/wp-content\/uploads\/2024\/10\/Mesa-de-trabajo-1@2x-768x768.png 768w, https:\/\/marymountbq.edu.co\/site\/wp-content\/uploads\/2024\/10\/Mesa-de-trabajo-1@2x-1536x1536.png 1536w, https:\/\/marymountbq.edu.co\/site\/wp-content\/uploads\/2024\/10\/Mesa-de-trabajo-1@2x-2048x2048.png 2048w\" sizes=\"(max-width: 1024px) 100vw, 1024px\" \/><\/a><figcaption class=\"wp-element-caption\">Isabella Zambrano<\/figcaption><\/figure>\n<\/div>\n\n\n\n<div class=\"wp-block-column is-layout-flow wp-block-column-is-layout-flow\">\n<figure class=\"wp-block-image size-large is-style-smartversity-image-pulse\"><a href=\"https:\/\/marymountbq.edu.co\/site\/wp-content\/uploads\/2024\/11\/Copia-de-Green-and-Purple-Playful-All-About-Me-Presentation.pdf\" target=\"_blank\" rel=\" noreferrer noopener\"><img decoding=\"async\" width=\"1024\" height=\"1024\" src=\"https:\/\/marymountbq.edu.co\/site\/wp-content\/uploads\/2024\/10\/WhatsApp-Image-2024-10-02-at-7.48.05-AM-1024x1024.jpeg\" alt=\"\" class=\"wp-image-2585\" srcset=\"https:\/\/marymountbq.edu.co\/site\/wp-content\/uploads\/2024\/10\/WhatsApp-Image-2024-10-02-at-7.48.05-AM-1024x1024.jpeg 1024w, https:\/\/marymountbq.edu.co\/site\/wp-content\/uploads\/2024\/10\/WhatsApp-Image-2024-10-02-at-7.48.05-AM-300x300.jpeg 300w, https:\/\/marymountbq.edu.co\/site\/wp-content\/uploads\/2024\/10\/WhatsApp-Image-2024-10-02-at-7.48.05-AM-150x150.jpeg 150w, https:\/\/marymountbq.edu.co\/site\/wp-content\/uploads\/2024\/10\/WhatsApp-Image-2024-10-02-at-7.48.05-AM-768x768.jpeg 768w, https:\/\/marymountbq.edu.co\/site\/wp-content\/uploads\/2024\/10\/WhatsApp-Image-2024-10-02-at-7.48.05-AM-1536x1536.jpeg 1536w, https:\/\/marymountbq.edu.co\/site\/wp-content\/uploads\/2024\/10\/WhatsApp-Image-2024-10-02-at-7.48.05-AM.jpeg 1600w\" sizes=\"(max-width: 1024px) 100vw, 1024px\" \/><\/a><figcaption class=\"wp-element-caption\">Isabella Ovalle<\/figcaption><\/figure>\n<\/div>\n\n\n\n<div class=\"wp-block-column is-layout-flow wp-block-column-is-layout-flow\">\n<figure class=\"wp-block-image size-large is-style-smartversity-image-pulse\"><a href=\"https:\/\/marymountbq.edu.co\/site\/wp-content\/uploads\/2024\/11\/Copia-de-Copia-de-Green-and-Purple-Playful-All-About-Me-Presentation.pdf\" target=\"_blank\" rel=\" noreferrer noopener\"><img loading=\"lazy\" decoding=\"async\" width=\"1024\" height=\"1024\" src=\"https:\/\/marymountbq.edu.co\/site\/wp-content\/uploads\/2024\/11\/Mesa-de-trabajo-1@2x-100-1024x1024.jpg\" alt=\"\" class=\"wp-image-2759\" srcset=\"https:\/\/marymountbq.edu.co\/site\/wp-content\/uploads\/2024\/11\/Mesa-de-trabajo-1@2x-100-1024x1024.jpg 1024w, https:\/\/marymountbq.edu.co\/site\/wp-content\/uploads\/2024\/11\/Mesa-de-trabajo-1@2x-100-300x300.jpg 300w, https:\/\/marymountbq.edu.co\/site\/wp-content\/uploads\/2024\/11\/Mesa-de-trabajo-1@2x-100-150x150.jpg 150w, https:\/\/marymountbq.edu.co\/site\/wp-content\/uploads\/2024\/11\/Mesa-de-trabajo-1@2x-100-768x768.jpg 768w, https:\/\/marymountbq.edu.co\/site\/wp-content\/uploads\/2024\/11\/Mesa-de-trabajo-1@2x-100-1536x1536.jpg 1536w, https:\/\/marymountbq.edu.co\/site\/wp-content\/uploads\/2024\/11\/Mesa-de-trabajo-1@2x-100-2048x2048.jpg 2048w\" sizes=\"(max-width: 1024px) 100vw, 1024px\" \/><\/a><figcaption class=\"wp-element-caption\">Milena Donado<\/figcaption><\/figure>\n<\/div>\n<\/div>\n\n\n\n<p><\/p>\n","protected":false},"excerpt":{"rendered":"<p>THE LEADERS SPOTLIGHT Es una secci\u00f3n dedicada a resaltar los logros extraordinarios de los estudiantes, padres, exalumnos, maestros y miembros del personal de Marymount. Esta iniciativa destaca a individuos que han transformado sus ideas y desaf\u00edos en acciones significativas, demostrando liderazgo dentro de sus comunidades. Cada semana, presentamos a un l\u00edder que ha tenido un&#8230;<\/p>\n","protected":false},"author":2,"featured_media":0,"parent":0,"menu_order":0,"comment_status":"closed","ping_status":"closed","template":"","meta":{"footnotes":""},"class_list":["post-2741","page","type-page","status-publish","hentry"],"_links":{"self":[{"href":"https:\/\/marymountbq.edu.co\/site\/wp-json\/wp\/v2\/pages\/2741","targetHints":{"allow":["GET"]}}],"collection":[{"href":"https:\/\/marymountbq.edu.co\/site\/wp-json\/wp\/v2\/pages"}],"about":[{"href":"https:\/\/marymountbq.edu.co\/site\/wp-json\/wp\/v2\/types\/page"}],"author":[{"embeddable":true,"href":"https:\/\/marymountbq.edu.co\/site\/wp-json\/wp\/v2\/users\/2"}],"replies":[{"embeddable":true,"href":"https:\/\/marymountbq.edu.co\/site\/wp-json\/wp\/v2\/comments?post=2741"}],"version-history":[{"count":10,"href":"https:\/\/marymountbq.edu.co\/site\/wp-json\/wp\/v2\/pages\/2741\/revisions"}],"predecessor-version":[{"id":3993,"href":"https:\/\/marymountbq.edu.co\/site\/wp-json\/wp\/v2\/pages\/2741\/revisions\/3993"}],"wp:attachment":[{"href":"https:\/\/marymountbq.edu.co\/site\/wp-json\/wp\/v2\/media?parent=2741"}],"curies":[{"name":"wp","href":"https:\/\/api.w.org\/{rel}","templated":true}]}}