 {"id":2724,"date":"2024-11-05T07:58:58","date_gmt":"2024-11-05T12:58:58","guid":{"rendered":"https:\/\/jxj.72f.mytemp.website\/?page_id=2724"},"modified":"2025-08-20T10:30:04","modified_gmt":"2025-08-20T15:30:04","slug":"el-valor-de-vivir-the-marymount-way-pagina-en-construccion","status":"publish","type":"page","link":"https:\/\/marymountbq.edu.co\/site\/el-valor-de-vivir-the-marymount-way-pagina-en-construccion\/","title":{"rendered":""},"content":{"rendered":"\n<h2 class=\"wp-block-heading has-text-align-center has-text-color has-link-color wp-elements-71432aa77bd06e6f0be313f3aa3dd10b\" style=\"color:#1f2d55\"><strong>THE MARYMOUNT WAY<\/strong><\/h2>\n\n\n\n<div class=\"wp-block-columns is-layout-flex wp-container-core-columns-is-layout-28f84493 wp-block-columns-is-layout-flex\">\n<div class=\"wp-block-column is-layout-flow wp-block-column-is-layout-flow\">\n<p class=\"has-text-align-center has-foreground-color has-text-color has-link-color has-big-font-size wp-elements-1042251aa7cdee63c7ea6c876e287b8c\">Es lo que nos hace \u00fanicos e incomparables. Representa tres atributos que la instituci\u00f3n se esfuerza por desarrollar en sus estudiantes:&nbsp;<\/p>\n\n\n\n<div style=\"height:31px\" aria-hidden=\"true\" class=\"wp-block-spacer\"><\/div>\n<\/div>\n<\/div>\n\n\n\n<figure class=\"wp-block-image aligncenter size-large is-resized\"><img fetchpriority=\"high\" decoding=\"async\" width=\"1024\" height=\"467\" src=\"https:\/\/marymountbq.edu.co\/site\/wp-content\/uploads\/2025\/08\/SHERR-1-1024x467.png\" alt=\"\" class=\"wp-image-4534\" style=\"width:726px;height:auto\" srcset=\"https:\/\/marymountbq.edu.co\/site\/wp-content\/uploads\/2025\/08\/SHERR-1-1024x467.png 1024w, https:\/\/marymountbq.edu.co\/site\/wp-content\/uploads\/2025\/08\/SHERR-1-300x137.png 300w, https:\/\/marymountbq.edu.co\/site\/wp-content\/uploads\/2025\/08\/SHERR-1-768x350.png 768w, https:\/\/marymountbq.edu.co\/site\/wp-content\/uploads\/2025\/08\/SHERR-1-1536x700.png 1536w, https:\/\/marymountbq.edu.co\/site\/wp-content\/uploads\/2025\/08\/SHERR-1-2048x933.png 2048w\" sizes=\"(max-width: 1024px) 100vw, 1024px\" \/><\/figure>\n\n\n\n<div class=\"wp-block-columns is-layout-flex wp-container-core-columns-is-layout-28f84493 wp-block-columns-is-layout-flex\">\n<div class=\"wp-block-column is-layout-flow wp-block-column-is-layout-flow\">\n<p class=\"has-text-align-center has-foreground-color has-text-color has-link-color has-normal-font-size wp-elements-4289a92fab3826e5f1442a73942a3128\">Convicciones que se evidencian en nuestro comportamiento diario y reflejan un estilo de vida basado en la espiritualidad,<\/p>\n\n\n\n<p class=\"has-text-align-center has-foreground-color has-text-color has-link-color has-normal-font-size wp-elements-38126753a28d13fafbfde23b73c0f371\"> la honestidad, la excelencia, la responsabilidad&nbsp; y el respeto.<\/p>\n<\/div>\n<\/div>\n\n\n\n<div class=\"wp-block-columns is-layout-flex wp-container-core-columns-is-layout-28f84493 wp-block-columns-is-layout-flex\">\n<div class=\"wp-block-column is-layout-flow wp-block-column-is-layout-flow\">\n<div class=\"wp-block-cover is-light\"><span aria-hidden=\"true\" class=\"wp-block-cover__background has-background-dim-100 has-background-dim\" style=\"background-color:#bba5cd\"><\/span><div class=\"wp-block-cover__inner-container is-layout-constrained wp-block-cover-is-layout-constrained\">\n<p class=\"has-text-align-center has-background-color has-text-color has-link-color has-large-font-size wp-elements-005baefb243cdd07982392a96010db60\"><strong>Espiritualidad<\/strong><\/p>\n\n\n\n<p class=\"has-text-align-center has-background-color has-text-color has-link-color has-small-font-size wp-elements-4d0e45504f61644d5f0f267416e4ccb1\">Es la forma en que nos conectamos con Dios, con nosotros mismos y con todo lo que nos rodea, encontrando el verdadero sentido de nuestra vida.<\/p>\n<\/div><\/div>\n<\/div>\n\n\n\n<div class=\"wp-block-column is-layout-flow wp-block-column-is-layout-flow\">\n<div class=\"wp-block-cover is-light\"><span aria-hidden=\"true\" class=\"wp-block-cover__background has-background-dim-100 has-background-dim\" style=\"background-color:#f9a477\"><\/span><div class=\"wp-block-cover__inner-container is-layout-constrained wp-block-cover-is-layout-constrained\">\n<p class=\"has-text-align-center has-background-color has-text-color has-link-color has-large-font-size wp-elements-b46d19bb58640056959234df9fb4afc4\"><strong>Honestidad<\/strong><\/p>\n\n\n\n<p class=\"has-text-align-center has-background-color has-text-color has-link-color has-small-font-size wp-elements-224d3cbd13a458a5098d762a72d90970\">Es una manera de vivir que sea congruente con lo que pensamos y hacemos en funci\u00f3n del bien mayor. Es ser veraces en todos los aspectos de la vida, con nuestras intenciones, palabras y acciones.<br><\/p>\n<\/div><\/div>\n<\/div>\n\n\n\n<div class=\"wp-block-column is-layout-flow wp-block-column-is-layout-flow\">\n<div class=\"wp-block-cover is-light\"><span aria-hidden=\"true\" class=\"wp-block-cover__background has-background-dim-100 has-background-dim\" style=\"background-color:#70a0d2\"><\/span><div class=\"wp-block-cover__inner-container is-layout-constrained wp-block-cover-is-layout-constrained\">\n<p class=\"has-text-align-center has-background-color has-text-color has-link-color has-large-font-size wp-elements-5a8dad0f59fa961c8481fe1c5ebef472\"><strong>Excelencia<\/strong><\/p>\n\n\n\n<p class=\"has-text-align-center has-background-color has-text-color has-link-color has-small-font-size wp-elements-1a03ab109f893ee5f9a46c7f342a27e4\">Es la cualidad que nos hace encontrar nuestra fuerza interior y transformarla en actitudes y acciones positivas en beneficio de los dem\u00e1s. Se trata de dar lo mejor de nosotros&nbsp; cada d\u00eda, centr\u00e1ndonos en el crecimiento constante.&nbsp;<\/p>\n<\/div><\/div>\n<\/div>\n\n\n\n<div class=\"wp-block-column is-layout-flow wp-block-column-is-layout-flow\">\n<div class=\"wp-block-cover\"><span aria-hidden=\"true\" class=\"wp-block-cover__background has-background-dim-100 has-background-dim\" style=\"background-color:#1e8e65\"><\/span><div class=\"wp-block-cover__inner-container is-layout-constrained wp-block-cover-is-layout-constrained\">\n<p class=\"has-text-align-center has-background-color has-text-color has-link-color has-large-font-size wp-elements-fcfdc93afa44865a5bcee5ac45d297df\"><strong>Respeto<\/strong><\/p>\n\n\n\n<p class=\"has-text-align-center has-background-color has-text-color has-link-color wp-elements-daa9f189f239b39c467b48a1233f60e0\">Es apropiarnos de nuestros pensamientos, palabras y acciones para trascender e inspirar con nuestro ejemplo a una comunidad m\u00e1s grande.&nbsp;<\/p>\n<\/div><\/div>\n<\/div>\n\n\n\n<div class=\"wp-block-column is-layout-flow wp-block-column-is-layout-flow\">\n<div class=\"wp-block-cover is-light\"><span aria-hidden=\"true\" class=\"wp-block-cover__background has-luminous-vivid-amber-background-color has-background-dim-100 has-background-dim\"><\/span><div class=\"wp-block-cover__inner-container is-layout-constrained wp-block-cover-is-layout-constrained\">\n<p class=\"has-text-align-center has-background-color has-text-color has-link-color has-large-font-size wp-elements-f82945cd0375da92b0c02a5e01ee2bcc\"><strong>Responsabilidad<\/strong><\/p>\n\n\n\n<p class=\"has-text-align-center has-background-color has-text-color has-link-color wp-elements-0a2990ebbe663e5acc336ed30983b18c\">Es tratarnos a nosotros mismos, a los dem\u00e1s y a todo lo que nos rodea con honor y dignidad, reconociendo derechos y responsabilidades.<\/p>\n<\/div><\/div>\n<\/div>\n<\/div>\n\n\n\n<div style=\"height:45px\" aria-hidden=\"true\" class=\"wp-block-spacer\"><\/div>\n\n\n\n<div class=\"wp-block-columns is-layout-flex wp-container-core-columns-is-layout-28f84493 wp-block-columns-is-layout-flex\">\n<div class=\"wp-block-column is-layout-flow wp-block-column-is-layout-flow\">\n<div class=\"wp-block-cover is-light\"><img decoding=\"async\" width=\"1024\" height=\"421\" class=\"wp-block-cover__image-background wp-image-3235 size-large\" alt=\"\" src=\"https:\/\/marymountbq.edu.co\/site\/wp-content\/uploads\/2024\/04\/FOTOS-INICIO-DE-PAG-1-1024x421.png\" data-object-fit=\"cover\" srcset=\"https:\/\/marymountbq.edu.co\/site\/wp-content\/uploads\/2024\/04\/FOTOS-INICIO-DE-PAG-1-1024x421.png 1024w, https:\/\/marymountbq.edu.co\/site\/wp-content\/uploads\/2024\/04\/FOTOS-INICIO-DE-PAG-1-300x123.png 300w, https:\/\/marymountbq.edu.co\/site\/wp-content\/uploads\/2024\/04\/FOTOS-INICIO-DE-PAG-1-768x316.png 768w, https:\/\/marymountbq.edu.co\/site\/wp-content\/uploads\/2024\/04\/FOTOS-INICIO-DE-PAG-1-1536x631.png 1536w, https:\/\/marymountbq.edu.co\/site\/wp-content\/uploads\/2024\/04\/FOTOS-INICIO-DE-PAG-1-2048x842.png 2048w\" sizes=\"(max-width: 1024px) 100vw, 1024px\" \/><span aria-hidden=\"true\" class=\"wp-block-cover__background has-background-dim\" style=\"background-color:#898976\"><\/span><div class=\"wp-block-cover__inner-container is-layout-constrained wp-block-cover-is-layout-constrained\">\n<p class=\"has-text-align-center has-background-color has-text-color has-link-color has-x-large-font-size wp-elements-6647340d0e7b1c98928a8252c465c623\"><strong>Competencia Global<\/strong><\/p>\n\n\n\n<p class=\"has-text-align-center has-background-color has-text-color has-link-color has-normal-font-size wp-elements-1e6139038770ffc0bfeed42cbcd33b46\">La capacidad de investigar el mundo, reconociendo las perspectivas propias y ajenas, de involucrarnos efectivamente <\/p>\n\n\n\n<p class=\"has-text-align-center has-background-color has-text-color has-link-color has-normal-font-size wp-elements-da4986f0f627a7809e7e64edd19c1779\">con los dem\u00e1s para tomar medidas que promuevan el desarrollo sostenible en el mundo.<br><\/p>\n<\/div><\/div>\n\n\n\n<div style=\"height:20px\" aria-hidden=\"true\" class=\"wp-block-spacer\"><\/div>\n<\/div>\n<\/div>\n\n\n\n<div class=\"wp-block-columns is-layout-flex wp-container-core-columns-is-layout-28f84493 wp-block-columns-is-layout-flex\">\n<div class=\"wp-block-column is-layout-flow wp-block-column-is-layout-flow\">\n<div class=\"wp-block-cover is-light\"><img decoding=\"async\" width=\"2560\" height=\"1707\" class=\"wp-block-cover__image-background wp-image-2964 size-full\" alt=\"\" src=\"https:\/\/marymountbq.edu.co\/site\/wp-content\/uploads\/2024\/11\/772A1246-scaled.jpg\" data-object-fit=\"cover\" srcset=\"https:\/\/marymountbq.edu.co\/site\/wp-content\/uploads\/2024\/11\/772A1246-scaled.jpg 2560w, https:\/\/marymountbq.edu.co\/site\/wp-content\/uploads\/2024\/11\/772A1246-300x200.jpg 300w, https:\/\/marymountbq.edu.co\/site\/wp-content\/uploads\/2024\/11\/772A1246-1024x683.jpg 1024w, https:\/\/marymountbq.edu.co\/site\/wp-content\/uploads\/2024\/11\/772A1246-768x512.jpg 768w, https:\/\/marymountbq.edu.co\/site\/wp-content\/uploads\/2024\/11\/772A1246-1536x1024.jpg 1536w, https:\/\/marymountbq.edu.co\/site\/wp-content\/uploads\/2024\/11\/772A1246-2048x1365.jpg 2048w\" sizes=\"(max-width: 2560px) 100vw, 2560px\" \/><span aria-hidden=\"true\" class=\"wp-block-cover__background has-background-dim\" style=\"background-color:#b2bfd4\"><\/span><div class=\"wp-block-cover__inner-container is-layout-constrained wp-block-cover-is-layout-constrained\">\n<p class=\"has-text-align-center has-background-color has-text-color has-link-color has-x-large-font-size wp-elements-c1846fd08dc21771fe2ceff75535baf0\"><strong>Liderazgo Emprendedor<\/strong><\/p>\n\n\n\n<p class=\"has-text-align-center has-background-color has-text-color has-link-color wp-elements-d040e21f635c5006a48a65bfbcb59612\">La capacidad de transformar ideas y desaf\u00edos en acciones para crear un proyecto de vida basado en principios y valores cat\u00f3licos, y as\u00ed influir en<\/p>\n\n\n\n<p class=\"has-text-align-center has-background-color has-text-color has-link-color wp-elements-8afec8cd61e706b457808a6d63249cb8\"> los individuos para que contribuyan al bien com\u00fan, para que den lo mejor de s\u00ed mismos y maximicen el potencial de los dem\u00e1s.<\/p>\n<\/div><\/div>\n<\/div>\n<\/div>\n\n\n\n<p><\/p>\n","protected":false},"excerpt":{"rendered":"<p>THE MARYMOUNT WAY Es lo que nos hace \u00fanicos e incomparables. Representa tres atributos que la instituci\u00f3n se esfuerza por desarrollar en sus estudiantes:&nbsp; Convicciones que se evidencian en nuestro comportamiento diario y reflejan un estilo de vida basado en la espiritualidad, la honestidad, la excelencia, la responsabilidad&nbsp; y el respeto.<\/p>\n","protected":false},"author":2,"featured_media":0,"parent":0,"menu_order":0,"comment_status":"closed","ping_status":"closed","template":"","meta":{"footnotes":""},"class_list":["post-2724","page","type-page","status-publish","hentry"],"_links":{"self":[{"href":"https:\/\/marymountbq.edu.co\/site\/wp-json\/wp\/v2\/pages\/2724","targetHints":{"allow":["GET"]}}],"collection":[{"href":"https:\/\/marymountbq.edu.co\/site\/wp-json\/wp\/v2\/pages"}],"about":[{"href":"https:\/\/marymountbq.edu.co\/site\/wp-json\/wp\/v2\/types\/page"}],"author":[{"embeddable":true,"href":"https:\/\/marymountbq.edu.co\/site\/wp-json\/wp\/v2\/users\/2"}],"replies":[{"embeddable":true,"href":"https:\/\/marymountbq.edu.co\/site\/wp-json\/wp\/v2\/comments?post=2724"}],"version-history":[{"count":22,"href":"https:\/\/marymountbq.edu.co\/site\/wp-json\/wp\/v2\/pages\/2724\/revisions"}],"predecessor-version":[{"id":4593,"href":"https:\/\/marymountbq.edu.co\/site\/wp-json\/wp\/v2\/pages\/2724\/revisions\/4593"}],"wp:attachment":[{"href":"https:\/\/marymountbq.edu.co\/site\/wp-json\/wp\/v2\/media?parent=2724"}],"curies":[{"name":"wp","href":"https:\/\/api.w.org\/{rel}","templated":true}]}}