 {"id":1718,"date":"2024-07-25T09:05:50","date_gmt":"2024-07-25T14:05:50","guid":{"rendered":"http:\/\/guid"},"modified":"2025-10-27T11:56:06","modified_gmt":"2025-10-27T16:56:06","slug":"cadena-de-valor-marymount-barranquilla","status":"publish","type":"page","link":"https:\/\/marymountbq.edu.co\/site\/cadena-de-valor-marymount-barranquilla\/","title":{"rendered":"Cadena de valor Marymount Barranquilla"},"content":{"rendered":"\n<div class=\"wp-block-cover alignwide\" style=\"min-height:524px;aspect-ratio:unset;\"><img fetchpriority=\"high\" decoding=\"async\" width=\"1024\" height=\"683\" class=\"wp-block-cover__image-background wp-image-2848 size-large\" alt=\"\" src=\"https:\/\/marymountbq.edu.co\/site\/wp-content\/uploads\/2024\/11\/772A1127-1-1024x683.jpg\" data-object-fit=\"cover\" srcset=\"https:\/\/marymountbq.edu.co\/site\/wp-content\/uploads\/2024\/11\/772A1127-1-1024x683.jpg 1024w, https:\/\/marymountbq.edu.co\/site\/wp-content\/uploads\/2024\/11\/772A1127-1-300x200.jpg 300w, https:\/\/marymountbq.edu.co\/site\/wp-content\/uploads\/2024\/11\/772A1127-1-768x512.jpg 768w, https:\/\/marymountbq.edu.co\/site\/wp-content\/uploads\/2024\/11\/772A1127-1-1536x1024.jpg 1536w, https:\/\/marymountbq.edu.co\/site\/wp-content\/uploads\/2024\/11\/772A1127-1-2048x1365.jpg 2048w\" sizes=\"(max-width: 1024px) 100vw, 1024px\" \/><span aria-hidden=\"true\" class=\"wp-block-cover__background has-black-background-color has-background-dim-60 has-background-dim\"><\/span><div class=\"wp-block-cover__inner-container is-layout-constrained wp-block-cover-is-layout-constrained\">\n<p class=\"has-text-align-left has-neutral-color-color has-text-color has-link-color wp-elements-165b304dd5741fbc820f7cc7b9739801\" style=\"font-size:clamp(24.034px, 1.502rem + ((1vw - 3.2px) * 0.998), 40px);\"><strong>Cadena de valor Marymount Barranquilla<\/strong><\/p>\n<\/div><\/div>\n\n\n\n<p class=\"has-border-color has-background-border-color has-foreground-color has-text-color has-link-color has-poppins-font-family has-medium-font-size wp-elements-1a691326a53bd659da5d9aeb91452ab5\" style=\"border-width:9px;margin-top:var(--wp--preset--spacing--60);margin-right:0;margin-bottom:var(--wp--preset--spacing--60);margin-left:0\">El Colegio Marymount tiene como meta estrat\u00e9gica ser una instituci\u00f3n eficiente con procesos pertinentes y personal altamente cualificado. Con el fin de coadyuvar a los colaboradores Marymount en la gesti\u00f3n eficiente de los procesos y aportar el mayor valor posible a las familias y al proyecto formativo de nuestros estudiantes, la Corporaci\u00f3n defini\u00f3 una <strong>CADENA DE VALOR,<\/strong> como herramienta estrat\u00e9gica de gesti\u00f3n y an\u00e1lisis el cual incluye procesos corporativos de direccionamiento, misionales y de apoyo.&nbsp;<\/p>\n\n\n\n<div style=\"height:6px\" aria-hidden=\"true\" class=\"wp-block-spacer\"><\/div>\n\n\n\n<p class=\"has-text-align-center has-foreground-color has-text-color has-link-color has-big-font-size wp-elements-9ed313e2d9ee1ed384b3eba878d087ed\"><strong>Procesos de Direccionamiento<\/strong><\/p>\n\n\n\n<div style=\"height:14px\" aria-hidden=\"true\" class=\"wp-block-spacer\"><\/div>\n\n\n\n<div class=\"wp-block-columns is-layout-flex wp-container-core-columns-is-layout-28f84493 wp-block-columns-is-layout-flex\">\n<div class=\"wp-block-column is-layout-flow wp-block-column-is-layout-flow\">\n<figure class=\"wp-block-image size-full is-style-smartversity-image-hover-pulse\"><img decoding=\"async\" width=\"730\" height=\"455\" src=\"https:\/\/marymountbq.edu.co\/site\/wp-content\/uploads\/2024\/07\/1-221.png\" alt=\"\" class=\"wp-image-1719\" srcset=\"https:\/\/marymountbq.edu.co\/site\/wp-content\/uploads\/2024\/07\/1-221.png 730w, https:\/\/marymountbq.edu.co\/site\/wp-content\/uploads\/2024\/07\/1-221-300x187.png 300w\" sizes=\"(max-width: 730px) 100vw, 730px\" \/><\/figure>\n<\/div>\n\n\n\n<div class=\"wp-block-column is-layout-flow wp-block-column-is-layout-flow\">\n<figure class=\"wp-block-image size-full is-style-smartversity-image-hover-pulse\"><img decoding=\"async\" width=\"730\" height=\"455\" src=\"https:\/\/marymountbq.edu.co\/site\/wp-content\/uploads\/2024\/07\/1-23.png\" alt=\"\" class=\"wp-image-1720\" srcset=\"https:\/\/marymountbq.edu.co\/site\/wp-content\/uploads\/2024\/07\/1-23.png 730w, https:\/\/marymountbq.edu.co\/site\/wp-content\/uploads\/2024\/07\/1-23-300x187.png 300w\" sizes=\"(max-width: 730px) 100vw, 730px\" \/><\/figure>\n<\/div>\n\n\n\n<div class=\"wp-block-column is-layout-flow wp-block-column-is-layout-flow\">\n<figure class=\"wp-block-image size-full is-style-smartversity-image-hover-pulse\"><img loading=\"lazy\" decoding=\"async\" width=\"731\" height=\"455\" src=\"https:\/\/marymountbq.edu.co\/site\/wp-content\/uploads\/2024\/07\/1-24.png\" alt=\"\" class=\"wp-image-1721\" srcset=\"https:\/\/marymountbq.edu.co\/site\/wp-content\/uploads\/2024\/07\/1-24.png 731w, https:\/\/marymountbq.edu.co\/site\/wp-content\/uploads\/2024\/07\/1-24-300x187.png 300w\" sizes=\"(max-width: 731px) 100vw, 731px\" \/><\/figure>\n<\/div>\n\n\n\n<div class=\"wp-block-column is-layout-flow wp-block-column-is-layout-flow\">\n<figure class=\"wp-block-image size-full is-style-smartversity-image-hover-pulse\"><a href=\"https:\/\/marymountbq.edu.co\/site\/mejora-continua\/\" target=\"_blank\" rel=\"noreferrer noopener\"><img loading=\"lazy\" decoding=\"async\" width=\"730\" height=\"455\" src=\"https:\/\/marymountbq.edu.co\/site\/wp-content\/uploads\/2024\/07\/artboard-1-copy-2-copia-8.jpg\" alt=\"\" class=\"wp-image-1722\" srcset=\"https:\/\/marymountbq.edu.co\/site\/wp-content\/uploads\/2024\/07\/artboard-1-copy-2-copia-8.jpg 730w, https:\/\/marymountbq.edu.co\/site\/wp-content\/uploads\/2024\/07\/artboard-1-copy-2-copia-8-300x187.jpg 300w\" sizes=\"(max-width: 730px) 100vw, 730px\" \/><\/a><\/figure>\n<\/div>\n<\/div>\n\n\n\n<div style=\"height:50px\" aria-hidden=\"true\" class=\"wp-block-spacer\"><\/div>\n\n\n\n<p class=\"has-text-align-center has-foreground-color has-text-color has-link-color has-big-font-size wp-elements-a498a1debc404cee70ff7808643bc05e\"><strong>Procesos Misionales<\/strong><\/p>\n\n\n\n<div style=\"height:32px\" aria-hidden=\"true\" class=\"wp-block-spacer\"><\/div>\n\n\n\n<div class=\"wp-block-columns is-layout-flex wp-container-core-columns-is-layout-28f84493 wp-block-columns-is-layout-flex\">\n<div class=\"wp-block-column is-layout-flow wp-block-column-is-layout-flow\">\n<figure class=\"wp-block-image size-full is-style-smartversity-image-hover-pulse\"><a href=\"https:\/\/marymountbq.edu.co\/site\/etapas-proceso-admisiones\/\" target=\"_blank\" rel=\"noreferrer noopener\"><img loading=\"lazy\" decoding=\"async\" width=\"730\" height=\"455\" src=\"https:\/\/marymountbq.edu.co\/site\/wp-content\/uploads\/2024\/07\/1-26.png\" alt=\"\" class=\"wp-image-1724\" srcset=\"https:\/\/marymountbq.edu.co\/site\/wp-content\/uploads\/2024\/07\/1-26.png 730w, https:\/\/marymountbq.edu.co\/site\/wp-content\/uploads\/2024\/07\/1-26-300x187.png 300w\" sizes=\"(max-width: 730px) 100vw, 730px\" \/><\/a><\/figure>\n\n\n\n<figure class=\"wp-block-image size-full\"><img loading=\"lazy\" decoding=\"async\" width=\"730\" height=\"455\" src=\"https:\/\/marymountbq.edu.co\/site\/wp-content\/uploads\/2024\/07\/1-30.png\" alt=\"\" class=\"wp-image-1728\" srcset=\"https:\/\/marymountbq.edu.co\/site\/wp-content\/uploads\/2024\/07\/1-30.png 730w, https:\/\/marymountbq.edu.co\/site\/wp-content\/uploads\/2024\/07\/1-30-300x187.png 300w\" sizes=\"(max-width: 730px) 100vw, 730px\" \/><\/figure>\n<\/div>\n\n\n\n<div class=\"wp-block-column is-layout-flow wp-block-column-is-layout-flow\">\n<figure class=\"wp-block-image size-full is-style-smartversity-image-hover-pulse\"><a href=\"https:\/\/marymountbq.edu.co\/site\/etapas-proceso-de-matricula\/\" target=\"_blank\" rel=\"noreferrer noopener\"><img loading=\"lazy\" decoding=\"async\" width=\"730\" height=\"455\" src=\"https:\/\/marymountbq.edu.co\/site\/wp-content\/uploads\/2024\/07\/1-27.png\" alt=\"\" class=\"wp-image-1725\" srcset=\"https:\/\/marymountbq.edu.co\/site\/wp-content\/uploads\/2024\/07\/1-27.png 730w, https:\/\/marymountbq.edu.co\/site\/wp-content\/uploads\/2024\/07\/1-27-300x187.png 300w\" sizes=\"(max-width: 730px) 100vw, 730px\" \/><\/a><\/figure>\n\n\n\n<figure class=\"wp-block-image size-full\"><a href=\"https:\/\/marymountbq.edu.co\/site\/bienestar-estudiantil\/\" target=\"_blank\" rel=\"noreferrer noopener\"><img loading=\"lazy\" decoding=\"async\" width=\"730\" height=\"455\" src=\"https:\/\/marymountbq.edu.co\/site\/wp-content\/uploads\/2024\/07\/bienestar-estudiantil.png\" alt=\"\" class=\"wp-image-1729\" srcset=\"https:\/\/marymountbq.edu.co\/site\/wp-content\/uploads\/2024\/07\/bienestar-estudiantil.png 730w, https:\/\/marymountbq.edu.co\/site\/wp-content\/uploads\/2024\/07\/bienestar-estudiantil-300x187.png 300w\" sizes=\"(max-width: 730px) 100vw, 730px\" \/><\/a><\/figure>\n<\/div>\n\n\n\n<div class=\"wp-block-column is-layout-flow wp-block-column-is-layout-flow\">\n<figure class=\"wp-block-image size-full\"><a href=\"https:\/\/marymountbq.edu.co\/site\/etapas-proceso-de-diseno-curricular\/\" target=\"_blank\" rel=\"noreferrer noopener\"><img loading=\"lazy\" decoding=\"async\" width=\"731\" height=\"455\" src=\"https:\/\/marymountbq.edu.co\/site\/wp-content\/uploads\/2024\/07\/1-29.png\" alt=\"\" class=\"wp-image-1726\" srcset=\"https:\/\/marymountbq.edu.co\/site\/wp-content\/uploads\/2024\/07\/1-29.png 731w, https:\/\/marymountbq.edu.co\/site\/wp-content\/uploads\/2024\/07\/1-29-300x187.png 300w\" sizes=\"(max-width: 731px) 100vw, 731px\" \/><\/a><\/figure>\n<\/div>\n\n\n\n<div class=\"wp-block-column is-layout-flow wp-block-column-is-layout-flow\">\n<figure class=\"wp-block-image size-full\"><a href=\"https:\/\/marymountbq.edu.co\/site\/etapas-proceso-desarrollo-curricular\/\" target=\"_blank\" rel=\"noreferrer noopener\"><img loading=\"lazy\" decoding=\"async\" width=\"730\" height=\"455\" src=\"https:\/\/marymountbq.edu.co\/site\/wp-content\/uploads\/2024\/07\/implementacion-curricular.png\" alt=\"\" class=\"wp-image-1727\" srcset=\"https:\/\/marymountbq.edu.co\/site\/wp-content\/uploads\/2024\/07\/implementacion-curricular.png 730w, https:\/\/marymountbq.edu.co\/site\/wp-content\/uploads\/2024\/07\/implementacion-curricular-300x187.png 300w\" sizes=\"(max-width: 730px) 100vw, 730px\" \/><\/a><\/figure>\n<\/div>\n<\/div>\n\n\n\n<div style=\"height:32px\" aria-hidden=\"true\" class=\"wp-block-spacer\"><\/div>\n\n\n\n<p class=\"has-text-align-center has-foreground-color has-text-color has-link-color has-big-font-size wp-elements-5c3779533959255110a760da85efd723\"><strong>Procesos de Apoyo<\/strong><\/p>\n\n\n\n<div style=\"height:32px\" aria-hidden=\"true\" class=\"wp-block-spacer\"><\/div>\n\n\n\n<div class=\"wp-block-columns is-layout-flex wp-container-core-columns-is-layout-28f84493 wp-block-columns-is-layout-flex\">\n<div class=\"wp-block-column is-layout-flow wp-block-column-is-layout-flow\">\n<figure class=\"wp-block-image size-full is-style-smartversity-image-hover-pulse\"><a href=\"https:\/\/marymountbq.edu.co\/site\/etapas-de-proceso-de-gestion-financiera\/\" target=\"_blank\" rel=\"noreferrer noopener\"><img loading=\"lazy\" decoding=\"async\" width=\"2917\" height=\"777\" src=\"https:\/\/marymountbq.edu.co\/site\/wp-content\/uploads\/2024\/07\/g-f-21.png\" alt=\"\" class=\"wp-image-1731\" srcset=\"https:\/\/marymountbq.edu.co\/site\/wp-content\/uploads\/2024\/07\/g-f-21.png 2917w, https:\/\/marymountbq.edu.co\/site\/wp-content\/uploads\/2024\/07\/g-f-21-300x80.png 300w, https:\/\/marymountbq.edu.co\/site\/wp-content\/uploads\/2024\/07\/g-f-21-1024x273.png 1024w, https:\/\/marymountbq.edu.co\/site\/wp-content\/uploads\/2024\/07\/g-f-21-768x205.png 768w, https:\/\/marymountbq.edu.co\/site\/wp-content\/uploads\/2024\/07\/g-f-21-1536x409.png 1536w, https:\/\/marymountbq.edu.co\/site\/wp-content\/uploads\/2024\/07\/g-f-21-2048x546.png 2048w\" sizes=\"(max-width: 2917px) 100vw, 2917px\" \/><\/a><\/figure>\n<\/div>\n<\/div>\n\n\n\n<div style=\"height:32px\" aria-hidden=\"true\" class=\"wp-block-spacer\"><\/div>\n\n\n\n<div class=\"wp-block-columns is-layout-flex wp-container-core-columns-is-layout-28f84493 wp-block-columns-is-layout-flex\">\n<div class=\"wp-block-column is-layout-flow wp-block-column-is-layout-flow\">\n<figure class=\"wp-block-image size-full is-style-smartversity-image-hover-pulse\"><a href=\"https:\/\/marymountbq.edu.co\/site\/etapas-de-proceso-gestion-de-compras\/\" target=\"_blank\" rel=\"noreferrer noopener\"><img loading=\"lazy\" decoding=\"async\" width=\"730\" height=\"455\" src=\"https:\/\/marymountbq.edu.co\/site\/wp-content\/uploads\/2024\/07\/11-12.png\" alt=\"\" class=\"wp-image-1732\" srcset=\"https:\/\/marymountbq.edu.co\/site\/wp-content\/uploads\/2024\/07\/11-12.png 730w, https:\/\/marymountbq.edu.co\/site\/wp-content\/uploads\/2024\/07\/11-12-300x187.png 300w\" sizes=\"(max-width: 730px) 100vw, 730px\" \/><\/a><\/figure>\n\n\n\n<figure class=\"wp-block-image size-full\"><img loading=\"lazy\" decoding=\"async\" width=\"730\" height=\"455\" src=\"https:\/\/marymountbq.edu.co\/site\/wp-content\/uploads\/2024\/07\/1-17.png\" alt=\"\" class=\"wp-image-1736\" srcset=\"https:\/\/marymountbq.edu.co\/site\/wp-content\/uploads\/2024\/07\/1-17.png 730w, https:\/\/marymountbq.edu.co\/site\/wp-content\/uploads\/2024\/07\/1-17-300x187.png 300w\" sizes=\"(max-width: 730px) 100vw, 730px\" \/><\/figure>\n<\/div>\n\n\n\n<div class=\"wp-block-column is-layout-flow wp-block-column-is-layout-flow\">\n<figure class=\"wp-block-image size-full\"><a href=\"https:\/\/marymountbq.edu.co\/site\/etapas-de-gestion-talento-humano\/\" target=\"_blank\" rel=\"noreferrer noopener\"><img loading=\"lazy\" decoding=\"async\" width=\"730\" height=\"455\" src=\"https:\/\/marymountbq.edu.co\/site\/wp-content\/uploads\/2024\/07\/11-13.png\" alt=\"\" class=\"wp-image-1733\" srcset=\"https:\/\/marymountbq.edu.co\/site\/wp-content\/uploads\/2024\/07\/11-13.png 730w, https:\/\/marymountbq.edu.co\/site\/wp-content\/uploads\/2024\/07\/11-13-300x187.png 300w\" sizes=\"(max-width: 730px) 100vw, 730px\" \/><\/a><\/figure>\n\n\n\n<figure class=\"wp-block-image size-full\"><img loading=\"lazy\" decoding=\"async\" width=\"730\" height=\"455\" src=\"https:\/\/marymountbq.edu.co\/site\/wp-content\/uploads\/2024\/07\/1-18.png\" alt=\"\" class=\"wp-image-1737\" srcset=\"https:\/\/marymountbq.edu.co\/site\/wp-content\/uploads\/2024\/07\/1-18.png 730w, https:\/\/marymountbq.edu.co\/site\/wp-content\/uploads\/2024\/07\/1-18-300x187.png 300w\" sizes=\"(max-width: 730px) 100vw, 730px\" \/><\/figure>\n<\/div>\n\n\n\n<div class=\"wp-block-column is-layout-flow wp-block-column-is-layout-flow\">\n<figure class=\"wp-block-image size-full\"><a href=\"https:\/\/marymountbq.edu.co\/site\/etapas-proceso-de-comunicaciones\/\" target=\"_blank\" rel=\"noreferrer noopener\"><img loading=\"lazy\" decoding=\"async\" width=\"731\" height=\"455\" src=\"https:\/\/marymountbq.edu.co\/site\/wp-content\/uploads\/2024\/07\/comm.jpg\" alt=\"\" class=\"wp-image-1734\" srcset=\"https:\/\/marymountbq.edu.co\/site\/wp-content\/uploads\/2024\/07\/comm.jpg 731w, https:\/\/marymountbq.edu.co\/site\/wp-content\/uploads\/2024\/07\/comm-300x187.jpg 300w\" sizes=\"(max-width: 731px) 100vw, 731px\" \/><\/a><\/figure>\n\n\n\n<figure class=\"wp-block-image size-full\"><img loading=\"lazy\" decoding=\"async\" width=\"731\" height=\"455\" src=\"https:\/\/marymountbq.edu.co\/site\/wp-content\/uploads\/2024\/07\/1-19.png\" alt=\"\" class=\"wp-image-1738\" srcset=\"https:\/\/marymountbq.edu.co\/site\/wp-content\/uploads\/2024\/07\/1-19.png 731w, https:\/\/marymountbq.edu.co\/site\/wp-content\/uploads\/2024\/07\/1-19-300x187.png 300w\" sizes=\"(max-width: 731px) 100vw, 731px\" \/><\/figure>\n<\/div>\n\n\n\n<div class=\"wp-block-column is-layout-flow wp-block-column-is-layout-flow\">\n<figure class=\"wp-block-image size-full\"><img loading=\"lazy\" decoding=\"async\" width=\"730\" height=\"455\" src=\"https:\/\/marymountbq.edu.co\/site\/wp-content\/uploads\/2024\/07\/1-16.png\" alt=\"\" class=\"wp-image-1735\" srcset=\"https:\/\/marymountbq.edu.co\/site\/wp-content\/uploads\/2024\/07\/1-16.png 730w, https:\/\/marymountbq.edu.co\/site\/wp-content\/uploads\/2024\/07\/1-16-300x187.png 300w\" sizes=\"(max-width: 730px) 100vw, 730px\" \/><\/figure>\n\n\n\n<figure class=\"wp-block-image size-full\"><img loading=\"lazy\" decoding=\"async\" width=\"730\" height=\"455\" src=\"https:\/\/marymountbq.edu.co\/site\/wp-content\/uploads\/2024\/07\/1-20.png\" alt=\"\" class=\"wp-image-1739\" srcset=\"https:\/\/marymountbq.edu.co\/site\/wp-content\/uploads\/2024\/07\/1-20.png 730w, https:\/\/marymountbq.edu.co\/site\/wp-content\/uploads\/2024\/07\/1-20-300x187.png 300w\" sizes=\"(max-width: 730px) 100vw, 730px\" \/><\/figure>\n<\/div>\n\n\n\n<div class=\"wp-block-column is-layout-flow wp-block-column-is-layout-flow\"><\/div>\n<\/div>\n\n\n\n<p><\/p>\n","protected":false},"excerpt":{"rendered":"<p>El Colegio Marymount tiene como meta estrat\u00e9gica ser una instituci\u00f3n eficiente con procesos pertinentes y personal altamente cualificado. Con el fin de coadyuvar a los colaboradores Marymount en la gesti\u00f3n eficiente de los procesos y aportar el mayor valor posible a las familias y al proyecto formativo de nuestros estudiantes, la Corporaci\u00f3n defini\u00f3 una CADENA&#8230;<\/p>\n","protected":false},"author":2,"featured_media":0,"parent":0,"menu_order":0,"comment_status":"closed","ping_status":"closed","template":"","meta":{"footnotes":""},"class_list":["post-1718","page","type-page","status-publish","hentry"],"_links":{"self":[{"href":"https:\/\/marymountbq.edu.co\/site\/wp-json\/wp\/v2\/pages\/1718","targetHints":{"allow":["GET"]}}],"collection":[{"href":"https:\/\/marymountbq.edu.co\/site\/wp-json\/wp\/v2\/pages"}],"about":[{"href":"https:\/\/marymountbq.edu.co\/site\/wp-json\/wp\/v2\/types\/page"}],"author":[{"embeddable":true,"href":"https:\/\/marymountbq.edu.co\/site\/wp-json\/wp\/v2\/users\/2"}],"replies":[{"embeddable":true,"href":"https:\/\/marymountbq.edu.co\/site\/wp-json\/wp\/v2\/comments?post=1718"}],"version-history":[{"count":19,"href":"https:\/\/marymountbq.edu.co\/site\/wp-json\/wp\/v2\/pages\/1718\/revisions"}],"predecessor-version":[{"id":5385,"href":"https:\/\/marymountbq.edu.co\/site\/wp-json\/wp\/v2\/pages\/1718\/revisions\/5385"}],"wp:attachment":[{"href":"https:\/\/marymountbq.edu.co\/site\/wp-json\/wp\/v2\/media?parent=1718"}],"curies":[{"name":"wp","href":"https:\/\/api.w.org\/{rel}","templated":true}]}}