 {"id":1510,"date":"2024-07-22T19:56:31","date_gmt":"2024-07-23T00:56:31","guid":{"rendered":"http:\/\/guid"},"modified":"2025-11-06T00:01:58","modified_gmt":"2025-11-06T05:01:58","slug":"politicas-de-macc","status":"publish","type":"page","link":"https:\/\/marymountbq.edu.co\/site\/politicas-de-macc\/","title":{"rendered":"Pol\u00edticas de MACC"},"content":{"rendered":"\n<h2 class=\"wp-block-heading\" style=\"margin-top:var(--wp--preset--spacing--40);margin-bottom:var(--wp--preset--spacing--40);padding-right:var(--wp--preset--spacing--60);padding-left:var(--wp--preset--spacing--60)\">Pol\u00edticas de MACC<\/h2>\n\n\n\n<p class=\"has-foreground-color has-text-color has-link-color has-medium-font-size wp-elements-0f215a2c076f2efbefbc8aa425df56b7\" style=\"margin-right:0;margin-left:0;padding-right:var(--wp--preset--spacing--60);padding-left:var(--wp--preset--spacing--60)\">El prop\u00f3sito principal del Club MACC, es ofrecer a la comunidad de estudiantes de la instituci\u00f3n educativa, de preescolar a 12avo grado, actividades deportivas, art\u00edsticas, de competencia global y liderazgo emprendedor.<\/p>\n\n\n\n<p class=\"has-foreground-color has-text-color has-link-color has-medium-font-size wp-elements-61348e1493d0051c74f194e817ddc6fb\" style=\"padding-right:var(--wp--preset--spacing--50);padding-left:var(--wp--preset--spacing--50)\"><br><strong>Consideraciones generales de MACC<\/strong><\/p>\n\n\n\n<ol style=\"padding-right:var(--wp--preset--spacing--60);padding-left:var(--wp--preset--spacing--60)\" class=\"wp-block-list has-foreground-color has-text-color has-link-color has-medium-font-size wp-elements-dac515c9531dd4c9c6982c035488e3fe\">\n<li class=\"has-medium-font-size\" style=\"margin-top:var(--wp--preset--spacing--30);margin-bottom:var(--wp--preset--spacing--30)\">Los estudiantes que deseen hacer parte del Club MACC deben inscribirse a trav\u00e9s de la p\u00e1gina web una vez le\u00eddo y aceptado, por parte de sus padres o acudiente, el convenio de inscripci\u00f3n y pol\u00edticas.<br><\/li>\n\n\n\n<li style=\"margin-top:var(--wp--preset--spacing--30);margin-bottom:var(--wp--preset--spacing--30)\">Anualmente, el Club MACC establece los requisitos para realizar actividades extracurriculares, de acuerdo con las actividades acad\u00e9micas de la Corporaci\u00f3n Marymount.<br><\/li>\n\n\n\n<li style=\"margin-top:var(--wp--preset--spacing--30);margin-bottom:var(--wp--preset--spacing--30)\">El costo de inscripciones de la instituci\u00f3n y del acompa\u00f1ante para participar en modelos locales y nacionales, lo asumir\u00e1 la Corporaci\u00f3n Marymount, a trav\u00e9s de MACC. Este valor incluye la participaci\u00f3n en BAMUN m\u00e1s dos (2) modelos externos a elecci\u00f3n del estudiante.<br><\/li>\n\n\n\n<li style=\"margin-top:var(--wp--preset--spacing--30);margin-bottom:var(--wp--preset--spacing--30)\">El estudiante que quiera participar en un modelo adicional, deber\u00e1 presentar su petici\u00f3n para ser aprobada por la Coordinaci\u00f3n de MUN, adem\u00e1s de asumir el 100% de los costos y la inscripci\u00f3n.<br><\/li>\n\n\n\n<li style=\"margin-top:var(--wp--preset--spacing--30);margin-bottom:var(--wp--preset--spacing--30)\">Los estudiantes podr\u00e1n vincularse a una actividad MACC siempre y cuando se cuente con la disponibilidad de cupo.<br><\/li>\n\n\n\n<li style=\"margin-top:var(--wp--preset--spacing--30);margin-bottom:var(--wp--preset--spacing--30)\">Los estudiantes deben actuar con respeto, y siguiendo los lineamientos de disciplina de la Corporaci\u00f3n Marymount, dentro y fuera de la instituci\u00f3n.<br><\/li>\n\n\n\n<li style=\"margin-top:var(--wp--preset--spacing--30);margin-bottom:var(--wp--preset--spacing--30)\">El estudiante debe estar inscrito en MACC para poder participar en cualquiera de las actividades del Club.<br><\/li>\n\n\n\n<li style=\"margin-top:var(--wp--preset--spacing--30);margin-bottom:var(--wp--preset--spacing--30)\">El proceso de vinculaci\u00f3n al Club MACC es por el a\u00f1o escolar, sin embargo, se podr\u00e1n retirar a trav\u00e9s de la p\u00e1gina web en el mes de diciembre, \u00fanicamente.<br><\/li>\n\n\n\n<li style=\"margin-top:var(--wp--preset--spacing--30);margin-bottom:var(--wp--preset--spacing--30)\">Al afiliarse al Club MACC el padre de familia da su consentimiento para que el estudiante participe en actividades, juegos amistosos y torneos locales y se transporte en los buses de la instituci\u00f3n o por medio de cualquier empresa que la instituci\u00f3n asigne para asistir a su actividad, entrenamiento o partido fuera de la sede principal.<br><\/li>\n\n\n\n<li style=\"margin-top:var(--wp--preset--spacing--30);margin-bottom:var(--wp--preset--spacing--30)\">La invitaci\u00f3n a cualquier actividad, juego amistoso y\/o torneo que implique salida durante la jornada acad\u00e9mica debe ser autorizada por el padre de familia o acudiente responsable y por la Direcci\u00f3n de Secci\u00f3n.<br><\/li>\n\n\n\n<li style=\"margin-top:var(--wp--preset--spacing--30);margin-bottom:var(--wp--preset--spacing--30)\">El estudiante inscrito en MACC podr\u00e1 participar en las actividades, los partidos y\/o torneos locales y actuar en representaci\u00f3n de la instituci\u00f3n.<br><\/li>\n\n\n\n<li style=\"margin-top:var(--wp--preset--spacing--30);margin-bottom:var(--wp--preset--spacing--30)\">Los estudiantes seleccionados para representar a la instituci\u00f3n en eventos fuera de la ciudad, relacionados con los Clubes de Deporte, Modelo de Naciones Unidas y Congresos, o cuando estos eventos interfieran con clases, debe cumplir con los siguientes requisitos: \u00b7 No tener m\u00e1s de dos asignaturas en insuficiente.<br><br>\u00b7 Tener una Disciplina y Responsabilidad de 75.<br>\u00b7 No estar involucrado en un proceso disciplinario con faltas serias o graves.<br>\u00b7 Encontrarse a Paz y Salvo con Pensiones y Otros Cobros.<br>\u00b7 El estudiante escogido tendr\u00e1 la oportunidad de recuperar las evaluaciones realizadas durante su ausencia.<br>\u00b7 La participaci\u00f3n de los estudiantes ser\u00e1 autorizada por la Direcci\u00f3n de Secci\u00f3n al que pertenece.<br><\/li>\n\n\n\n<li style=\"margin-top:var(--wp--preset--spacing--30);margin-bottom:var(--wp--preset--spacing--30)\">Los padres de familia asumir\u00e1n los costos de su hijo de cualquier viaje nacional e internacional (alojamiento, tiquetes, alimentaci\u00f3n, transporte, etc.).<br><\/li>\n\n\n\n<li style=\"margin-top:var(--wp--preset--spacing--30);margin-bottom:var(--wp--preset--spacing--30)\">Los gastos de los acompa\u00f1antes y entrenadores para los viajes nacionales e internacionales, ser\u00e1n cubiertos por los padres de familia de los estudiantes (alojamiento, tiquetes, alimentaci\u00f3n, transporte, etc.).<br><\/li>\n\n\n\n<li style=\"margin-top:var(--wp--preset--spacing--30);margin-bottom:var(--wp--preset--spacing--30)\">Los estudiantes que participen en una actividad, torneo a nivel nacional y\/o internacional deber\u00e1n firmar un Acta de Compromiso de Comportamiento.<br><\/li>\n\n\n\n<li style=\"margin-top:var(--wp--preset--spacing--30);margin-bottom:var(--wp--preset--spacing--30)\">Durante la \u00e9poca de ex\u00e1menes finales no se realizan juegos deportivos y el club suspende actividades. Estos d\u00edas se reponen posteriormente en fechas anunciadas con anticipaci\u00f3n.<br><\/li>\n<\/ol>\n\n\n\n<p class=\"has-foreground-color has-text-color has-link-color has-medium-font-size wp-elements-f96c64ad4578ad0a3a5737c6419c8088\" style=\"margin-top:var(--wp--preset--spacing--50);margin-bottom:var(--wp--preset--spacing--50);padding-right:var(--wp--preset--spacing--50);padding-left:var(--wp--preset--spacing--50)\"><strong>Club deportivo &#8211; MACC<\/strong><br><\/p>\n\n\n\n<ol style=\"padding-right:var(--wp--preset--spacing--60);padding-left:var(--wp--preset--spacing--60)\" class=\"wp-block-list has-foreground-color has-text-color has-link-color has-medium-font-size wp-elements-15c465271a0f778842c55104af3eac0d\">\n<li>El Club Deportivo por hacer parte de MACC se rige, adicionalmente, por todas sus directrices generales, pudiendo participar en torneos nacionales e internacionales.<br><\/li>\n\n\n\n<li>Todo deportista debe adquirir, al momento de su inscripci\u00f3n, su uniforme de competencia asignado por la Corporaci\u00f3n Marymount, para poder actuar en representaci\u00f3n de la instituci\u00f3n.<br><\/li>\n\n\n\n<li>El deportista debe estar inscrito en el club, por lo menos quince (15) d\u00edas antes de la fecha del torneo para poder participar y representar a la instituci\u00f3n.<br><\/li>\n\n\n\n<li>El deportista debe contar con una asistencia m\u00ednima del 80% a la fecha del torneo y\/o fecha del partido de competencia, para poder participar.<br><\/li>\n\n\n\n<li>La afiliaci\u00f3n al Club MACC incluye la participaci\u00f3n en la Copa Marymount y a algunos torneos intercolegiales\/interclubes locales, no incluye costos de uniformes. Karate, no se incluyen los costos de graduaci\u00f3n &#8211; examen y cintur\u00f3n.<br><\/li>\n\n\n\n<li>A los miembros de club deportivo se les hace reconocimiento a los deportistas m\u00e1s destacados en su ceremonia de grado 6\u200bth\u200b y en ceremonia de graduaci\u00f3n de grado 12\u200bth\u200b.<br><\/li>\n<\/ol>\n\n\n\n<p class=\"has-foreground-color has-text-color has-link-color has-medium-font-size wp-elements-f968a2aa3af2405ed17107823f38986e\" style=\"margin-top:var(--wp--preset--spacing--50);margin-bottom:var(--wp--preset--spacing--50);padding-right:var(--wp--preset--spacing--60);padding-left:var(--wp--preset--spacing--60)\"><strong>Club MUN (Modelo de las Naciones Unidas) &#8211; MACC<\/strong><br><\/p>\n\n\n\n<ol style=\"padding-right:var(--wp--preset--spacing--60)\" class=\"wp-block-list has-foreground-color has-text-color has-link-color wp-elements-c3bf0b2ec13487c422c2a618450b6833\">\n<li>El Modelo de las Naciones Unidas por hacer parte de MACC se rige, adicionalmente, por todas sus directrices generales.<br><\/li>\n\n\n\n<li>Al ser miembros del club MUN (Modelos de las Naciones Unidas), los estudiantes entre 5to y 12avo grados tendr\u00e1n la oportunidad de planear, organizar y participar en el modelo de naciones unidas de la Corporaci\u00f3n Marymount, BAMUN, adem\u00e1s, en otros modelos locales, nacionales e internacionales, siempre y cuando el estudiante cumpla con los requisitos estipulados para representaciones de la instituci\u00f3n.<br><\/li>\n\n\n\n<li>El costo de inscripciones de la instituci\u00f3n y del acompa\u00f1ante para participar en modelos locales y nacionales, lo asumir\u00e1 la Corporaci\u00f3n Marymount, a trav\u00e9s de MACC. \u00b7 En el primer semestre, MACC asumir\u00e1 el costo de la inscripci\u00f3n del estudiante para participar en BAMUN y en otro modelo local o nacional\u200b.<br>\u00b7 En el segundo semestre, MACC asumir\u00e1 el costo de dos (2) inscripciones por estudiante para modelos locales y nacionales.<br><\/li>\n\n\n\n<li>El estudiante que quiera participar en un tercer modelo, en el semestre en curso, deber\u00e1 ser presentada su petici\u00f3n para ser aprobada por la Coordinadora de MUN, adem\u00e1s de asumir el 100% de los costos y la inscripci\u00f3n.<br><\/li>\n\n\n\n<li>A los miembros de Club MUN se les entrega certificaci\u00f3n por participaci\u00f3n en BAMUN, cada vez que participe, y en grado 12 se hace reconocimiento por sus a\u00f1os de permanencia y pertenencia en el Club.<br><\/li>\n<\/ol>\n\n\n\n<p class=\"has-foreground-color has-text-color has-link-color has-medium-font-size wp-elements-485f033380542f96d1931b6e00d12824\" style=\"margin-top:var(--wp--preset--spacing--50);margin-bottom:var(--wp--preset--spacing--50);padding-right:var(--wp--preset--spacing--50);padding-left:var(--wp--preset--spacing--50)\"><strong>Club INTERACT &#8211; MACC<\/strong><br><\/p>\n\n\n\n<ol style=\"margin-bottom:var(--wp--preset--spacing--60);padding-right:var(--wp--preset--spacing--60)\" class=\"wp-block-list has-foreground-color has-text-color has-link-color wp-elements-013ce4c3cd5ceea4166c31c595081178\">\n<li>El Club INTERACT por hacer parte de MACC se rige, adicionalmente, por todas sus directrices generales.<br><\/li>\n\n\n\n<li class=\"has-medium-font-size\">Al ser miembros del Club INTERACT, los estudiantes de 7mo a 12avo grado, tendr\u00e1n la oportunidad de participar en actividades de car\u00e1cter social, organizadas por el grupo.<br><\/li>\n\n\n\n<li>Las reuniones semanales son establecidas por la Junta Directiva en cabeza de su Presidente.<br><\/li>\n\n\n\n<li>A los miembros de \u200bINTERACT se les hace reconocimiento de participaci\u00f3n durante el a\u00f1o cuando el estudiante permanece durante todo el a\u00f1o escolar adscrito y participando un 80% de las actividades realizadas (50% actividades y 30% reuniones).<\/li>\n<\/ol>\n","protected":false},"excerpt":{"rendered":"<p>Pol\u00edticas de MACC El prop\u00f3sito principal del Club MACC, es ofrecer a la comunidad de estudiantes de la instituci\u00f3n educativa, de preescolar a 12avo grado, actividades deportivas, art\u00edsticas, de competencia global y liderazgo emprendedor. Consideraciones generales de MACC Club deportivo &#8211; MACC Club MUN (Modelo de las Naciones Unidas) &#8211; MACC Club INTERACT &#8211; MACC<\/p>\n","protected":false},"author":2,"featured_media":0,"parent":0,"menu_order":0,"comment_status":"closed","ping_status":"closed","template":"","meta":{"footnotes":""},"class_list":["post-1510","page","type-page","status-publish","hentry"],"_links":{"self":[{"href":"https:\/\/marymountbq.edu.co\/site\/wp-json\/wp\/v2\/pages\/1510","targetHints":{"allow":["GET"]}}],"collection":[{"href":"https:\/\/marymountbq.edu.co\/site\/wp-json\/wp\/v2\/pages"}],"about":[{"href":"https:\/\/marymountbq.edu.co\/site\/wp-json\/wp\/v2\/types\/page"}],"author":[{"embeddable":true,"href":"https:\/\/marymountbq.edu.co\/site\/wp-json\/wp\/v2\/users\/2"}],"replies":[{"embeddable":true,"href":"https:\/\/marymountbq.edu.co\/site\/wp-json\/wp\/v2\/comments?post=1510"}],"version-history":[{"count":8,"href":"https:\/\/marymountbq.edu.co\/site\/wp-json\/wp\/v2\/pages\/1510\/revisions"}],"predecessor-version":[{"id":5768,"href":"https:\/\/marymountbq.edu.co\/site\/wp-json\/wp\/v2\/pages\/1510\/revisions\/5768"}],"wp:attachment":[{"href":"https:\/\/marymountbq.edu.co\/site\/wp-json\/wp\/v2\/media?parent=1510"}],"curies":[{"name":"wp","href":"https:\/\/api.w.org\/{rel}","templated":true}]}}