 {"id":1442,"date":"2024-07-18T14:00:43","date_gmt":"2024-07-18T19:00:43","guid":{"rendered":"http:\/\/guid"},"modified":"2025-10-27T12:45:58","modified_gmt":"2025-10-27T17:45:58","slug":"clubes-estudiantiles","status":"publish","type":"page","link":"https:\/\/marymountbq.edu.co\/site\/clubes-estudiantiles\/","title":{"rendered":"Clubes estudiantiles"},"content":{"rendered":"\n<div class=\"wp-block-cover alignwide\" style=\"min-height:525px;aspect-ratio:unset;\"><img fetchpriority=\"high\" decoding=\"async\" width=\"1024\" height=\"683\" class=\"wp-block-cover__image-background wp-image-4732 size-large\" alt=\"\" src=\"https:\/\/marymountbq.edu.co\/site\/wp-content\/uploads\/2025\/08\/childprotectionmarymount2-1024x683.jpg\" data-object-fit=\"cover\" srcset=\"https:\/\/marymountbq.edu.co\/site\/wp-content\/uploads\/2025\/08\/childprotectionmarymount2-1024x683.jpg 1024w, https:\/\/marymountbq.edu.co\/site\/wp-content\/uploads\/2025\/08\/childprotectionmarymount2-300x200.jpg 300w, https:\/\/marymountbq.edu.co\/site\/wp-content\/uploads\/2025\/08\/childprotectionmarymount2-768x512.jpg 768w, https:\/\/marymountbq.edu.co\/site\/wp-content\/uploads\/2025\/08\/childprotectionmarymount2.jpg 1296w\" sizes=\"(max-width: 1024px) 100vw, 1024px\" \/><span aria-hidden=\"true\" class=\"wp-block-cover__background has-black-background-color has-background-dim-60 has-background-dim\"><\/span><div class=\"wp-block-cover__inner-container is-layout-constrained wp-block-cover-is-layout-constrained\">\n<p class=\"has-text-align-left has-foreground-alt-color has-text-color has-link-color has-x-large-font-size wp-elements-07efc9ddcee7165c90d3a6e26273e7ea\"><strong>Clubes estudiantiles<\/strong><\/p>\n<\/div><\/div>\n\n\n\n<p class=\"has-border-color has-background-border-color has-foreground-color has-text-color has-link-color has-medium-font-size wp-elements-ede94100524b2bb8432b2d06f72ad0e5\" style=\"border-width:41px;margin-right:0;margin-left:0;padding-right:0;padding-left:0\">Sensibilizar a nuestros estudiantes y promover en ellos la conciencia social a trav\u00e9s de su participaci\u00f3n en actividades de acci\u00f3n comunitaria es una de las responsabilidades m\u00e1s importantes adquiridas por el Colegio Marymount. <br><br>Somos conscientes de que a trav\u00e9s de ellas se permite la formaci\u00f3n de seres humanos integrales, potenciales agentes de cambio, comprometidos con el bien com\u00fan. <br><br>El servir a los dem\u00e1s es una experiencia que permite al estudiante desarrollar y compartir sus talentos, habilidades y conocimientos, adem\u00e1s de su reconocimiento como l\u00edder transformador al servicio de la comunidad. <br><br>En Marymount contamos con los siguientes clubes:<\/p>\n\n\n\n<div class=\"wp-block-cover is-light\" style=\"padding-right:0;padding-left:0;min-height:319px;aspect-ratio:unset;\"><span aria-hidden=\"true\" class=\"wp-block-cover__background has-background-dim-100 has-background-dim\" style=\"background-color:#ffffff\"><\/span><div class=\"wp-block-cover__inner-container is-layout-constrained wp-container-core-cover-is-layout-ed8de160 wp-block-cover-is-layout-constrained\">\n<div class=\"wp-block-media-text is-stacked-on-mobile is-image-fill-element\" style=\"margin-right:0;margin-left:0;padding-right:0;padding-left:0;grid-template-columns:22% auto\"><figure class=\"wp-block-media-text__media\"><img decoding=\"async\" width=\"768\" height=\"1024\" src=\"https:\/\/marymountbq.edu.co\/site\/wp-content\/uploads\/2025\/08\/PINTURA-768x1024.jpg\" alt=\"\" class=\"wp-image-4501 size-full\" style=\"object-position:28% 51%\" srcset=\"https:\/\/marymountbq.edu.co\/site\/wp-content\/uploads\/2025\/08\/PINTURA-768x1024.jpg 768w, https:\/\/marymountbq.edu.co\/site\/wp-content\/uploads\/2025\/08\/PINTURA-225x300.jpg 225w, https:\/\/marymountbq.edu.co\/site\/wp-content\/uploads\/2025\/08\/PINTURA.jpg 960w\" sizes=\"(max-width: 768px) 100vw, 768px\" \/><\/figure><div class=\"wp-block-media-text__content\">\n<h2 class=\"wp-block-heading has-foreground-color has-text-color has-big-font-size\" style=\"margin-top:var(--wp--preset--spacing--40);margin-right:0;margin-bottom:var(--wp--preset--spacing--40);margin-left:0\"><strong>Interact Club<\/strong><\/h2>\n\n\n\n<p class=\"has-foreground-color has-text-color has-medium-font-size\">Interact Marymount, asociado al Club Rotario Barranquilla, permite a estudiantes de 7\u00b0 a 12\u00b0 adquirir habilidades de liderazgo y servicio a la comunidad. Fundado en 2001, es uno de los clubes Interact m\u00e1s grandes del mundo, con un promedio de 150 participantes anuales.<\/p>\n\n\n\n<p class=\"has-foreground-color has-text-color has-medium-font-size\">Los miembros conocen y apoyan diversas fundaciones y comunidades, compartiendo con ni\u00f1os y ancianos, y organizando actividades para recaudar fondos. El club apoya principalmente a Fundemabu, obra social del Colegio Marymount, y a otras fundaciones como Hogar San Camilo, Asilo San Antonio, F\u00e1brica de Sonrisas, Sanar y Fundaci\u00f3n Andrea. Bajo el lema &#8220;Interact Marymount Cambia Vidas&#8221;, los estudiantes experimentan la verdadera felicidad ayudando a los dem\u00e1s.<\/p>\n\n\n\n<div class=\"wp-block-buttons is-layout-flex wp-block-buttons-is-layout-flex\">\n<div class=\"wp-block-button is-style-outline is-style-outline--1\"><a class=\"wp-block-button__link has-text-color has-link-color wp-element-button\" href=\"https:\/\/www.instagram.com\/interactmarymount\/\" style=\"color:#89b2da\" target=\"_blank\" rel=\"noreferrer noopener\">S\u00edguelos en sus redes sociales<\/a><\/div>\n<\/div>\n<\/div><\/div>\n\n\n\n<div style=\"height:77px\" aria-hidden=\"true\" class=\"wp-block-spacer\"><\/div>\n\n\n\n<div class=\"wp-block-media-text alignwide is-stacked-on-mobile is-vertically-aligned-center is-image-fill-element\" style=\"margin-right:0;margin-left:0;padding-right:0;padding-left:0;grid-template-columns:22% auto\"><figure class=\"wp-block-media-text__media\"><img decoding=\"async\" width=\"768\" height=\"1024\" src=\"https:\/\/marymountbq.edu.co\/site\/wp-content\/uploads\/2025\/08\/PLAYA-768x1024.jpg\" alt=\"\" class=\"wp-image-4502 size-full\" style=\"object-position:61% 49%\" srcset=\"https:\/\/marymountbq.edu.co\/site\/wp-content\/uploads\/2025\/08\/PLAYA-768x1024.jpg 768w, https:\/\/marymountbq.edu.co\/site\/wp-content\/uploads\/2025\/08\/PLAYA-225x300.jpg 225w, https:\/\/marymountbq.edu.co\/site\/wp-content\/uploads\/2025\/08\/PLAYA.jpg 960w\" sizes=\"(max-width: 768px) 100vw, 768px\" \/><\/figure><div class=\"wp-block-media-text__content\">\n<h2 class=\"wp-block-heading has-foreground-color has-text-color has-big-font-size\" style=\"margin-top:var(--wp--preset--spacing--40);margin-right:0;margin-bottom:var(--wp--preset--spacing--40);margin-left:0\"><strong>Green Club<\/strong><\/h2>\n\n\n\n<p class=\"has-foreground-color has-text-color has-medium-font-size\">Con el \u00e1nimo de sensibilizar a la comunidad educativa frente al cuidado del entorno y la necesidad de proteger y conservar el medio ambiente, se invit\u00f3 a los estudiantes del colegio a formar parte de un grupo ecol\u00f3gico.<\/p>\n\n\n\n<p class=\"has-foreground-color has-text-color has-medium-font-size\">En el a\u00f1o 2015, y bajo la iniciativa de algunos estudiantes de 11th y 12th grade, junto con las profesoras Ma. Esperanza Valbuena y Claudia Rinc\u00f3n, se crea el Green Club desde el 2015.&nbsp;A trav\u00e9s del Green Club se promueve una cultura ecol\u00f3gica, y&nbsp;actividades encaminadas a la educaci\u00f3n ambiental, y a la sensibilizaci\u00f3n, concientizaci\u00f3n, protecci\u00f3n y cuidado por el medio ambiente.<\/p>\n\n\n\n<p class=\"has-foreground-color has-text-color has-medium-font-size\">Dentro de las actividades realizadas se destacan &#8216;Sembrando Huellas&#8217;, una siembra de \u00e1rboles en el campus que integr\u00f3 a toda la comunidad Marymount, y la visita al Parque Natural Isla Salamanca, donde se toma como aula la&nbsp;naturaleza con el fin de desarrollar habilidades y competencias en torno al cuidado y&nbsp;conservaci\u00f3n del ambiente.<\/p>\n\n\n\n<div class=\"wp-block-buttons is-layout-flex wp-block-buttons-is-layout-flex\">\n<div class=\"wp-block-button is-style-outline is-style-outline--2\"><a class=\"wp-block-button__link has-text-color has-link-color wp-element-button\" href=\"https:\/\/www.instagram.com\/greenclubmm\/\" style=\"color:#89b2da\" target=\"_blank\" rel=\"noreferrer noopener\">S\u00edguelos en sus redes sociales<\/a><\/div>\n<\/div>\n<\/div><\/div>\n\n\n\n<div style=\"height:77px\" aria-hidden=\"true\" class=\"wp-block-spacer\"><\/div>\n\n\n\n<div class=\"wp-block-media-text alignwide is-stacked-on-mobile is-vertically-aligned-center is-image-fill-element\" style=\"margin-right:0;margin-left:0;padding-right:0;padding-left:0;grid-template-columns:22% auto\"><figure class=\"wp-block-media-text__media\"><img loading=\"lazy\" decoding=\"async\" width=\"768\" height=\"1024\" src=\"https:\/\/marymountbq.edu.co\/site\/wp-content\/uploads\/2025\/08\/Diseno-sin-titulo-1-768x1024.jpg\" alt=\"\" class=\"wp-image-4499 size-full\" style=\"object-position:50% 50%\" srcset=\"https:\/\/marymountbq.edu.co\/site\/wp-content\/uploads\/2025\/08\/Diseno-sin-titulo-1-768x1024.jpg 768w, https:\/\/marymountbq.edu.co\/site\/wp-content\/uploads\/2025\/08\/Diseno-sin-titulo-1-225x300.jpg 225w, https:\/\/marymountbq.edu.co\/site\/wp-content\/uploads\/2025\/08\/Diseno-sin-titulo-1.jpg 960w\" sizes=\"(max-width: 768px) 100vw, 768px\" \/><\/figure><div class=\"wp-block-media-text__content\">\n<h2 class=\"wp-block-heading has-foreground-color has-text-color has-big-font-size\" style=\"margin-top:var(--wp--preset--spacing--40);margin-right:0;margin-bottom:var(--wp--preset--spacing--40);margin-left:0\"><strong>MUN<\/strong><\/h2>\n\n\n\n<p class=\"has-foreground-color has-text-color has-medium-font-size\">El modelo de las Naciones Unidas (MUN) es un simulacro de la Asamblea General y de otros \u00f3rganos multilaterales de la ONU, en la que participan estudiantes de instituciones y universidades a nivel mundial. A trav\u00e9s de este programa no solo se busca involucrar a los j\u00f3venes en el estudio y la discusi\u00f3n de temas globales, sino fomentar en ellos el desarrollo de habilidades \u00fatiles a lo largo de sus vidas como la documentaci\u00f3n, redacci\u00f3n, oratoria, resoluci\u00f3n de problemas y conflictos, construcci\u00f3n de consenso, acuerdos y cooperaci\u00f3n.<\/p>\n\n\n\n<p class=\"has-foreground-color has-text-color has-medium-font-size\">Con el prop\u00f3sito de formar j\u00f3venes l\u00edderes, interesados en conocer m\u00e1s sobre pol\u00edtica, negocios y problem\u00e1ticas de su entorno local y global, Marymount inici\u00f3 el Club BAMUN hace aproximadamente 20 a\u00f1os.<\/p>\n\n\n\n<div class=\"wp-block-buttons is-layout-flex wp-block-buttons-is-layout-flex\">\n<div class=\"wp-block-button is-style-outline is-style-outline--3\"><a class=\"wp-block-button__link has-text-color has-link-color wp-element-button\" href=\"https:\/\/www.instagram.com\/bamunxxiii\/\" style=\"color:#89b2da\" target=\"_blank\" rel=\"noreferrer noopener\">S\u00edguelos en sus redes sociales<\/a><\/div>\n<\/div>\n<\/div><\/div>\n\n\n\n<div style=\"height:72px\" aria-hidden=\"true\" class=\"wp-block-spacer\"><\/div>\n\n\n\n<div class=\"wp-block-media-text alignwide is-stacked-on-mobile is-vertically-aligned-center is-image-fill-element\" style=\"margin-right:0;margin-left:0;padding-top:0;padding-right:0;padding-bottom:0;padding-left:0;grid-template-columns:22% auto\"><figure class=\"wp-block-media-text__media\"><img loading=\"lazy\" decoding=\"async\" width=\"1024\" height=\"683\" src=\"https:\/\/marymountbq.edu.co\/site\/wp-content\/uploads\/2024\/07\/img_9973-1-1-1024x683.jpg\" alt=\"\" class=\"wp-image-1450 size-full\" style=\"object-position:63% 53%\" srcset=\"https:\/\/marymountbq.edu.co\/site\/wp-content\/uploads\/2024\/07\/img_9973-1-1-1024x683.jpg 1024w, https:\/\/marymountbq.edu.co\/site\/wp-content\/uploads\/2024\/07\/img_9973-1-1-300x200.jpg 300w, https:\/\/marymountbq.edu.co\/site\/wp-content\/uploads\/2024\/07\/img_9973-1-1-768x512.jpg 768w, https:\/\/marymountbq.edu.co\/site\/wp-content\/uploads\/2024\/07\/img_9973-1-1-1536x1024.jpg 1536w, https:\/\/marymountbq.edu.co\/site\/wp-content\/uploads\/2024\/07\/img_9973-1-1-2048x1365.jpg 2048w\" sizes=\"(max-width: 1024px) 100vw, 1024px\" \/><\/figure><div class=\"wp-block-media-text__content\">\n<h2 class=\"wp-block-heading has-foreground-color has-text-color has-big-font-size\" style=\"margin-top:var(--wp--preset--spacing--40);margin-right:0;margin-bottom:var(--wp--preset--spacing--40);margin-left:0\"><strong>Dream Arts Club<\/strong><\/h2>\n\n\n\n<p class=\"has-foreground-color has-text-color has-medium-font-size\">Club de arte dise\u00f1ado con el fin de ofrecer a nuestra comunidad estudiantil las herramientas necesarias para el enriquecimiento art\u00edstico en busca del desarrollo acad\u00e9mico y el apoyo emocional de los integrantes, fomentando un espacio de aprendizaje seguro y fuera de prejuicios en donde tengan libertad de expresi\u00f3n y se les permita un crecimiento personal.<\/p>\n\n\n\n<p class=\"has-foreground-color has-text-color has-medium-font-size\">Esperamos que a trav\u00e9s de su experiencia con las artes, nuestros estudiantes encuentren una mejor relaci\u00f3n consigo mismo, con sus pasiones y con las personas que los rodean.<\/p>\n<\/div><\/div>\n<\/div><\/div>\n\n\n\n<p><\/p>\n","protected":false},"excerpt":{"rendered":"<p>Sensibilizar a nuestros estudiantes y promover en ellos la conciencia social a trav\u00e9s de su participaci\u00f3n en actividades de acci\u00f3n comunitaria es una de las responsabilidades m\u00e1s importantes adquiridas por el Colegio Marymount. Somos conscientes de que a trav\u00e9s de ellas se permite la formaci\u00f3n de seres humanos integrales, potenciales agentes de cambio, comprometidos con&#8230;<\/p>\n","protected":false},"author":2,"featured_media":0,"parent":0,"menu_order":0,"comment_status":"closed","ping_status":"closed","template":"","meta":{"footnotes":""},"class_list":["post-1442","page","type-page","status-publish","hentry"],"_links":{"self":[{"href":"https:\/\/marymountbq.edu.co\/site\/wp-json\/wp\/v2\/pages\/1442","targetHints":{"allow":["GET"]}}],"collection":[{"href":"https:\/\/marymountbq.edu.co\/site\/wp-json\/wp\/v2\/pages"}],"about":[{"href":"https:\/\/marymountbq.edu.co\/site\/wp-json\/wp\/v2\/types\/page"}],"author":[{"embeddable":true,"href":"https:\/\/marymountbq.edu.co\/site\/wp-json\/wp\/v2\/users\/2"}],"replies":[{"embeddable":true,"href":"https:\/\/marymountbq.edu.co\/site\/wp-json\/wp\/v2\/comments?post=1442"}],"version-history":[{"count":18,"href":"https:\/\/marymountbq.edu.co\/site\/wp-json\/wp\/v2\/pages\/1442\/revisions"}],"predecessor-version":[{"id":5422,"href":"https:\/\/marymountbq.edu.co\/site\/wp-json\/wp\/v2\/pages\/1442\/revisions\/5422"}],"wp:attachment":[{"href":"https:\/\/marymountbq.edu.co\/site\/wp-json\/wp\/v2\/media?parent=1442"}],"curies":[{"name":"wp","href":"https:\/\/api.w.org\/{rel}","templated":true}]}}