 {"id":1369,"date":"2024-07-17T13:20:41","date_gmt":"2024-07-17T18:20:41","guid":{"rendered":"http:\/\/guid"},"modified":"2025-11-10T10:29:03","modified_gmt":"2025-11-10T15:29:03","slug":"perfil-del-estudiante-marymount","status":"publish","type":"page","link":"https:\/\/marymountbq.edu.co\/site\/perfil-del-estudiante-marymount\/","title":{"rendered":"Perfil del Graduado Marymount"},"content":{"rendered":"\n<div class=\"wp-block-cover alignwide\" style=\"min-height:553px;aspect-ratio:unset;\"><img fetchpriority=\"high\" decoding=\"async\" width=\"5184\" height=\"3456\" class=\"wp-block-cover__image-background wp-image-921 size-full\" alt=\"\" src=\"https:\/\/marymountbq.edu.co\/site\/wp-content\/uploads\/2024\/07\/fachadamarymount2-1.jpg\" data-object-fit=\"cover\"\/><span aria-hidden=\"true\" class=\"wp-block-cover__background has-black-background-color has-background-dim-70 has-background-dim\"><\/span><div class=\"wp-block-cover__inner-container is-layout-constrained wp-container-core-cover-is-layout-c5bc7ae0 wp-block-cover-is-layout-constrained\">\n<p class=\"has-text-align-left has-x-large-font-size\"><strong>Perfil del Graduado Marymount<\/strong><\/p>\n<\/div><\/div>\n\n\n\n<figure class=\"wp-block-image size-full\" style=\"margin-top:var(--wp--preset--spacing--70);margin-bottom:var(--wp--preset--spacing--70)\"><img decoding=\"async\" width=\"2560\" height=\"1578\" src=\"https:\/\/marymountbq.edu.co\/site\/wp-content\/uploads\/2025\/10\/Mesa-de-trabajo-1-scaled.png\" alt=\"\" class=\"wp-image-5178\" srcset=\"https:\/\/marymountbq.edu.co\/site\/wp-content\/uploads\/2025\/10\/Mesa-de-trabajo-1-scaled.png 2560w, https:\/\/marymountbq.edu.co\/site\/wp-content\/uploads\/2025\/10\/Mesa-de-trabajo-1-300x185.png 300w, https:\/\/marymountbq.edu.co\/site\/wp-content\/uploads\/2025\/10\/Mesa-de-trabajo-1-1024x631.png 1024w, https:\/\/marymountbq.edu.co\/site\/wp-content\/uploads\/2025\/10\/Mesa-de-trabajo-1-768x473.png 768w, https:\/\/marymountbq.edu.co\/site\/wp-content\/uploads\/2025\/10\/Mesa-de-trabajo-1-1536x947.png 1536w, https:\/\/marymountbq.edu.co\/site\/wp-content\/uploads\/2025\/10\/Mesa-de-trabajo-1-2048x1263.png 2048w\" sizes=\"(max-width: 2560px) 100vw, 2560px\" \/><\/figure>\n\n\n\n<p class=\"has-foreground-color has-text-color has-link-color has-medium-font-size wp-elements-a216b07b41a65405008db56f4a48322f\" style=\"padding-right:var(--wp--preset--spacing--50);padding-left:var(--wp--preset--spacing--50)\">El <strong>\u201cPerfil del Graduado Marymount\u201d<\/strong> es una declaraci\u00f3n de lo que el colegio se compromete a promover en sus estudiantes. Es una visi\u00f3n hol\u00edstica de lo que la instituci\u00f3n espera que sean sus estudiantes a medida que avanzan en su educaci\u00f3n, reflejando no s\u00f3lo la formaci\u00f3n acad\u00e9mica sino tambi\u00e9n los objetivos m\u00e1s amplios de desarrollo del car\u00e1cter, liderazgo y mentalidad internacional. Ayuda a guiar el desarrollo curricular, las pr\u00e1cticas de ense\u00f1anza y los m\u00e9todos de evaluaci\u00f3n para garantizar que la experiencia educativa est\u00e9 alineada con los resultados previstos para los estudiantes.<\/p>\n\n\n\n<div style=\"height:20px\" aria-hidden=\"true\" class=\"wp-block-spacer\"><\/div>\n\n\n\n<figure class=\"wp-block-image size-full is-resized\"><img decoding=\"async\" width=\"2560\" height=\"674\" src=\"https:\/\/marymountbq.edu.co\/site\/wp-content\/uploads\/2024\/04\/Artboard-1-copia@2x-100-1-scaled.jpg\" alt=\"\" class=\"wp-image-3132\" style=\"width:1448px;height:auto\" srcset=\"https:\/\/marymountbq.edu.co\/site\/wp-content\/uploads\/2024\/04\/Artboard-1-copia@2x-100-1-scaled.jpg 2560w, https:\/\/marymountbq.edu.co\/site\/wp-content\/uploads\/2024\/04\/Artboard-1-copia@2x-100-1-300x79.jpg 300w, https:\/\/marymountbq.edu.co\/site\/wp-content\/uploads\/2024\/04\/Artboard-1-copia@2x-100-1-1024x269.jpg 1024w, https:\/\/marymountbq.edu.co\/site\/wp-content\/uploads\/2024\/04\/Artboard-1-copia@2x-100-1-768x202.jpg 768w, https:\/\/marymountbq.edu.co\/site\/wp-content\/uploads\/2024\/04\/Artboard-1-copia@2x-100-1-1536x404.jpg 1536w, https:\/\/marymountbq.edu.co\/site\/wp-content\/uploads\/2024\/04\/Artboard-1-copia@2x-100-1-2048x539.jpg 2048w\" sizes=\"(max-width: 2560px) 100vw, 2560px\" \/><\/figure>\n\n\n\n<figure class=\"wp-block-gallery has-nested-images columns-default is-cropped wp-block-gallery-1 is-layout-flex wp-block-gallery-is-layout-flex\">\n<figure class=\"wp-block-image size-large is-resized\" style=\"margin-top:var(--wp--preset--spacing--50);margin-bottom:var(--wp--preset--spacing--50)\"><img loading=\"lazy\" decoding=\"async\" width=\"982\" height=\"820\" data-id=\"1376\" src=\"https:\/\/marymountbq.edu.co\/site\/wp-content\/uploads\/2024\/07\/DEVICES.png\" alt=\"\" class=\"wp-image-1376\" style=\"width:633px;height:auto\" srcset=\"https:\/\/marymountbq.edu.co\/site\/wp-content\/uploads\/2024\/07\/DEVICES.png 982w, https:\/\/marymountbq.edu.co\/site\/wp-content\/uploads\/2024\/07\/DEVICES-300x251.png 300w, https:\/\/marymountbq.edu.co\/site\/wp-content\/uploads\/2024\/07\/DEVICES-768x641.png 768w\" sizes=\"(max-width: 982px) 100vw, 982px\" \/><\/figure>\n\n\n\n<figure class=\"wp-block-image size-large is-resized\" style=\"margin-top:var(--wp--preset--spacing--50);margin-bottom:var(--wp--preset--spacing--50)\"><img loading=\"lazy\" decoding=\"async\" width=\"1024\" height=\"852\" data-id=\"5790\" src=\"https:\/\/marymountbq.edu.co\/site\/wp-content\/uploads\/2025\/11\/DEV-1024x852.png\" alt=\"\" class=\"wp-image-5790\" style=\"width:633px;height:auto\" srcset=\"https:\/\/marymountbq.edu.co\/site\/wp-content\/uploads\/2025\/11\/DEV-1024x852.png 1024w, https:\/\/marymountbq.edu.co\/site\/wp-content\/uploads\/2025\/11\/DEV-300x250.png 300w, https:\/\/marymountbq.edu.co\/site\/wp-content\/uploads\/2025\/11\/DEV-768x639.png 768w, https:\/\/marymountbq.edu.co\/site\/wp-content\/uploads\/2025\/11\/DEV.png 1500w\" sizes=\"(max-width: 1024px) 100vw, 1024px\" \/><\/figure>\n<\/figure>\n\n\n\n<p class=\"has-foreground-color has-text-color has-link-color wp-elements-dfcd575658574ef4acad411594cda612\" style=\"padding-right:var(--wp--preset--spacing--50);padding-left:var(--wp--preset--spacing--50);font-size:clamp(14px, 0.875rem + ((1vw - 3.2px) * 0.375), 20px);\">El Perfil del Estudiante Marymount consta de 7 atributos espec\u00edficos. Estos atributos, conocidos como Marymount <strong>DEVICES<\/strong>, ayudar\u00e1n a los estudiantes a desarrollar sus proyectos de vida y transformarse en consecuencia. A trav\u00e9s de sus experiencias desde preescolar hasta el grado 12, los estudiantes del Colegio Marymount se convierten en:<\/p>\n\n\n\n<figure class=\"wp-block-gallery has-nested-images columns-default is-cropped wp-block-gallery-2 is-layout-flex wp-block-gallery-is-layout-flex\">\n<figure class=\"wp-block-image size-large is-resized\"><img loading=\"lazy\" decoding=\"async\" width=\"802\" height=\"1024\" data-id=\"1457\" src=\"https:\/\/marymountbq.edu.co\/site\/wp-content\/uploads\/2024\/07\/devices-con-definiciones-802x1024.png\" alt=\"\" class=\"wp-image-1457\" style=\"width:588px;height:auto\" srcset=\"https:\/\/marymountbq.edu.co\/site\/wp-content\/uploads\/2024\/07\/devices-con-definiciones-802x1024.png 802w, https:\/\/marymountbq.edu.co\/site\/wp-content\/uploads\/2024\/07\/devices-con-definiciones-235x300.png 235w, https:\/\/marymountbq.edu.co\/site\/wp-content\/uploads\/2024\/07\/devices-con-definiciones-768x980.png 768w, https:\/\/marymountbq.edu.co\/site\/wp-content\/uploads\/2024\/07\/devices-con-definiciones-1203x1536.png 1203w, https:\/\/marymountbq.edu.co\/site\/wp-content\/uploads\/2024\/07\/devices-con-definiciones-1604x2048.png 1604w, https:\/\/marymountbq.edu.co\/site\/wp-content\/uploads\/2024\/07\/devices-con-definiciones.png 1794w\" sizes=\"(max-width: 802px) 100vw, 802px\" \/><\/figure>\n\n\n\n<figure class=\"wp-block-image size-large is-resized\"><img loading=\"lazy\" decoding=\"async\" width=\"806\" height=\"1024\" data-id=\"5791\" src=\"https:\/\/marymountbq.edu.co\/site\/wp-content\/uploads\/2025\/11\/cuadros-806x1024.png\" alt=\"\" class=\"wp-image-5791\" style=\"width:588px;height:auto\" srcset=\"https:\/\/marymountbq.edu.co\/site\/wp-content\/uploads\/2025\/11\/cuadros-806x1024.png 806w, https:\/\/marymountbq.edu.co\/site\/wp-content\/uploads\/2025\/11\/cuadros-236x300.png 236w, https:\/\/marymountbq.edu.co\/site\/wp-content\/uploads\/2025\/11\/cuadros-768x976.png 768w, https:\/\/marymountbq.edu.co\/site\/wp-content\/uploads\/2025\/11\/cuadros.png 1188w\" sizes=\"(max-width: 806px) 100vw, 806px\" \/><\/figure>\n<\/figure>\n\n\n\n<div style=\"height:38px\" aria-hidden=\"true\" class=\"wp-block-spacer\"><\/div>\n\n\n\n<figure class=\"wp-block-embed is-type-video is-provider-youtube wp-block-embed-youtube wp-embed-aspect-16-9 wp-has-aspect-ratio\" style=\"margin-top:var(--wp--preset--spacing--60);margin-right:0;margin-bottom:var(--wp--preset--spacing--60);margin-left:0\"><div class=\"wp-block-embed__wrapper\">\n<iframe title=\"Retrato del perfil del graduado Marymount\" width=\"500\" height=\"281\" src=\"https:\/\/www.youtube.com\/embed\/4Sc6ai3IN_k?feature=oembed\" frameborder=\"0\" allow=\"accelerometer; autoplay; clipboard-write; encrypted-media; gyroscope; picture-in-picture; web-share\" referrerpolicy=\"strict-origin-when-cross-origin\" allowfullscreen><\/iframe>\n<\/div><\/figure>\n","protected":false},"excerpt":{"rendered":"<p>El \u201cPerfil del Graduado Marymount\u201d es una declaraci\u00f3n de lo que el colegio se compromete a promover en sus estudiantes. Es una visi\u00f3n hol\u00edstica de lo que la instituci\u00f3n espera que sean sus estudiantes a medida que avanzan en su educaci\u00f3n, reflejando no s\u00f3lo la formaci\u00f3n acad\u00e9mica sino tambi\u00e9n los objetivos m\u00e1s amplios de desarrollo&#8230;<\/p>\n","protected":false},"author":2,"featured_media":0,"parent":0,"menu_order":0,"comment_status":"closed","ping_status":"closed","template":"","meta":{"footnotes":""},"class_list":["post-1369","page","type-page","status-publish","hentry"],"_links":{"self":[{"href":"https:\/\/marymountbq.edu.co\/site\/wp-json\/wp\/v2\/pages\/1369","targetHints":{"allow":["GET"]}}],"collection":[{"href":"https:\/\/marymountbq.edu.co\/site\/wp-json\/wp\/v2\/pages"}],"about":[{"href":"https:\/\/marymountbq.edu.co\/site\/wp-json\/wp\/v2\/types\/page"}],"author":[{"embeddable":true,"href":"https:\/\/marymountbq.edu.co\/site\/wp-json\/wp\/v2\/users\/2"}],"replies":[{"embeddable":true,"href":"https:\/\/marymountbq.edu.co\/site\/wp-json\/wp\/v2\/comments?post=1369"}],"version-history":[{"count":19,"href":"https:\/\/marymountbq.edu.co\/site\/wp-json\/wp\/v2\/pages\/1369\/revisions"}],"predecessor-version":[{"id":5792,"href":"https:\/\/marymountbq.edu.co\/site\/wp-json\/wp\/v2\/pages\/1369\/revisions\/5792"}],"wp:attachment":[{"href":"https:\/\/marymountbq.edu.co\/site\/wp-json\/wp\/v2\/media?parent=1369"}],"curies":[{"name":"wp","href":"https:\/\/api.w.org\/{rel}","templated":true}]}}