 {"id":1037,"date":"2024-07-23T09:55:29","date_gmt":"2024-07-23T14:55:29","guid":{"rendered":"http:\/\/guid"},"modified":"2025-11-04T17:51:11","modified_gmt":"2025-11-04T22:51:11","slug":"recomendacion-escolar","status":"publish","type":"page","link":"https:\/\/marymountbq.edu.co\/site\/recomendacion-escolar\/","title":{"rendered":"Recomendaci\u00f3n escolar"},"content":{"rendered":"\n<h2 class=\"wp-block-heading\" style=\"margin-top:var(--wp--preset--spacing--40);margin-bottom:var(--wp--preset--spacing--40);padding-right:var(--wp--preset--spacing--50);padding-left:var(--wp--preset--spacing--50)\">Recomendaci\u00f3n escolar<\/h2>\n\n\n\n<p class=\"has-primary-color has-text-color has-link-color has-x-large-font-size wp-elements-21e82972729fe526bb86b30df53d00b1\" style=\"padding-right:var(--wp--preset--spacing--50);padding-left:var(--wp--preset--spacing--50);font-style:normal;font-weight:500\">Paso 5: Recomendaci\u00f3n escolar<\/p>\n\n\n\n<p class=\"has-foreground-color has-text-color has-link-color has-medium-font-size wp-elements-1ce6705216b04b6dc6fbec4472a8c90e\" style=\"padding-right:var(--wp--preset--spacing--50);padding-left:var(--wp--preset--spacing--50)\">Al diligenciar los datos, el colegio de procedencia tendr\u00e1 acceso al formulario para ingresar la recomendaci\u00f3n del estudiante.<\/p>\n\n\n\n<p class=\"has-vivid-red-color has-text-color has-link-color has-medium-font-size wp-elements-347379b2917f8ef2783133e8b42a4100\" style=\"padding-right:var(--wp--preset--spacing--50);padding-left:var(--wp--preset--spacing--50)\"><strong>Recuerda: Para continuar con este paso debes haber realizado los anteriores.<\/strong><\/p>\n\n\n<p><iframe id=\"blockrandom\" class=\"wrapper\" style=\"height: 560px;\" title=\"Recomendaci\u00f3n escolar\" src=\"https:\/\/eagle.marymountbq.edu.co\/aplicativos\/admisionesplus_ultimo\/recomendacionEscolar.php\" name=\"iframe\" width=\"100%\" height=\"500\" frameborder=\"0\" scrolling=\"auto\"><br \/>\n\t\tThis option will not work correctly. Unfortunately, your browser does not support inline frames.\t<\/iframe><\/p>","protected":false},"excerpt":{"rendered":"<p>Recomendaci\u00f3n escolar Paso 5: Recomendaci\u00f3n escolar Al diligenciar los datos, el colegio de procedencia tendr\u00e1 acceso al formulario para ingresar la recomendaci\u00f3n del estudiante. Recuerda: Para continuar con este paso debes haber realizado los anteriores. This option will not work correctly. Unfortunately, your browser does not support inline frames.<\/p>\n","protected":false},"author":2,"featured_media":0,"parent":0,"menu_order":0,"comment_status":"closed","ping_status":"closed","template":"","meta":{"footnotes":""},"class_list":["post-1037","page","type-page","status-publish","hentry"],"_links":{"self":[{"href":"https:\/\/marymountbq.edu.co\/site\/wp-json\/wp\/v2\/pages\/1037","targetHints":{"allow":["GET"]}}],"collection":[{"href":"https:\/\/marymountbq.edu.co\/site\/wp-json\/wp\/v2\/pages"}],"about":[{"href":"https:\/\/marymountbq.edu.co\/site\/wp-json\/wp\/v2\/types\/page"}],"author":[{"embeddable":true,"href":"https:\/\/marymountbq.edu.co\/site\/wp-json\/wp\/v2\/users\/2"}],"replies":[{"embeddable":true,"href":"https:\/\/marymountbq.edu.co\/site\/wp-json\/wp\/v2\/comments?post=1037"}],"version-history":[{"count":6,"href":"https:\/\/marymountbq.edu.co\/site\/wp-json\/wp\/v2\/pages\/1037\/revisions"}],"predecessor-version":[{"id":5575,"href":"https:\/\/marymountbq.edu.co\/site\/wp-json\/wp\/v2\/pages\/1037\/revisions\/5575"}],"wp:attachment":[{"href":"https:\/\/marymountbq.edu.co\/site\/wp-json\/wp\/v2\/media?parent=1037"}],"curies":[{"name":"wp","href":"https:\/\/api.w.org\/{rel}","templated":true}]}}