 {"id":1031,"date":"2024-07-23T09:54:52","date_gmt":"2024-07-23T14:54:52","guid":{"rendered":"http:\/\/guid"},"modified":"2025-10-27T12:03:06","modified_gmt":"2025-10-27T17:03:06","slug":"carga-de-documentos","status":"publish","type":"page","link":"https:\/\/marymountbq.edu.co\/site\/carga-de-documentos\/","title":{"rendered":"Carga de documentos"},"content":{"rendered":"\n<p class=\"has-foreground-color has-text-color has-link-color has-poppins-font-family has-x-large-font-size wp-elements-b0af603bb9368721a839e606ce9185e2\" style=\"margin-top:var(--wp--preset--spacing--50);margin-bottom:var(--wp--preset--spacing--50)\"><strong>Paso 3<\/strong><\/p>\n\n\n\n<p class=\"has-border-color has-background-border-color has-vivid-red-color has-text-color has-link-color has-medium-font-size wp-elements-35d733ac7261b6ef617d9518469f5381\" style=\"border-width:20px;margin-right:var(--wp--preset--spacing--30);margin-left:var(--wp--preset--spacing--30)\"><strong>Recuerda para haber realizado este paso, debes haber realizado los anteriores<\/strong>.<\/p>\n\n\n\n<ul class=\"wp-block-list has-foreground-color has-text-color has-link-color wp-elements-c98d9679eaf2ec91bba71edc70025993\">\n<li class=\"has-medium-font-size\">Al diligenciar estos datos b\u00e1sicos tendr\u00e1s acceso a la carga de documentos. Una vez ingreses, utiliza el bot\u00f3n &#8216;Subir&#8217; para cargar tus documentos.<\/li>\n\n\n\n<li class=\"has-medium-font-size\">Si deseas subir los documentos de ambos padres, ten en cuenta que debes unirlos en un solo archivo y proceder a cargarlo.<\/li>\n<\/ul>\n\n\n<p><iframe id=\"blockrandom\" class=\"wrapper\" style=\"height: 560px;\" title=\" Requisitos\" src=\"https:\/\/eagle.marymountbq.edu.co\/aplicativos\/admisionesplus_ultimo\/carguedocumentos.php\" name=\"iframe\" width=\"100%\" height=\"500\" frameborder=\"0\" scrolling=\"auto\"><br \/>\n\t\tThis option will not work correctly. Unfortunately, your browser does not support inline frames.\t<\/iframe><\/p>\n\n\n<p><\/p>\n","protected":false},"excerpt":{"rendered":"<p>Paso 3 Recuerda para haber realizado este paso, debes haber realizado los anteriores. This option will not work correctly. Unfortunately, your browser does not support inline frames.<\/p>\n","protected":false},"author":2,"featured_media":0,"parent":0,"menu_order":0,"comment_status":"closed","ping_status":"closed","template":"","meta":{"footnotes":""},"class_list":["post-1031","page","type-page","status-publish","hentry"],"_links":{"self":[{"href":"https:\/\/marymountbq.edu.co\/site\/wp-json\/wp\/v2\/pages\/1031","targetHints":{"allow":["GET"]}}],"collection":[{"href":"https:\/\/marymountbq.edu.co\/site\/wp-json\/wp\/v2\/pages"}],"about":[{"href":"https:\/\/marymountbq.edu.co\/site\/wp-json\/wp\/v2\/types\/page"}],"author":[{"embeddable":true,"href":"https:\/\/marymountbq.edu.co\/site\/wp-json\/wp\/v2\/users\/2"}],"replies":[{"embeddable":true,"href":"https:\/\/marymountbq.edu.co\/site\/wp-json\/wp\/v2\/comments?post=1031"}],"version-history":[{"count":6,"href":"https:\/\/marymountbq.edu.co\/site\/wp-json\/wp\/v2\/pages\/1031\/revisions"}],"predecessor-version":[{"id":5389,"href":"https:\/\/marymountbq.edu.co\/site\/wp-json\/wp\/v2\/pages\/1031\/revisions\/5389"}],"wp:attachment":[{"href":"https:\/\/marymountbq.edu.co\/site\/wp-json\/wp\/v2\/media?parent=1031"}],"curies":[{"name":"wp","href":"https:\/\/api.w.org\/{rel}","templated":true}]}}